{"id":321,"date":"2025-05-07T12:00:31","date_gmt":"2025-05-07T12:00:31","guid":{"rendered":"https:\/\/lamisilonce.be\/?page_id=321"},"modified":"2025-11-26T13:18:50","modified_gmt":"2025-11-26T13:18:50","slug":"mycoses-de-la-peau","status":"publish","type":"page","link":"https:\/\/lamisilonce.be\/fr\/mycoses-de-la-peau\/","title":{"rendered":"Mycoses de la peau"},"content":{"rendered":"\n<div class=\"wp-block-karopharma-free-text pt-large pb-small bg-center bg-cover bg-no-repeat\" style=\"background-image:url()\"><div class=\"free-text-wrapper container max-w-medium text-center\">\n<h1 class=\"wp-block-heading has-text-align-center is-style-heading-huge has-secondary-color has-text-color\"><em>Mycoses de la peau<\/em><\/h1>\n\n\n\n<div class=\"wp-block-buttons is-content-justification-center is-layout-flex wp-container-core-buttons-is-layout-16018d1d wp-block-buttons-is-layout-flex\">\n<div class=\"wp-block-button\"><a class=\"wp-block-button__link wp-element-button\" href=\"https:\/\/lamisilonce.be\/fr\/mycoses-de-la-peau\/quest-ce-que-la-mycose-de-la-peau\/\">Qu\u2019est-ce que la mycose de la peau ?<\/a><\/div>\n\n\n\n<div class=\"wp-block-button\"><a class=\"wp-block-button__link wp-element-button\" href=\"https:\/\/lamisilonce.be\/fr\/mycoses-de-la-peau\/la-mycose-des-plis-cutanes\/\">La mycose des plis cutan\u00e9s<\/a><\/div>\n\n\n\n<div class=\"wp-block-button\"><a class=\"wp-block-button__link wp-element-button\" href=\"https:\/\/lamisilonce.be\/fr\/mycoses-de-la-peau\/la-mycose-des-surfaces\/\">La mycose des surfaces<\/a><\/div>\n<\/div>\n<\/div><\/div>\n\n\n<div class=\"product-list wp-block-karopharma-product-list\" data-testid=\"product-list\">\n      <div class=\"swiper-container\">\n      <div class=\"swiper\">\n        <div class=\"swiper-wrapper\">\n                      <div class=\"swiper-slide\">\n              <div class=\"product-card\" data-testid=\"product-card\">\n  <a\n    href=https:\/\/lamisilonce.be\/fr\/product\/lamisil-once\/\n    class=\"product-card-link\"\n    title=\"Lamisil Once\"\n  >\n  <figure class=\"product-card-image\" data-testid=\"product-image\">\n                          <img decoding=\"async\" src=\"https:\/\/lamisilonce.be\/cdn-cgi\/image\/width=700,format=auto\/app\/uploads\/2025\/05\/Box-Tube-ONCE-BE_LU.png\"\n        srcset=\"https:\/\/lamisilonce.be\/cdn-cgi\/image\/width=250,format=auto\/app\/uploads\/2025\/05\/Box-Tube-ONCE-BE_LU.png 250w,\n                https:\/\/lamisilonce.be\/cdn-cgi\/image\/width=500,format=auto\/app\/uploads\/2025\/05\/Box-Tube-ONCE-BE_LU.png 500w,\n                https:\/\/lamisilonce.be\/cdn-cgi\/image\/width=700,format=auto\/app\/uploads\/2025\/05\/Box-Tube-ONCE-BE_LU.png 700w\"\n        sizes=\"(max-width: 400px) 250px, (max-width: 800px) 500px, 700px\"\n        alt=\"Lamisil Once\"\n        class=\"img\">\n            <\/figure>\n    <div class=\"product-card-content\">\n      <div class=\"heading-wrapper\">\n        <h2 class=\"heading\">Lamisil Once<\/h2>\n      <\/div>\n      <div class=\"product-card-description\">Traite et oublie : <br>\nApplication unique &#8211; agit jusqu&#8217;\u00e0 13 jours. <br>\nAide \u00e0 lutter contre la mycose du pied avec seulement une application.<\/div>\n                      <\/div>\n  <\/a>\n      <div class=\"button-wrapper\">\n    <a\n      href=https:\/\/lamisilonce.be\/fr\/product\/lamisil-once\/\n      target=_self\n      class=\"theme-button button-primary-color rounded-button\"\n      rel=\"noopener\"\n      title=\"En savoir plus\"\n    >\n       En savoir plus\n    <\/a>\n<\/div>  <\/div>\n            <\/div>\n                      <div class=\"swiper-slide\">\n              <div class=\"product-card\" data-testid=\"product-card\">\n  <a\n    href=https:\/\/lamisilonce.be\/fr\/product\/lamisil-creme\/\n    class=\"product-card-link\"\n    title=\"Lamisil Cr\u00e8me\"\n  >\n  <figure class=\"product-card-image\" data-testid=\"product-image\">\n                          <img decoding=\"async\" src=\"https:\/\/lamisilonce.be\/cdn-cgi\/image\/width=700,format=auto\/app\/uploads\/2025\/05\/Lamisil-Cream-15g.png\"\n        srcset=\"https:\/\/lamisilonce.be\/cdn-cgi\/image\/width=250,format=auto\/app\/uploads\/2025\/05\/Lamisil-Cream-15g.png 250w,\n                https:\/\/lamisilonce.be\/cdn-cgi\/image\/width=500,format=auto\/app\/uploads\/2025\/05\/Lamisil-Cream-15g.png 500w,\n                https:\/\/lamisilonce.be\/cdn-cgi\/image\/width=700,format=auto\/app\/uploads\/2025\/05\/Lamisil-Cream-15g.png 700w\"\n        sizes=\"(max-width: 400px) 250px, (max-width: 800px) 500px, 700px\"\n        alt=\"Lamisil Cr\u00e8me\"\n        class=\"img\">\n            <\/figure>\n    <div class=\"product-card-content\">\n      <div class=\"heading-wrapper\">\n        <h2 class=\"heading\">Lamisil Cr\u00e8me<\/h2>\n      <\/div>\n      <div class=\"product-card-description\">Contre les mycoses des pieds, les mycoses des surfaces et les mycoses des plis cutan\u00e9s :<br>1. Tue le champignon<br>2. Apaise les sympt\u00f4mes<\/div>\n                      <\/div>\n  <\/a>\n      <div class=\"button-wrapper\">\n    <a\n      href=https:\/\/lamisilonce.be\/fr\/product\/lamisil-creme\/\n      target=_self\n      class=\"theme-button button-primary-color rounded-button\"\n      rel=\"noopener\"\n      title=\"En savoir plus\"\n    >\n       En savoir plus\n    <\/a>\n<\/div>  <\/div>\n            <\/div>\n                      <div class=\"swiper-slide\">\n              <div class=\"product-card\" data-testid=\"product-card\">\n  <a\n    href=https:\/\/lamisilonce.be\/fr\/product\/lamisil-dermgel\/\n    class=\"product-card-link\"\n    title=\"Lamisil Dermgel\"\n  >\n  <figure class=\"product-card-image\" data-testid=\"product-image\">\n                          <img decoding=\"async\" src=\"https:\/\/lamisilonce.be\/cdn-cgi\/image\/width=700,format=auto\/app\/uploads\/2025\/05\/Box-Tube-Gel.png\"\n        srcset=\"https:\/\/lamisilonce.be\/cdn-cgi\/image\/width=250,format=auto\/app\/uploads\/2025\/05\/Box-Tube-Gel.png 250w,\n                https:\/\/lamisilonce.be\/cdn-cgi\/image\/width=500,format=auto\/app\/uploads\/2025\/05\/Box-Tube-Gel.png 500w,\n                https:\/\/lamisilonce.be\/cdn-cgi\/image\/width=700,format=auto\/app\/uploads\/2025\/05\/Box-Tube-Gel.png 700w\"\n        sizes=\"(max-width: 400px) 250px, (max-width: 800px) 500px, 700px\"\n        alt=\"Lamisil Dermgel\"\n        class=\"img\">\n            <\/figure>\n    <div class=\"product-card-content\">\n      <div class=\"heading-wrapper\">\n        <h2 class=\"heading\">Lamisil Dermgel<\/h2>\n      <\/div>\n      <div class=\"product-card-description\">Contre les mycoses des pieds, les mycoses des surfaces et les mycoses des plis cutan\u00e9s : <br>1. Tue le champignon <br>2. Apaise les sympt\u00f4mes <br>3. Rafra\u00eechit la peau<\/div>\n                      <\/div>\n  <\/a>\n      <div class=\"button-wrapper\">\n    <a\n      href=https:\/\/lamisilonce.be\/fr\/product\/lamisil-dermgel\/\n      target=_self\n      class=\"theme-button button-primary-color rounded-button\"\n      rel=\"noopener\"\n      title=\"En savoir plus\"\n    >\n       En savoir plus\n    <\/a>\n<\/div>  <\/div>\n            <\/div>\n                  <\/div>\n        <div class=\"swiper-scrollbar\"><\/div>\n      <\/div>\n    <\/div>\n  <\/div>\n","protected":false},"excerpt":{"rendered":"","protected":false},"author":2,"featured_media":0,"parent":0,"menu_order":0,"comment_status":"closed","ping_status":"closed","template":"","meta":{"_acf_changed":false,"footnotes":""},"from-article-database":[],"class_list":["post-321","page","type-page","status-publish","hentry"],"acf":[],"yoast_head":"<!-- This site is optimized with the Yoast SEO plugin v26.6 - https:\/\/yoast.com\/wordpress\/plugins\/seo\/ -->\n<title>Mycoses de la peau - Lamisil<\/title>\n<meta name=\"description\" content=\"Qu&#039;est-ce que la mycose de la peau ? L&#039;ecz\u00e9ma margin\u00e9 - Teigne\" \/>\n<meta name=\"robots\" content=\"index, follow, max-snippet:-1, max-image-preview:large, max-video-preview:-1\" \/>\n<link rel=\"canonical\" href=\"https:\/\/lamisilonce.be\/fr\/mycoses-de-la-peau\/\" \/>\n<meta property=\"og:locale\" content=\"fr_FR\" \/>\n<meta property=\"og:type\" content=\"article\" \/>\n<meta property=\"og:title\" content=\"Mycoses de la peau - Lamisil\" \/>\n<meta property=\"og:description\" content=\"Qu&#039;est-ce que la mycose de la peau ? L&#039;ecz\u00e9ma margin\u00e9 - Teigne\" \/>\n<meta property=\"og:url\" content=\"https:\/\/lamisilonce.be\/fr\/mycoses-de-la-peau\/\" \/>\n<meta property=\"og:site_name\" content=\"Lamisil\" \/>\n<meta property=\"article:modified_time\" content=\"2025-11-26T13:18:50+00:00\" \/>\n<meta name=\"twitter:card\" content=\"summary_large_image\" \/>\n<meta name=\"twitter:label1\" content=\"Est. reading time\" \/>\n\t<meta name=\"twitter:data1\" content=\"1 minute\" \/>\n<script type=\"application\/ld+json\" class=\"yoast-schema-graph\">{\"@context\":\"https:\/\/schema.org\",\"@graph\":[{\"@type\":\"WebPage\",\"@id\":\"https:\/\/lamisilonce.be\/fr\/mycoses-de-la-peau\/\",\"url\":\"https:\/\/lamisilonce.be\/fr\/mycoses-de-la-peau\/\",\"name\":\"Mycoses de la peau - Lamisil\",\"isPartOf\":{\"@id\":\"https:\/\/lamisilonce.be\/fr\/#website\"},\"datePublished\":\"2025-05-07T12:00:31+00:00\",\"dateModified\":\"2025-11-26T13:18:50+00:00\",\"description\":\"Qu'est-ce que la mycose de la peau ? L'ecz\u00e9ma margin\u00e9 - Teigne\",\"breadcrumb\":{\"@id\":\"https:\/\/lamisilonce.be\/fr\/mycoses-de-la-peau\/#breadcrumb\"},\"inLanguage\":\"fr-BE\",\"potentialAction\":[{\"@type\":\"ReadAction\",\"target\":[\"https:\/\/lamisilonce.be\/fr\/mycoses-de-la-peau\/\"]}]},{\"@type\":\"BreadcrumbList\",\"@id\":\"https:\/\/lamisilonce.be\/fr\/mycoses-de-la-peau\/#breadcrumb\",\"itemListElement\":[{\"@type\":\"ListItem\",\"position\":1,\"name\":\"Home\",\"item\":\"https:\/\/lamisilonce.be\/fr\/\"},{\"@type\":\"ListItem\",\"position\":2,\"name\":\"Mycoses de la peau\"}]},{\"@type\":\"WebSite\",\"@id\":\"https:\/\/lamisilonce.be\/fr\/#website\",\"url\":\"https:\/\/lamisilonce.be\/fr\/\",\"name\":\"Lamisil\",\"description\":\"\",\"publisher\":{\"@id\":\"https:\/\/lamisilonce.be\/fr\/#organization\"},\"potentialAction\":[{\"@type\":\"SearchAction\",\"target\":{\"@type\":\"EntryPoint\",\"urlTemplate\":\"https:\/\/lamisilonce.be\/fr\/?s={search_term_string}\"},\"query-input\":{\"@type\":\"PropertyValueSpecification\",\"valueRequired\":true,\"valueName\":\"search_term_string\"}}],\"inLanguage\":\"fr-BE\"},{\"@type\":\"Organization\",\"@id\":\"https:\/\/lamisilonce.be\/fr\/#organization\",\"name\":\"Lamisil\",\"url\":\"https:\/\/lamisilonce.be\/fr\/\",\"logo\":{\"@type\":\"ImageObject\",\"inLanguage\":\"fr-BE\",\"@id\":\"https:\/\/lamisilonce.be\/fr\/#\/schema\/logo\/image\/\",\"url\":\"https:\/\/lamisilonce.be\/app\/uploads\/2024\/02\/Lamisil-logo.png\",\"contentUrl\":\"https:\/\/lamisilonce.be\/app\/uploads\/2024\/02\/Lamisil-logo.png\",\"width\":207,\"height\":32,\"caption\":\"Lamisil\"},\"image\":{\"@id\":\"https:\/\/lamisilonce.be\/fr\/#\/schema\/logo\/image\/\"}}]}<\/script>\n<!-- \/ Yoast SEO plugin. -->","yoast_head_json":{"title":"Mycoses de la peau - Lamisil","description":"Qu'est-ce que la mycose de la peau ? L'ecz\u00e9ma margin\u00e9 - Teigne","robots":{"index":"index","follow":"follow","max-snippet":"max-snippet:-1","max-image-preview":"max-image-preview:large","max-video-preview":"max-video-preview:-1"},"canonical":"https:\/\/lamisilonce.be\/fr\/mycoses-de-la-peau\/","og_locale":"fr_FR","og_type":"article","og_title":"Mycoses de la peau - Lamisil","og_description":"Qu'est-ce que la mycose de la peau ? L'ecz\u00e9ma margin\u00e9 - Teigne","og_url":"https:\/\/lamisilonce.be\/fr\/mycoses-de-la-peau\/","og_site_name":"Lamisil","article_modified_time":"2025-11-26T13:18:50+00:00","twitter_card":"summary_large_image","twitter_misc":{"Est. reading time":"1 minute"},"schema":{"@context":"https:\/\/schema.org","@graph":[{"@type":"WebPage","@id":"https:\/\/lamisilonce.be\/fr\/mycoses-de-la-peau\/","url":"https:\/\/lamisilonce.be\/fr\/mycoses-de-la-peau\/","name":"Mycoses de la peau - Lamisil","isPartOf":{"@id":"https:\/\/lamisilonce.be\/fr\/#website"},"datePublished":"2025-05-07T12:00:31+00:00","dateModified":"2025-11-26T13:18:50+00:00","description":"Qu'est-ce que la mycose de la peau ? L'ecz\u00e9ma margin\u00e9 - Teigne","breadcrumb":{"@id":"https:\/\/lamisilonce.be\/fr\/mycoses-de-la-peau\/#breadcrumb"},"inLanguage":"fr-BE","potentialAction":[{"@type":"ReadAction","target":["https:\/\/lamisilonce.be\/fr\/mycoses-de-la-peau\/"]}]},{"@type":"BreadcrumbList","@id":"https:\/\/lamisilonce.be\/fr\/mycoses-de-la-peau\/#breadcrumb","itemListElement":[{"@type":"ListItem","position":1,"name":"Home","item":"https:\/\/lamisilonce.be\/fr\/"},{"@type":"ListItem","position":2,"name":"Mycoses de la peau"}]},{"@type":"WebSite","@id":"https:\/\/lamisilonce.be\/fr\/#website","url":"https:\/\/lamisilonce.be\/fr\/","name":"Lamisil","description":"","publisher":{"@id":"https:\/\/lamisilonce.be\/fr\/#organization"},"potentialAction":[{"@type":"SearchAction","target":{"@type":"EntryPoint","urlTemplate":"https:\/\/lamisilonce.be\/fr\/?s={search_term_string}"},"query-input":{"@type":"PropertyValueSpecification","valueRequired":true,"valueName":"search_term_string"}}],"inLanguage":"fr-BE"},{"@type":"Organization","@id":"https:\/\/lamisilonce.be\/fr\/#organization","name":"Lamisil","url":"https:\/\/lamisilonce.be\/fr\/","logo":{"@type":"ImageObject","inLanguage":"fr-BE","@id":"https:\/\/lamisilonce.be\/fr\/#\/schema\/logo\/image\/","url":"https:\/\/lamisilonce.be\/app\/uploads\/2024\/02\/Lamisil-logo.png","contentUrl":"https:\/\/lamisilonce.be\/app\/uploads\/2024\/02\/Lamisil-logo.png","width":207,"height":32,"caption":"Lamisil"},"image":{"@id":"https:\/\/lamisilonce.be\/fr\/#\/schema\/logo\/image\/"}}]}},"_links":{"self":[{"href":"https:\/\/lamisilonce.be\/fr\/wp-json\/wp\/v2\/pages\/321","targetHints":{"allow":["GET"]}}],"collection":[{"href":"https:\/\/lamisilonce.be\/fr\/wp-json\/wp\/v2\/pages"}],"about":[{"href":"https:\/\/lamisilonce.be\/fr\/wp-json\/wp\/v2\/types\/page"}],"author":[{"embeddable":true,"href":"https:\/\/lamisilonce.be\/fr\/wp-json\/wp\/v2\/users\/2"}],"replies":[{"embeddable":true,"href":"https:\/\/lamisilonce.be\/fr\/wp-json\/wp\/v2\/comments?post=321"}],"version-history":[{"count":4,"href":"https:\/\/lamisilonce.be\/fr\/wp-json\/wp\/v2\/pages\/321\/revisions"}],"predecessor-version":[{"id":628,"href":"https:\/\/lamisilonce.be\/fr\/wp-json\/wp\/v2\/pages\/321\/revisions\/628"}],"wp:attachment":[{"href":"https:\/\/lamisilonce.be\/fr\/wp-json\/wp\/v2\/media?parent=321"}],"wp:term":[{"taxonomy":"from-article-database","embeddable":true,"href":"https:\/\/lamisilonce.be\/fr\/wp-json\/wp\/v2\/from-article-database?post=321"}],"curies":[{"name":"wp","href":"https:\/\/api.w.org\/{rel}","templated":true}]}}