{"id":325,"date":"2025-05-07T12:02:20","date_gmt":"2025-05-07T12:02:20","guid":{"rendered":"https:\/\/lamisilonce.be\/?page_id=325"},"modified":"2025-11-26T13:18:49","modified_gmt":"2025-11-26T13:18:49","slug":"la-mycose-des-surfaces","status":"publish","type":"page","link":"https:\/\/lamisilonce.be\/fr\/mycoses-de-la-peau\/la-mycose-des-surfaces\/","title":{"rendered":"La mycose des surfaces"},"content":{"rendered":"\n<div class=\"wp-block-karopharma-background-image-with-text-v2 background-image-with-text-v2 undefined content-position-left fixed-height-layout svarttext\" datatest=\"root\"><div class=\"background-image-with-text-wrapper\"><picture class=\"background-image-with-text-image\"><source media=\"(max-width: 560px)\" srcset=\"https:\/\/lamisilonce.be\/cdn-cgi\/image\/format=auto,width=560\/app\/uploads\/2025\/05\/background-ringworm.jpg\"\/><source media=\"(max-width: 800px)\" srcset=\"https:\/\/lamisilonce.be\/cdn-cgi\/image\/format=auto,width=800\/app\/uploads\/2025\/05\/background-ringworm.jpg\"\/><source media=\"(max-width: 1920px)\" srcset=\"https:\/\/lamisilonce.be\/cdn-cgi\/image\/format=auto,width=1920\/app\/uploads\/2025\/05\/background-ringworm.jpg\"\/><img decoding=\"async\" width=\"1920\" height=\"600\" datatest=\"background-image\" loading=\"lazy\" class=\"object-center object-cover\" src=\"https:\/\/lamisilonce.be\/cdn-cgi\/image\/format=auto\/app\/uploads\/2025\/05\/background-ringworm.jpg\" alt=\"background-ringworm\"\/><\/picture><div datatest=\"content-wrapper\" class=\"background-image-with-text-content-wrapper container max-w-medium text-alignment-left  pt-large pb-large\"><div class=\"content\"><h1 datatest=\"heading\" class=\"responsive-heading\"><em>La mycose des surfaces &#8211; Traitement et pr\u00e9vention<\/em><\/h1><p class=\"body\" datatest=\"body\">Les m\u00e9dicaments Lamisil contiennent de la terbinafine. Outre le traitement de la mycose du pied, les m\u00e9dicaments Lamisil conviennent \u00e9galement au traitement de la mycose des surfaces.<\/p>\n<div class=\"wp-block-buttons is-layout-flex wp-block-buttons-is-layout-flex\">\n<div class=\"wp-block-button\"><a class=\"wp-block-button__link wp-element-button\" href=\"https:\/\/lamisilonce.be\/fr\/product\/lamisil-creme\/\">Lamisil Cr\u00e8me pour le traitement de la mycose des surfaces<\/a><\/div>\n\n\n\n<div class=\"wp-block-button\"><a class=\"wp-block-button__link wp-element-button\" href=\"https:\/\/lamisilonce.be\/fr\/product\/lamisil-dermgel\/\">Lamisil Dermgel pour le traitement de la mycose des surfaces<\/a><\/div>\n<\/div>\n<\/div><\/div><\/div><\/div>\n\n\n\n<div class=\"wp-block-karopharma-free-text pt-large pb-medium bg-center bg-cover bg-no-repeat\" style=\"background-image:url()\"><div class=\"free-text-wrapper container max-w-medium text-center\">\n<h2 class=\"wp-block-heading is-style-heading-h2\">Comment Lamisil Cr\u00e8me agit-elle contre la mycose des surfaces?<\/h2>\n<\/div><\/div>\n\n\n\n<div class=\"wp-block-karopharma-several-images-with-text several-images-with-text is-style-transparent\"><div class=\"container large col-1 content-align-center\" test-data=\"inner-content\">\n<section class=\"wp-block-karopharma-image-with-text image-with-text image-with-text__full-width\"><div class=\"image-with-text-container \"><div class=\"image-with-text-container-image-container\"><img decoding=\"async\" loading=\"lazy\" src=\"https:\/\/lamisilonce.be\/cdn-cgi\/image\/format=auto\/app\/uploads\/2024\/03\/Use-Lamisil-cream-according-to-the-package-icon.png\" alt=\"Use-Lamisil-cream-according-to-the-package-icon\"\/><\/div><div class=\"image-with-text-container-content\" style=\"text-align:left\" data-test=\"content\"><div class=\"content\"><h2>Utilisez Lamisil Cr\u00e8me conform\u00e9ment \u00e0 la notice d&#8217;utilisation<\/h2><p class=\"body\" data-test=\"body\">Lavez les zones cutan\u00e9es affect\u00e9es avec de l&#8217;eau et s\u00e9chez-les bien avant d&#8217;appliquer le m\u00e9dicament. Appliquez une fine couche de cr\u00e8me sur la zone affect\u00e9e et les zones cutan\u00e9es environnantes et faites-la p\u00e9n\u00e9trer. Utiliser le matin ou le soir.<\/p>\n<div class=\"wp-block-buttons is-layout-flex wp-block-buttons-is-layout-flex\"><\/div>\n<\/div><\/div><\/div><\/section>\n\n\n\n<section class=\"wp-block-karopharma-image-with-text image-with-text image-with-text__full-width\"><div class=\"image-with-text-container \"><div class=\"image-with-text-container-image-container\"><img decoding=\"async\" loading=\"lazy\" src=\"https:\/\/lamisilonce.be\/cdn-cgi\/image\/format=auto\/app\/uploads\/2024\/03\/If-used-correctly-itching-burning-and-the-ring-shaped-rash-should-disappear-icon.png\" alt=\"If-used-correctly,-itching,-burning-and-the-ring-shaped-rash-should-disappear-icon\"\/><\/div><div class=\"image-with-text-container-content\" style=\"text-align:left\" data-test=\"content\"><div class=\"content\"><h2>En cas d&#8217;utilisation correcte, les d\u00e9mangeaisons, la sensation de br\u00fblure et l&#8217;\u00e9ruption annulaire devraient dispara\u00eetre<\/h2><p class=\"body\" data-test=\"body\">Lamisil Cr\u00e8me a un effet fongicide, c&#8217;est-\u00e0-dire qu&#8217;elle tue le champignon, contrairement aux m\u00e9dicaments antifongiques, qui ne font qu&#8217;inhiber la croissance des champignons.<\/p>\n<div class=\"wp-block-buttons is-layout-flex wp-block-buttons-is-layout-flex\"><\/div>\n<\/div><\/div><\/div><\/section>\n\n\n\n<section class=\"wp-block-karopharma-image-with-text image-with-text image-with-text__full-width\"><div class=\"image-with-text-container \"><div class=\"image-with-text-container-image-container\"><img decoding=\"async\" loading=\"lazy\" src=\"https:\/\/lamisilonce.be\/cdn-cgi\/image\/format=auto\/app\/uploads\/2025\/06\/Continue-treatment-1-week-icon-fr.png\" alt=\"Continue-treatment-1-week-icon-fr\"\/><\/div><div class=\"image-with-text-container-content\" style=\"text-align:left\" data-test=\"content\"><div class=\"content\"><h2>Poursuivre le traitement (1 semaine) conform\u00e9ment \u00e0 la notice, m\u00eame si les sympt\u00f4mes ont d\u00e9j\u00e0 disparu<\/h2><p class=\"body\" data-test=\"body\">Lamisil Cr\u00e8me agit m\u00eame apr\u00e8s la p\u00e9riode de traitement. Le principe actif terbinafine reste plus longtemps dans la peau et continue \u00e0 y combattre l&#8217;infection.<\/p>\n<div class=\"wp-block-buttons is-layout-flex wp-block-buttons-is-layout-flex\"><\/div>\n<\/div><\/div><\/div><\/section>\n<\/div><\/div>\n\n\n\n<div class=\"wp-block-karopharma-free-text pt-none pb-small bg-center bg-cover bg-no-repeat\" style=\"background-image:url()\"><div class=\"free-text-wrapper container max-w-medium text-center\">\n<h2 class=\"wp-block-heading\"><\/h2>\n<\/div><\/div>\n\n\n\n<section class=\"wp-block-karopharma-image-with-text image-with-text image-with-text__not-full-width is-style-secondary enbildmedtext\"><div class=\"image-with-text-container \"><div class=\"image-with-text-container-image-container\"><img decoding=\"async\" loading=\"lazy\" src=\"https:\/\/lamisilonce.be\/cdn-cgi\/image\/format=auto\/app\/uploads\/2025\/05\/treat-ringworm-vbl.jpg\" alt=\"treat-ringworm-vbl\"\/><\/div><div class=\"image-with-text-container-content\" style=\"text-align:left\" data-test=\"content\"><div class=\"content\"><h2>Pourquoi il est important de traiter la mycose des surfaces pendant toute la dur\u00e9e des 7 jours<\/h2><p class=\"body\" data-test=\"body\">Le fait que les sympt\u00f4mes s&#8217;att\u00e9nuent lentement ou disparaissent ne signifie pas que l&#8217;infection fongique est gu\u00e9rie. Si le traitement est interrompu pr\u00e9matur\u00e9ment, il y a un risque de r\u00e9apparition de la mycose des surfaces. Poursuivez le traitement jusqu&#8217;\u00e0 la fin des 7 jours, m\u00eame si les sympt\u00f4mes disparaissent avant. Les m\u00e9dicaments Lamisil agissent m\u00eame apr\u00e8s la p\u00e9riode de traitement.<\/p>\n<div class=\"wp-block-buttons is-layout-flex wp-block-buttons-is-layout-flex\"><\/div>\n<\/div><\/div><\/div><\/section>\n\n\n\n<div class=\"wp-block-karopharma-free-text pt-large pb-medium bg-center bg-cover bg-no-repeat  is-style-transparent\" style=\"background-image:url()\"><div class=\"free-text-wrapper container max-w-medium text-center\">\n<h2 class=\"wp-block-heading is-style-heading-h2 has-secondary-color has-text-color\">Conseils pour pr\u00e9venir la mycose des surfaces<\/h2>\n<\/div><\/div>\n\n\n\n<div class=\"wp-block-karopharma-several-images-with-text several-images-with-text is-style-transparent\"><div class=\"container large col-1 content-align-center\" test-data=\"inner-content\">\n<section class=\"wp-block-karopharma-image-with-text image-with-text image-with-text__full-width\"><div class=\"image-with-text-container \"><div class=\"image-with-text-container-image-container\"><img decoding=\"async\" loading=\"lazy\" src=\"https:\/\/lamisilonce.be\/cdn-cgi\/image\/format=auto\/app\/uploads\/2024\/03\/Wash-yourself-regularly-icon.png\" alt=\"Wash-yourself-regularly-icon\"\/><\/div><div class=\"image-with-text-container-content\" style=\"text-align:left\" data-test=\"content\"><div class=\"content\"><p class=\"body\" data-test=\"body\">Lavez-vous r\u00e9guli\u00e8rement ! Lavez-vous imm\u00e9diatement apr\u00e8s avoir fait de l&#8217;exercice et lavez-vous les mains r\u00e9guli\u00e8rement pour pr\u00e9venir l&#8217;infection.<\/p>\n<div class=\"wp-block-buttons is-layout-flex wp-block-buttons-is-layout-flex\"><\/div>\n<\/div><\/div><\/div><\/section>\n\n\n\n<section class=\"wp-block-karopharma-image-with-text image-with-text image-with-text__full-width\"><div class=\"image-with-text-container \"><div class=\"image-with-text-container-image-container\"><img decoding=\"async\" loading=\"lazy\" src=\"https:\/\/lamisilonce.be\/cdn-cgi\/image\/format=auto\/app\/uploads\/2024\/03\/Do-not-share-towels-icon.png\" alt=\"Do-not-share-towels-icon\"\/><\/div><div class=\"image-with-text-container-content\" style=\"text-align:left\" data-test=\"content\"><div class=\"content\"><p class=\"body\" data-test=\"body\">Ne partagez pas vos serviettes, vos v\u00eatements personnels ou votre \u00e9quipement de sport avec d&#8217;autres personnes.<\/p>\n<div class=\"wp-block-buttons is-layout-flex wp-block-buttons-is-layout-flex\"><\/div>\n<\/div><\/div><\/div><\/section>\n\n\n\n<section class=\"wp-block-karopharma-image-with-text image-with-text image-with-text__full-width\"><div class=\"image-with-text-container \"><div class=\"image-with-text-container-image-container\"><img decoding=\"async\" loading=\"lazy\" src=\"https:\/\/lamisilonce.be\/cdn-cgi\/image\/format=auto\/app\/uploads\/2024\/03\/Wear-clean-dry-clothing-icon.png\" alt=\"Wear-clean,-dry-clothing-icon\"\/><\/div><div class=\"image-with-text-container-content\" style=\"text-align:left\" data-test=\"content\"><div class=\"content\"><p class=\"body\" data-test=\"body\">Portez des v\u00eatements propres et secs. Des mat\u00e9riaux respirants et des v\u00eatements amples vous garderont au sec et \u00e9viteront les frottements.<\/p>\n<div class=\"wp-block-buttons is-layout-flex wp-block-buttons-is-layout-flex\"><\/div>\n<\/div><\/div><\/div><\/section>\n\n\n\n<section class=\"wp-block-karopharma-image-with-text image-with-text image-with-text__full-width\"><div class=\"image-with-text-container \"><div class=\"image-with-text-container-image-container\"><img decoding=\"async\" loading=\"lazy\" src=\"https:\/\/lamisilonce.be\/cdn-cgi\/image\/format=auto\/app\/uploads\/2024\/03\/You-can-become-infected-with-ringworm-through-contact-with-infected-animals-icon.png\" alt=\"You-can-become-infected-with-ringworm-through-contact-with-infected-animals-icon\"\/><\/div><div class=\"image-with-text-container-content\" style=\"text-align:left\" data-test=\"content\"><div class=\"content\"><p class=\"body\" data-test=\"body\">Ne touchez pas les animaux ou animaux de compagnie malades. Chez les animaux, la mycose des surfaces se manifeste par une tache claire ou d\u00e9pourvue de poils sur le pelage. Si vous touchez un animal infect\u00e9 par la mycose des surfaces, lavez-vous imm\u00e9diatement soigneusement les mains.<\/p>\n<div class=\"wp-block-buttons is-layout-flex wp-block-buttons-is-layout-flex\"><\/div>\n<\/div><\/div><\/div><\/section>\n<\/div><\/div>\n\n\n\n<div style=\"height:100px\" aria-hidden=\"true\" class=\"wp-block-spacer is-style-responsive-small\"><\/div>\n\n\n\n<div class=\"wp-block-karopharma-free-text pt-large pb-none bg-center bg-cover bg-no-repeat  is-style-primary\" style=\"background-image:url()\"><div class=\"free-text-wrapper container max-w-medium text-center\">\n<h2 class=\"wp-block-heading is-style-heading-h2 has-black-color has-text-color\">M\u00e9dicaments pour le traitement de la mycose des surfaces<\/h2>\n<\/div><\/div>\n\n\n<div class=\"product-list wp-block-karopharma-product-list is-style-primary\" data-testid=\"product-list\">\n      <div class=\"swiper-container\">\n      <div class=\"swiper\">\n        <div class=\"swiper-wrapper\">\n                      <div class=\"swiper-slide\">\n              <div class=\"product-card\" data-testid=\"product-card\">\n  <a\n    href=https:\/\/lamisilonce.be\/fr\/product\/lamisil-creme\/\n    class=\"product-card-link\"\n    title=\"Lamisil Cr\u00e8me\"\n  >\n  <figure class=\"product-card-image\" data-testid=\"product-image\">\n                          <img decoding=\"async\" src=\"https:\/\/lamisilonce.be\/cdn-cgi\/image\/width=700,format=auto\/app\/uploads\/2025\/05\/Lamisil-Cream-15g.png\"\n        srcset=\"https:\/\/lamisilonce.be\/cdn-cgi\/image\/width=250,format=auto\/app\/uploads\/2025\/05\/Lamisil-Cream-15g.png 250w,\n                https:\/\/lamisilonce.be\/cdn-cgi\/image\/width=500,format=auto\/app\/uploads\/2025\/05\/Lamisil-Cream-15g.png 500w,\n                https:\/\/lamisilonce.be\/cdn-cgi\/image\/width=700,format=auto\/app\/uploads\/2025\/05\/Lamisil-Cream-15g.png 700w\"\n        sizes=\"(max-width: 400px) 250px, (max-width: 800px) 500px, 700px\"\n        alt=\"Lamisil Cr\u00e8me\"\n        class=\"img\">\n            <\/figure>\n    <div class=\"product-card-content\">\n      <div class=\"heading-wrapper\">\n        <h2 class=\"heading\">Lamisil Cr\u00e8me<\/h2>\n      <\/div>\n      <div class=\"product-card-description\">Contre les mycoses des pieds, les mycoses des surfaces et les mycoses des plis cutan\u00e9s :<br>1. Tue le champignon<br>2. Apaise les sympt\u00f4mes<\/div>\n                      <\/div>\n  <\/a>\n      <div class=\"button-wrapper\">\n    <a\n      href=https:\/\/lamisilonce.be\/fr\/product\/lamisil-creme\/\n      target=_self\n      class=\"theme-button button-primary-color rounded-button\"\n      rel=\"noopener\"\n      title=\"En savoir plus\"\n    >\n       En savoir plus\n    <\/a>\n<\/div>  <\/div>\n            <\/div>\n                      <div class=\"swiper-slide\">\n              <div class=\"product-card\" data-testid=\"product-card\">\n  <a\n    href=https:\/\/lamisilonce.be\/fr\/product\/lamisil-dermgel\/\n    class=\"product-card-link\"\n    title=\"Lamisil Dermgel\"\n  >\n  <figure class=\"product-card-image\" data-testid=\"product-image\">\n                          <img decoding=\"async\" src=\"https:\/\/lamisilonce.be\/cdn-cgi\/image\/width=700,format=auto\/app\/uploads\/2025\/05\/Box-Tube-Gel.png\"\n        srcset=\"https:\/\/lamisilonce.be\/cdn-cgi\/image\/width=250,format=auto\/app\/uploads\/2025\/05\/Box-Tube-Gel.png 250w,\n                https:\/\/lamisilonce.be\/cdn-cgi\/image\/width=500,format=auto\/app\/uploads\/2025\/05\/Box-Tube-Gel.png 500w,\n                https:\/\/lamisilonce.be\/cdn-cgi\/image\/width=700,format=auto\/app\/uploads\/2025\/05\/Box-Tube-Gel.png 700w\"\n        sizes=\"(max-width: 400px) 250px, (max-width: 800px) 500px, 700px\"\n        alt=\"Lamisil Dermgel\"\n        class=\"img\">\n            <\/figure>\n    <div class=\"product-card-content\">\n      <div class=\"heading-wrapper\">\n        <h2 class=\"heading\">Lamisil Dermgel<\/h2>\n      <\/div>\n      <div class=\"product-card-description\">Contre les mycoses des pieds, les mycoses des surfaces et les mycoses des plis cutan\u00e9s : <br>1. Tue le champignon <br>2. Apaise les sympt\u00f4mes <br>3. Rafra\u00eechit la peau<\/div>\n                      <\/div>\n  <\/a>\n      <div class=\"button-wrapper\">\n    <a\n      href=https:\/\/lamisilonce.be\/fr\/product\/lamisil-dermgel\/\n      target=_self\n      class=\"theme-button button-primary-color rounded-button\"\n      rel=\"noopener\"\n      title=\"En savoir plus\"\n    >\n       En savoir plus\n    <\/a>\n<\/div>  <\/div>\n            <\/div>\n                  <\/div>\n        <div class=\"swiper-scrollbar\"><\/div>\n      <\/div>\n    <\/div>\n  <\/div>\n","protected":false},"excerpt":{"rendered":"","protected":false},"author":2,"featured_media":0,"parent":321,"menu_order":3,"comment_status":"closed","ping_status":"closed","template":"","meta":{"_acf_changed":false,"footnotes":""},"from-article-database":[],"class_list":["post-325","page","type-page","status-publish","hentry"],"acf":[],"yoast_head":"<!-- This site is optimized with the Yoast SEO plugin v26.6 - https:\/\/yoast.com\/wordpress\/plugins\/seo\/ -->\n<title>La mycose des surfaces - Lamisil<\/title>\n<meta name=\"description\" content=\"Les produits Lamisil contiennent de la terbinafine. Outre le traitement de la mycose du pied, les produits Lamisil conviennent \u00e9galement au traitement de la mycose des surfaces.\" \/>\n<meta name=\"robots\" content=\"index, follow, max-snippet:-1, max-image-preview:large, max-video-preview:-1\" \/>\n<link rel=\"canonical\" href=\"https:\/\/lamisilonce.be\/fr\/mycoses-de-la-peau\/la-mycose-des-surfaces\/\" \/>\n<meta property=\"og:locale\" content=\"fr_FR\" \/>\n<meta property=\"og:type\" content=\"article\" \/>\n<meta property=\"og:title\" content=\"La mycose des surfaces - Lamisil\" \/>\n<meta property=\"og:description\" content=\"Les produits Lamisil contiennent de la terbinafine. Outre le traitement de la mycose du pied, les produits Lamisil conviennent \u00e9galement au traitement de la mycose des surfaces.\" \/>\n<meta property=\"og:url\" content=\"https:\/\/lamisilonce.be\/fr\/mycoses-de-la-peau\/la-mycose-des-surfaces\/\" \/>\n<meta property=\"og:site_name\" content=\"Lamisil\" \/>\n<meta property=\"article:modified_time\" content=\"2025-11-26T13:18:49+00:00\" \/>\n<meta property=\"og:image\" content=\"https:\/\/lamisilonce.be\/cdn-cgi\/image\/format=auto\/app\/uploads\/2025\/05\/background-ringworm.jpg\" \/>\n<meta name=\"twitter:card\" content=\"summary_large_image\" \/>\n<meta name=\"twitter:label1\" content=\"Est. reading time\" \/>\n\t<meta name=\"twitter:data1\" content=\"4 minutes\" \/>\n<script type=\"application\/ld+json\" class=\"yoast-schema-graph\">{\"@context\":\"https:\/\/schema.org\",\"@graph\":[{\"@type\":\"WebPage\",\"@id\":\"https:\/\/lamisilonce.be\/fr\/mycoses-de-la-peau\/la-mycose-des-surfaces\/\",\"url\":\"https:\/\/lamisilonce.be\/fr\/mycoses-de-la-peau\/la-mycose-des-surfaces\/\",\"name\":\"La mycose des surfaces - Lamisil\",\"isPartOf\":{\"@id\":\"https:\/\/lamisilonce.be\/fr\/#website\"},\"primaryImageOfPage\":{\"@id\":\"https:\/\/lamisilonce.be\/fr\/mycoses-de-la-peau\/la-mycose-des-surfaces\/#primaryimage\"},\"image\":{\"@id\":\"https:\/\/lamisilonce.be\/fr\/mycoses-de-la-peau\/la-mycose-des-surfaces\/#primaryimage\"},\"thumbnailUrl\":\"https:\/\/lamisilonce.be\/cdn-cgi\/image\/format=auto\/app\/uploads\/2025\/05\/background-ringworm.jpg\",\"datePublished\":\"2025-05-07T12:02:20+00:00\",\"dateModified\":\"2025-11-26T13:18:49+00:00\",\"description\":\"Les produits Lamisil contiennent de la terbinafine. Outre le traitement de la mycose du pied, les produits Lamisil conviennent \u00e9galement au traitement de la mycose des surfaces.\",\"breadcrumb\":{\"@id\":\"https:\/\/lamisilonce.be\/fr\/mycoses-de-la-peau\/la-mycose-des-surfaces\/#breadcrumb\"},\"inLanguage\":\"fr-BE\",\"potentialAction\":[{\"@type\":\"ReadAction\",\"target\":[\"https:\/\/lamisilonce.be\/fr\/mycoses-de-la-peau\/la-mycose-des-surfaces\/\"]}]},{\"@type\":\"ImageObject\",\"inLanguage\":\"fr-BE\",\"@id\":\"https:\/\/lamisilonce.be\/fr\/mycoses-de-la-peau\/la-mycose-des-surfaces\/#primaryimage\",\"url\":\"https:\/\/lamisilonce.be\/cdn-cgi\/image\/format=auto\/app\/uploads\/2025\/05\/background-ringworm.jpg\",\"contentUrl\":\"https:\/\/lamisilonce.be\/cdn-cgi\/image\/format=auto\/app\/uploads\/2025\/05\/background-ringworm.jpg\"},{\"@type\":\"BreadcrumbList\",\"@id\":\"https:\/\/lamisilonce.be\/fr\/mycoses-de-la-peau\/la-mycose-des-surfaces\/#breadcrumb\",\"itemListElement\":[{\"@type\":\"ListItem\",\"position\":1,\"name\":\"Home\",\"item\":\"https:\/\/lamisilonce.be\/fr\/\"},{\"@type\":\"ListItem\",\"position\":2,\"name\":\"Mycoses de la peau\",\"item\":\"https:\/\/lamisilonce.be\/fr\/mycoses-de-la-peau\/\"},{\"@type\":\"ListItem\",\"position\":3,\"name\":\"La mycose des surfaces\"}]},{\"@type\":\"WebSite\",\"@id\":\"https:\/\/lamisilonce.be\/fr\/#website\",\"url\":\"https:\/\/lamisilonce.be\/fr\/\",\"name\":\"Lamisil\",\"description\":\"\",\"publisher\":{\"@id\":\"https:\/\/lamisilonce.be\/fr\/#organization\"},\"potentialAction\":[{\"@type\":\"SearchAction\",\"target\":{\"@type\":\"EntryPoint\",\"urlTemplate\":\"https:\/\/lamisilonce.be\/fr\/?s={search_term_string}\"},\"query-input\":{\"@type\":\"PropertyValueSpecification\",\"valueRequired\":true,\"valueName\":\"search_term_string\"}}],\"inLanguage\":\"fr-BE\"},{\"@type\":\"Organization\",\"@id\":\"https:\/\/lamisilonce.be\/fr\/#organization\",\"name\":\"Lamisil\",\"url\":\"https:\/\/lamisilonce.be\/fr\/\",\"logo\":{\"@type\":\"ImageObject\",\"inLanguage\":\"fr-BE\",\"@id\":\"https:\/\/lamisilonce.be\/fr\/#\/schema\/logo\/image\/\",\"url\":\"https:\/\/lamisilonce.be\/app\/uploads\/2024\/02\/Lamisil-logo.png\",\"contentUrl\":\"https:\/\/lamisilonce.be\/app\/uploads\/2024\/02\/Lamisil-logo.png\",\"width\":207,\"height\":32,\"caption\":\"Lamisil\"},\"image\":{\"@id\":\"https:\/\/lamisilonce.be\/fr\/#\/schema\/logo\/image\/\"}}]}<\/script>\n<!-- \/ Yoast SEO plugin. -->","yoast_head_json":{"title":"La mycose des surfaces - Lamisil","description":"Les produits Lamisil contiennent de la terbinafine. Outre le traitement de la mycose du pied, les produits Lamisil conviennent \u00e9galement au traitement de la mycose des surfaces.","robots":{"index":"index","follow":"follow","max-snippet":"max-snippet:-1","max-image-preview":"max-image-preview:large","max-video-preview":"max-video-preview:-1"},"canonical":"https:\/\/lamisilonce.be\/fr\/mycoses-de-la-peau\/la-mycose-des-surfaces\/","og_locale":"fr_FR","og_type":"article","og_title":"La mycose des surfaces - Lamisil","og_description":"Les produits Lamisil contiennent de la terbinafine. Outre le traitement de la mycose du pied, les produits Lamisil conviennent \u00e9galement au traitement de la mycose des surfaces.","og_url":"https:\/\/lamisilonce.be\/fr\/mycoses-de-la-peau\/la-mycose-des-surfaces\/","og_site_name":"Lamisil","article_modified_time":"2025-11-26T13:18:49+00:00","og_image":[{"url":"https:\/\/lamisilonce.be\/cdn-cgi\/image\/format=auto\/app\/uploads\/2025\/05\/background-ringworm.jpg","type":"","width":"","height":""}],"twitter_card":"summary_large_image","twitter_misc":{"Est. reading time":"4 minutes"},"schema":{"@context":"https:\/\/schema.org","@graph":[{"@type":"WebPage","@id":"https:\/\/lamisilonce.be\/fr\/mycoses-de-la-peau\/la-mycose-des-surfaces\/","url":"https:\/\/lamisilonce.be\/fr\/mycoses-de-la-peau\/la-mycose-des-surfaces\/","name":"La mycose des surfaces - Lamisil","isPartOf":{"@id":"https:\/\/lamisilonce.be\/fr\/#website"},"primaryImageOfPage":{"@id":"https:\/\/lamisilonce.be\/fr\/mycoses-de-la-peau\/la-mycose-des-surfaces\/#primaryimage"},"image":{"@id":"https:\/\/lamisilonce.be\/fr\/mycoses-de-la-peau\/la-mycose-des-surfaces\/#primaryimage"},"thumbnailUrl":"https:\/\/lamisilonce.be\/cdn-cgi\/image\/format=auto\/app\/uploads\/2025\/05\/background-ringworm.jpg","datePublished":"2025-05-07T12:02:20+00:00","dateModified":"2025-11-26T13:18:49+00:00","description":"Les produits Lamisil contiennent de la terbinafine. Outre le traitement de la mycose du pied, les produits Lamisil conviennent \u00e9galement au traitement de la mycose des surfaces.","breadcrumb":{"@id":"https:\/\/lamisilonce.be\/fr\/mycoses-de-la-peau\/la-mycose-des-surfaces\/#breadcrumb"},"inLanguage":"fr-BE","potentialAction":[{"@type":"ReadAction","target":["https:\/\/lamisilonce.be\/fr\/mycoses-de-la-peau\/la-mycose-des-surfaces\/"]}]},{"@type":"ImageObject","inLanguage":"fr-BE","@id":"https:\/\/lamisilonce.be\/fr\/mycoses-de-la-peau\/la-mycose-des-surfaces\/#primaryimage","url":"https:\/\/lamisilonce.be\/cdn-cgi\/image\/format=auto\/app\/uploads\/2025\/05\/background-ringworm.jpg","contentUrl":"https:\/\/lamisilonce.be\/cdn-cgi\/image\/format=auto\/app\/uploads\/2025\/05\/background-ringworm.jpg"},{"@type":"BreadcrumbList","@id":"https:\/\/lamisilonce.be\/fr\/mycoses-de-la-peau\/la-mycose-des-surfaces\/#breadcrumb","itemListElement":[{"@type":"ListItem","position":1,"name":"Home","item":"https:\/\/lamisilonce.be\/fr\/"},{"@type":"ListItem","position":2,"name":"Mycoses de la peau","item":"https:\/\/lamisilonce.be\/fr\/mycoses-de-la-peau\/"},{"@type":"ListItem","position":3,"name":"La mycose des surfaces"}]},{"@type":"WebSite","@id":"https:\/\/lamisilonce.be\/fr\/#website","url":"https:\/\/lamisilonce.be\/fr\/","name":"Lamisil","description":"","publisher":{"@id":"https:\/\/lamisilonce.be\/fr\/#organization"},"potentialAction":[{"@type":"SearchAction","target":{"@type":"EntryPoint","urlTemplate":"https:\/\/lamisilonce.be\/fr\/?s={search_term_string}"},"query-input":{"@type":"PropertyValueSpecification","valueRequired":true,"valueName":"search_term_string"}}],"inLanguage":"fr-BE"},{"@type":"Organization","@id":"https:\/\/lamisilonce.be\/fr\/#organization","name":"Lamisil","url":"https:\/\/lamisilonce.be\/fr\/","logo":{"@type":"ImageObject","inLanguage":"fr-BE","@id":"https:\/\/lamisilonce.be\/fr\/#\/schema\/logo\/image\/","url":"https:\/\/lamisilonce.be\/app\/uploads\/2024\/02\/Lamisil-logo.png","contentUrl":"https:\/\/lamisilonce.be\/app\/uploads\/2024\/02\/Lamisil-logo.png","width":207,"height":32,"caption":"Lamisil"},"image":{"@id":"https:\/\/lamisilonce.be\/fr\/#\/schema\/logo\/image\/"}}]}},"_links":{"self":[{"href":"https:\/\/lamisilonce.be\/fr\/wp-json\/wp\/v2\/pages\/325","targetHints":{"allow":["GET"]}}],"collection":[{"href":"https:\/\/lamisilonce.be\/fr\/wp-json\/wp\/v2\/pages"}],"about":[{"href":"https:\/\/lamisilonce.be\/fr\/wp-json\/wp\/v2\/types\/page"}],"author":[{"embeddable":true,"href":"https:\/\/lamisilonce.be\/fr\/wp-json\/wp\/v2\/users\/2"}],"replies":[{"embeddable":true,"href":"https:\/\/lamisilonce.be\/fr\/wp-json\/wp\/v2\/comments?post=325"}],"version-history":[{"count":10,"href":"https:\/\/lamisilonce.be\/fr\/wp-json\/wp\/v2\/pages\/325\/revisions"}],"predecessor-version":[{"id":658,"href":"https:\/\/lamisilonce.be\/fr\/wp-json\/wp\/v2\/pages\/325\/revisions\/658"}],"up":[{"embeddable":true,"href":"https:\/\/lamisilonce.be\/fr\/wp-json\/wp\/v2\/pages\/321"}],"wp:attachment":[{"href":"https:\/\/lamisilonce.be\/fr\/wp-json\/wp\/v2\/media?parent=325"}],"wp:term":[{"taxonomy":"from-article-database","embeddable":true,"href":"https:\/\/lamisilonce.be\/fr\/wp-json\/wp\/v2\/from-article-database?post=325"}],"curies":[{"name":"wp","href":"https:\/\/api.w.org\/{rel}","templated":true}]}}