{"id":327,"date":"2025-05-07T12:01:39","date_gmt":"2025-05-07T12:01:39","guid":{"rendered":"https:\/\/lamisilonce.be\/?page_id=327"},"modified":"2025-11-26T13:18:50","modified_gmt":"2025-11-26T13:18:50","slug":"la-mycose-des-plis-cutanes","status":"publish","type":"page","link":"https:\/\/lamisilonce.be\/fr\/mycoses-de-la-peau\/la-mycose-des-plis-cutanes\/","title":{"rendered":"La mycose des plis cutan\u00e9s"},"content":{"rendered":"\n<div class=\"wp-block-karopharma-background-image-with-text-v2 background-image-with-text-v2 undefined content-position-left fixed-height-layout svarttext\" datatest=\"root\"><div class=\"background-image-with-text-wrapper\"><picture class=\"background-image-with-text-image\"><source media=\"(max-width: 560px)\" srcset=\"https:\/\/lamisilonce.be\/cdn-cgi\/image\/format=auto,width=560\/app\/uploads\/2025\/05\/background-jock-itch.jpg\"\/><source media=\"(max-width: 800px)\" srcset=\"https:\/\/lamisilonce.be\/cdn-cgi\/image\/format=auto,width=800\/app\/uploads\/2025\/05\/background-jock-itch.jpg\"\/><source media=\"(max-width: 1920px)\" srcset=\"https:\/\/lamisilonce.be\/cdn-cgi\/image\/format=auto,width=1920\/app\/uploads\/2025\/05\/background-jock-itch.jpg\"\/><img decoding=\"async\" width=\"1920\" height=\"600\" datatest=\"background-image\" loading=\"lazy\" class=\"object-center object-cover\" src=\"https:\/\/lamisilonce.be\/cdn-cgi\/image\/format=auto\/app\/uploads\/2025\/05\/background-jock-itch.jpg\" alt=\"background-jock-itch\"\/><\/picture><div datatest=\"content-wrapper\" class=\"background-image-with-text-content-wrapper container max-w-medium text-alignment-left  pt-large pb-large\"><div class=\"content\"><h1 datatest=\"heading\" class=\"responsive-heading\"><em>La mycose des plis cutan\u00e9s &#8211; le traiter et le pr\u00e9venir<\/em><\/h1><p class=\"body\" datatest=\"body\">Traiter la mycose des plis cutan\u00e9s en seulement 7 JOURS<\/p>\n<div class=\"wp-block-buttons is-layout-flex wp-block-buttons-is-layout-flex\">\n<div class=\"wp-block-button\"><a class=\"wp-block-button__link wp-element-button\" href=\"https:\/\/lamisilonce.be\/fr\/product\/lamisil-creme\/\">Lamisil Cr\u00e8me pour traiter la mycose des plis cutan\u00e9s<\/a><\/div>\n\n\n\n<div class=\"wp-block-button\"><a class=\"wp-block-button__link wp-element-button\" href=\"https:\/\/lamisilonce.be\/fr\/product\/lamisil-dermgel\/\">Lamisil Dermgel pour traiter la mycose des plis cutan\u00e9s<\/a><\/div>\n<\/div>\n<\/div><\/div><\/div><\/div>\n\n\n\n<div class=\"wp-block-karopharma-free-text pt-large pb-medium bg-center bg-cover bg-no-repeat\" style=\"background-image:url()\"><div class=\"free-text-wrapper container max-w-medium text-center\">\n<h2 class=\"wp-block-heading is-style-heading-h2\">Comment Lamisil Cr\u00e8me agit-elle contre la mycose des plis cutan\u00e9s<\/h2>\n<\/div><\/div>\n\n\n\n<div class=\"wp-block-karopharma-several-images-with-text several-images-with-text is-style-transparent\"><div class=\"container large col-1 content-align-center\" test-data=\"inner-content\">\n<section class=\"wp-block-karopharma-image-with-text image-with-text image-with-text__full-width\"><div class=\"image-with-text-container \"><div class=\"image-with-text-container-image-container\"><img decoding=\"async\" loading=\"lazy\" src=\"https:\/\/lamisilonce.be\/cdn-cgi\/image\/format=auto\/app\/uploads\/2024\/03\/Use-Lamisil-cream-according-to-the-package-icon.png\" alt=\"Use-Lamisil-cream-according-to-the-package-icon\"\/><\/div><div class=\"image-with-text-container-content\" style=\"text-align:left\" data-test=\"content\"><div class=\"content\"><h2>Appliquer Lamisil Cr\u00e8me sur la mycose des plis cutan\u00e9s conform\u00e9ment \u00e0 la notice d&#8217;utilisation<\/h2><p class=\"body\" data-test=\"body\">Appliquer une fine couche de cr\u00e8me sur la peau infect\u00e9e et les zones environnantes et frotter. Utiliser le matin ou le soir.<\/p>\n<div class=\"wp-block-buttons is-layout-flex wp-block-buttons-is-layout-flex\"><\/div>\n<\/div><\/div><\/div><\/section>\n\n\n\n<section class=\"wp-block-karopharma-image-with-text image-with-text image-with-text__full-width\"><div class=\"image-with-text-container \"><div class=\"image-with-text-container-image-container\"><img decoding=\"async\" loading=\"lazy\" src=\"https:\/\/lamisilonce.be\/cdn-cgi\/image\/format=auto\/app\/uploads\/2024\/03\/If-used-correctly-itching-burning-and-the-ring-shaped-rash-should-disappear-icon.png\" alt=\"If-used-correctly,-itching,-burning-and-the-ring-shaped-rash-should-disappear-icon\"\/><\/div><div class=\"image-with-text-container-content\" style=\"text-align:left\" data-test=\"content\"><div class=\"content\"><h2>Lorsqu\u2019il est utilis\u00e9 correctement, les d\u00e9mangeaisons, les br\u00fblures et les fissures de la peau devraient dispara\u00eetre<\/h2><p class=\"body\" data-test=\"body\">Lamisil Cr\u00e8me a un effet fongicide, c&#8217;est-\u00e0-dire qu&#8217;elle tue le champignon, contrairement aux m\u00e9dicaments antifongiques, qui ne font qu&#8217;inhiber la reproduction des champignons.<\/p>\n<div class=\"wp-block-buttons is-layout-flex wp-block-buttons-is-layout-flex\"><\/div>\n<\/div><\/div><\/div><\/section>\n\n\n\n<section class=\"wp-block-karopharma-image-with-text image-with-text image-with-text__full-width\"><div class=\"image-with-text-container \"><div class=\"image-with-text-container-image-container\"><img decoding=\"async\" loading=\"lazy\" src=\"https:\/\/lamisilonce.be\/cdn-cgi\/image\/format=auto\/app\/uploads\/2025\/06\/Continue-treatment-1-week-icon-fr.png\" alt=\"Continue-treatment-1-week-icon-fr\"\/><\/div><div class=\"image-with-text-container-content\" style=\"text-align:left\" data-test=\"content\"><div class=\"content\"><h2>Poursuivre le traitement de la mycose des plis cutan\u00e9s (1 semaine) conform\u00e9ment \u00e0 la notice, m\u00eame si les sympt\u00f4mes ont d\u00e9j\u00e0 disparu<\/h2><p class=\"body\" data-test=\"body\">Lamisil Cr\u00e8me agit m\u00eame apr\u00e8s la p\u00e9riode de traitement. Le principe actif terbinafine reste encore plus longtemps dans la peau et continue \u00e0 y combattre l&#8217;infection.<\/p>\n<div class=\"wp-block-buttons is-layout-flex wp-block-buttons-is-layout-flex\"><\/div>\n<\/div><\/div><\/div><\/section>\n<\/div><\/div>\n\n\n\n<div class=\"wp-block-karopharma-free-text pt-none pb-large bg-center bg-cover bg-no-repeat\" style=\"background-image:url()\"><div class=\"free-text-wrapper container max-w-medium text-left\">\n<h2 class=\"wp-block-heading\"><\/h2>\n<\/div><\/div>\n\n\n\n<section class=\"wp-block-karopharma-image-with-text image-with-text image-with-text__not-full-width is-style-secondary enbildmedtext\"><div class=\"image-with-text-container \"><div class=\"image-with-text-container-image-container\"><img decoding=\"async\" loading=\"lazy\" src=\"https:\/\/lamisilonce.be\/cdn-cgi\/image\/format=auto\/app\/uploads\/2025\/05\/treat-jock-itch-vbl.jpg\" alt=\"treat-jock-itch-vbl\"\/><\/div><div class=\"image-with-text-container-content\" style=\"text-align:left\" data-test=\"content\"><div class=\"content\"><h2>Pourquoi il est important de traiter la mycose des plis cutan\u00e9s pendant toute la dur\u00e9e du traitement (7 jours)<\/h2><p class=\"body\" data-test=\"body\">Ce n&#8217;est pas parce que les sympt\u00f4mes s&#8217;att\u00e9nuent lentement ou disparaissent que l&#8217;infection fongique est gu\u00e9rie. Si le traitement est interrompu pr\u00e9matur\u00e9ment, il y a un risque de r\u00e9apparition de la mycose des plis cutan\u00e9s. Poursuivez le traitement de la mycose des plis cutan\u00e9s jusqu&#8217;\u00e0 la fin des 7 jours, m\u00eame si les sympt\u00f4mes disparaissent avant. Les m\u00e9dicaments Lamisil agissent m\u00eame apr\u00e8s la p\u00e9riode de traitement.<\/p>\n<div class=\"wp-block-buttons is-layout-flex wp-block-buttons-is-layout-flex\"><\/div>\n<\/div><\/div><\/div><\/section>\n\n\n\n<div class=\"wp-block-karopharma-free-text pt-medium pb-medium bg-center bg-cover bg-no-repeat  is-style-transparent\" style=\"background-image:url()\"><div class=\"free-text-wrapper container max-w-medium text-center\">\n<h2 class=\"wp-block-heading is-style-heading-h2 has-secondary-color has-text-color\">Conseils pour pr\u00e9venir la mycose des plis cutan\u00e9s<\/h2>\n<\/div><\/div>\n\n\n\n<div class=\"wp-block-karopharma-several-images-with-text several-images-with-text is-style-transparent\"><div class=\"container large col-1 content-align-center\" test-data=\"inner-content\">\n<section class=\"wp-block-karopharma-image-with-text image-with-text image-with-text__full-width\"><div class=\"image-with-text-container \"><div class=\"image-with-text-container-image-container\"><img decoding=\"async\" loading=\"lazy\" src=\"https:\/\/lamisilonce.be\/cdn-cgi\/image\/format=auto\/app\/uploads\/2024\/03\/Dry-your-groin-area-carefully-after-showering.png\" alt=\"Dry-your-groin-area-carefully-after-showering\"\/><\/div><div class=\"image-with-text-container-content\" style=\"text-align:left\" data-test=\"content\"><div class=\"content\"><p class=\"body\" data-test=\"body\">S\u00e9chez soigneusement votre aine apr\u00e8s avoir pris une douche ou transpir\u00e9.<\/p>\n<div class=\"wp-block-buttons is-layout-flex wp-block-buttons-is-layout-flex\"><\/div>\n<\/div><\/div><\/div><\/section>\n\n\n\n<section class=\"wp-block-karopharma-image-with-text image-with-text image-with-text__full-width\"><div class=\"image-with-text-container \"><div class=\"image-with-text-container-image-container\"><img decoding=\"async\" loading=\"lazy\" src=\"https:\/\/lamisilonce.be\/cdn-cgi\/image\/format=auto\/app\/uploads\/2024\/03\/Do-not-share-towels.png\" alt=\"Do-not-share-towels\"\/><\/div><div class=\"image-with-text-container-content\" style=\"text-align:left\" data-test=\"content\"><div class=\"content\"><p class=\"body\" data-test=\"body\">Ne partagez pas vos serviettes ou vos v\u00eatements personnels tels que les shorts ou les sous-v\u00eatements avec d&#8217;autres personnes.<\/p>\n<div class=\"wp-block-buttons is-layout-flex wp-block-buttons-is-layout-flex\"><\/div>\n<\/div><\/div><\/div><\/section>\n\n\n\n<section class=\"wp-block-karopharma-image-with-text image-with-text image-with-text__full-width\"><div class=\"image-with-text-container \"><div class=\"image-with-text-container-image-container\"><img decoding=\"async\" loading=\"lazy\" src=\"https:\/\/lamisilonce.be\/cdn-cgi\/image\/format=auto\/app\/uploads\/2024\/03\/Change-your-underwear.png\" alt=\"Je voeten kunnen 24 uur na het aanbrengen weer gewassen worden\"\/><\/div><div class=\"image-with-text-container-content\" style=\"text-align:left\" data-test=\"content\"><div class=\"content\"><p class=\"body\" data-test=\"body\">Changez de sous-v\u00eatements au moins une fois par jour (ou plus souvent si vous transpirez ou faites de l&#8217;exercice).<\/p>\n<div class=\"wp-block-buttons is-layout-flex wp-block-buttons-is-layout-flex\"><\/div>\n<\/div><\/div><\/div><\/section>\n\n\n\n<section class=\"wp-block-karopharma-image-with-text image-with-text image-with-text__full-width\"><div class=\"image-with-text-container \"><div class=\"image-with-text-container-image-container\"><img decoding=\"async\" loading=\"lazy\" src=\"https:\/\/lamisilonce.be\/cdn-cgi\/image\/format=auto\/app\/uploads\/2024\/03\/Do-not-wear-tight-clothing.png\" alt=\"Do-not-wear-tight-clothing\"\/><\/div><div class=\"image-with-text-container-content\" style=\"text-align:left\" data-test=\"content\"><div class=\"content\"><p class=\"body\" data-test=\"body\">Ne portez pas de v\u00eatements serr\u00e9s. Des mat\u00e9riaux respirants et des sous-v\u00eatements amples vous garderont au sec et \u00e9viteront les irritations.<\/p>\n<div class=\"wp-block-buttons is-layout-flex wp-block-buttons-is-layout-flex\"><\/div>\n<\/div><\/div><\/div><\/section>\n<\/div><\/div>\n\n\n\n<div style=\"height:100px\" aria-hidden=\"true\" class=\"wp-block-spacer is-style-responsive-small\"><\/div>\n\n\n\n<div style=\"height:100px\" aria-hidden=\"true\" class=\"wp-block-spacer is-style-responsive-small\"><\/div>\n\n\n\n<div class=\"wp-block-karopharma-free-text pt-large pb-none bg-center bg-cover bg-no-repeat  is-style-primary\" style=\"background-image:url()\"><div class=\"free-text-wrapper container max-w-small text-center\">\n<h3 class=\"wp-block-heading is-style-heading-h2 has-black-color has-text-color\">M\u00e9dicaments pour traiter la mycose des plis cutan\u00e9s<\/h3>\n<\/div><\/div>\n\n\n<div class=\"product-list wp-block-karopharma-product-list is-style-primary\" data-testid=\"product-list\">\n      <div class=\"swiper-container\">\n      <div class=\"swiper\">\n        <div class=\"swiper-wrapper\">\n                      <div class=\"swiper-slide\">\n              <div class=\"product-card\" data-testid=\"product-card\">\n  <a\n    href=https:\/\/lamisilonce.be\/fr\/product\/lamisil-creme\/\n    class=\"product-card-link\"\n    title=\"Lamisil Cr\u00e8me\"\n  >\n  <figure class=\"product-card-image\" data-testid=\"product-image\">\n                          <img decoding=\"async\" src=\"https:\/\/lamisilonce.be\/cdn-cgi\/image\/width=700,format=auto\/app\/uploads\/2025\/05\/Lamisil-Cream-15g.png\"\n        srcset=\"https:\/\/lamisilonce.be\/cdn-cgi\/image\/width=250,format=auto\/app\/uploads\/2025\/05\/Lamisil-Cream-15g.png 250w,\n                https:\/\/lamisilonce.be\/cdn-cgi\/image\/width=500,format=auto\/app\/uploads\/2025\/05\/Lamisil-Cream-15g.png 500w,\n                https:\/\/lamisilonce.be\/cdn-cgi\/image\/width=700,format=auto\/app\/uploads\/2025\/05\/Lamisil-Cream-15g.png 700w\"\n        sizes=\"(max-width: 400px) 250px, (max-width: 800px) 500px, 700px\"\n        alt=\"Lamisil Cr\u00e8me\"\n        class=\"img\">\n            <\/figure>\n    <div class=\"product-card-content\">\n      <div class=\"heading-wrapper\">\n        <h2 class=\"heading\">Lamisil Cr\u00e8me<\/h2>\n      <\/div>\n      <div class=\"product-card-description\">Contre les mycoses des pieds, les mycoses des surfaces et les mycoses des plis cutan\u00e9s :<br>1. Tue le champignon<br>2. Apaise les sympt\u00f4mes<\/div>\n                      <\/div>\n  <\/a>\n      <div class=\"button-wrapper\">\n    <a\n      href=https:\/\/lamisilonce.be\/fr\/product\/lamisil-creme\/\n      target=_self\n      class=\"theme-button button-primary-color rounded-button\"\n      rel=\"noopener\"\n      title=\"En savoir plus\"\n    >\n       En savoir plus\n    <\/a>\n<\/div>  <\/div>\n            <\/div>\n                      <div class=\"swiper-slide\">\n              <div class=\"product-card\" data-testid=\"product-card\">\n  <a\n    href=https:\/\/lamisilonce.be\/fr\/product\/lamisil-dermgel\/\n    class=\"product-card-link\"\n    title=\"Lamisil Dermgel\"\n  >\n  <figure class=\"product-card-image\" data-testid=\"product-image\">\n                          <img decoding=\"async\" src=\"https:\/\/lamisilonce.be\/cdn-cgi\/image\/width=700,format=auto\/app\/uploads\/2025\/05\/Box-Tube-Gel.png\"\n        srcset=\"https:\/\/lamisilonce.be\/cdn-cgi\/image\/width=250,format=auto\/app\/uploads\/2025\/05\/Box-Tube-Gel.png 250w,\n                https:\/\/lamisilonce.be\/cdn-cgi\/image\/width=500,format=auto\/app\/uploads\/2025\/05\/Box-Tube-Gel.png 500w,\n                https:\/\/lamisilonce.be\/cdn-cgi\/image\/width=700,format=auto\/app\/uploads\/2025\/05\/Box-Tube-Gel.png 700w\"\n        sizes=\"(max-width: 400px) 250px, (max-width: 800px) 500px, 700px\"\n        alt=\"Lamisil Dermgel\"\n        class=\"img\">\n            <\/figure>\n    <div class=\"product-card-content\">\n      <div class=\"heading-wrapper\">\n        <h2 class=\"heading\">Lamisil Dermgel<\/h2>\n      <\/div>\n      <div class=\"product-card-description\">Contre les mycoses des pieds, les mycoses des surfaces et les mycoses des plis cutan\u00e9s : <br>1. Tue le champignon <br>2. Apaise les sympt\u00f4mes <br>3. Rafra\u00eechit la peau<\/div>\n                      <\/div>\n  <\/a>\n      <div class=\"button-wrapper\">\n    <a\n      href=https:\/\/lamisilonce.be\/fr\/product\/lamisil-dermgel\/\n      target=_self\n      class=\"theme-button button-primary-color rounded-button\"\n      rel=\"noopener\"\n      title=\"En savoir plus\"\n    >\n       En savoir plus\n    <\/a>\n<\/div>  <\/div>\n            <\/div>\n                  <\/div>\n        <div class=\"swiper-scrollbar\"><\/div>\n      <\/div>\n    <\/div>\n  <\/div>\n","protected":false},"excerpt":{"rendered":"","protected":false},"author":2,"featured_media":0,"parent":321,"menu_order":2,"comment_status":"closed","ping_status":"closed","template":"","meta":{"_acf_changed":false,"footnotes":""},"from-article-database":[],"class_list":["post-327","page","type-page","status-publish","hentry"],"acf":[],"yoast_head":"<!-- This site is optimized with the Yoast SEO plugin v26.6 - https:\/\/yoast.com\/wordpress\/plugins\/seo\/ -->\n<title>La mycose des plis cutan\u00e9s - Lamisil<\/title>\n<meta name=\"description\" content=\"La mycose des plis cutan\u00e9s - le traiter et le pr\u00e9venir. Traiter la mycose des plis cutan\u00e9s en seulement 7 JOURS\" \/>\n<meta name=\"robots\" content=\"index, follow, max-snippet:-1, max-image-preview:large, max-video-preview:-1\" \/>\n<link rel=\"canonical\" href=\"https:\/\/lamisilonce.be\/fr\/mycoses-de-la-peau\/la-mycose-des-plis-cutanes\/\" \/>\n<meta property=\"og:locale\" content=\"fr_FR\" \/>\n<meta property=\"og:type\" content=\"article\" \/>\n<meta property=\"og:title\" content=\"La mycose des plis cutan\u00e9s - Lamisil\" \/>\n<meta property=\"og:description\" content=\"La mycose des plis cutan\u00e9s - le traiter et le pr\u00e9venir. Traiter la mycose des plis cutan\u00e9s en seulement 7 JOURS\" \/>\n<meta property=\"og:url\" content=\"https:\/\/lamisilonce.be\/fr\/mycoses-de-la-peau\/la-mycose-des-plis-cutanes\/\" \/>\n<meta property=\"og:site_name\" content=\"Lamisil\" \/>\n<meta property=\"article:modified_time\" content=\"2025-11-26T13:18:50+00:00\" \/>\n<meta property=\"og:image\" content=\"https:\/\/lamisilonce.be\/cdn-cgi\/image\/format=auto\/app\/uploads\/2025\/05\/background-jock-itch.jpg\" \/>\n<meta name=\"twitter:card\" content=\"summary_large_image\" \/>\n<meta name=\"twitter:label1\" content=\"Est. reading time\" \/>\n\t<meta name=\"twitter:data1\" content=\"4 minutes\" \/>\n<script type=\"application\/ld+json\" class=\"yoast-schema-graph\">{\"@context\":\"https:\/\/schema.org\",\"@graph\":[{\"@type\":\"WebPage\",\"@id\":\"https:\/\/lamisilonce.be\/fr\/mycoses-de-la-peau\/la-mycose-des-plis-cutanes\/\",\"url\":\"https:\/\/lamisilonce.be\/fr\/mycoses-de-la-peau\/la-mycose-des-plis-cutanes\/\",\"name\":\"La mycose des plis cutan\u00e9s - Lamisil\",\"isPartOf\":{\"@id\":\"https:\/\/lamisilonce.be\/fr\/#website\"},\"primaryImageOfPage\":{\"@id\":\"https:\/\/lamisilonce.be\/fr\/mycoses-de-la-peau\/la-mycose-des-plis-cutanes\/#primaryimage\"},\"image\":{\"@id\":\"https:\/\/lamisilonce.be\/fr\/mycoses-de-la-peau\/la-mycose-des-plis-cutanes\/#primaryimage\"},\"thumbnailUrl\":\"https:\/\/lamisilonce.be\/cdn-cgi\/image\/format=auto\/app\/uploads\/2025\/05\/background-jock-itch.jpg\",\"datePublished\":\"2025-05-07T12:01:39+00:00\",\"dateModified\":\"2025-11-26T13:18:50+00:00\",\"description\":\"La mycose des plis cutan\u00e9s - le traiter et le pr\u00e9venir. Traiter la mycose des plis cutan\u00e9s en seulement 7 JOURS\",\"breadcrumb\":{\"@id\":\"https:\/\/lamisilonce.be\/fr\/mycoses-de-la-peau\/la-mycose-des-plis-cutanes\/#breadcrumb\"},\"inLanguage\":\"fr-BE\",\"potentialAction\":[{\"@type\":\"ReadAction\",\"target\":[\"https:\/\/lamisilonce.be\/fr\/mycoses-de-la-peau\/la-mycose-des-plis-cutanes\/\"]}]},{\"@type\":\"ImageObject\",\"inLanguage\":\"fr-BE\",\"@id\":\"https:\/\/lamisilonce.be\/fr\/mycoses-de-la-peau\/la-mycose-des-plis-cutanes\/#primaryimage\",\"url\":\"https:\/\/lamisilonce.be\/cdn-cgi\/image\/format=auto\/app\/uploads\/2025\/05\/background-jock-itch.jpg\",\"contentUrl\":\"https:\/\/lamisilonce.be\/cdn-cgi\/image\/format=auto\/app\/uploads\/2025\/05\/background-jock-itch.jpg\"},{\"@type\":\"BreadcrumbList\",\"@id\":\"https:\/\/lamisilonce.be\/fr\/mycoses-de-la-peau\/la-mycose-des-plis-cutanes\/#breadcrumb\",\"itemListElement\":[{\"@type\":\"ListItem\",\"position\":1,\"name\":\"Home\",\"item\":\"https:\/\/lamisilonce.be\/fr\/\"},{\"@type\":\"ListItem\",\"position\":2,\"name\":\"Mycoses de la peau\",\"item\":\"https:\/\/lamisilonce.be\/fr\/mycoses-de-la-peau\/\"},{\"@type\":\"ListItem\",\"position\":3,\"name\":\"La mycose des plis cutan\u00e9s\"}]},{\"@type\":\"WebSite\",\"@id\":\"https:\/\/lamisilonce.be\/fr\/#website\",\"url\":\"https:\/\/lamisilonce.be\/fr\/\",\"name\":\"Lamisil\",\"description\":\"\",\"publisher\":{\"@id\":\"https:\/\/lamisilonce.be\/fr\/#organization\"},\"potentialAction\":[{\"@type\":\"SearchAction\",\"target\":{\"@type\":\"EntryPoint\",\"urlTemplate\":\"https:\/\/lamisilonce.be\/fr\/?s={search_term_string}\"},\"query-input\":{\"@type\":\"PropertyValueSpecification\",\"valueRequired\":true,\"valueName\":\"search_term_string\"}}],\"inLanguage\":\"fr-BE\"},{\"@type\":\"Organization\",\"@id\":\"https:\/\/lamisilonce.be\/fr\/#organization\",\"name\":\"Lamisil\",\"url\":\"https:\/\/lamisilonce.be\/fr\/\",\"logo\":{\"@type\":\"ImageObject\",\"inLanguage\":\"fr-BE\",\"@id\":\"https:\/\/lamisilonce.be\/fr\/#\/schema\/logo\/image\/\",\"url\":\"https:\/\/lamisilonce.be\/app\/uploads\/2024\/02\/Lamisil-logo.png\",\"contentUrl\":\"https:\/\/lamisilonce.be\/app\/uploads\/2024\/02\/Lamisil-logo.png\",\"width\":207,\"height\":32,\"caption\":\"Lamisil\"},\"image\":{\"@id\":\"https:\/\/lamisilonce.be\/fr\/#\/schema\/logo\/image\/\"}}]}<\/script>\n<!-- \/ Yoast SEO plugin. -->","yoast_head_json":{"title":"La mycose des plis cutan\u00e9s - Lamisil","description":"La mycose des plis cutan\u00e9s - le traiter et le pr\u00e9venir. Traiter la mycose des plis cutan\u00e9s en seulement 7 JOURS","robots":{"index":"index","follow":"follow","max-snippet":"max-snippet:-1","max-image-preview":"max-image-preview:large","max-video-preview":"max-video-preview:-1"},"canonical":"https:\/\/lamisilonce.be\/fr\/mycoses-de-la-peau\/la-mycose-des-plis-cutanes\/","og_locale":"fr_FR","og_type":"article","og_title":"La mycose des plis cutan\u00e9s - Lamisil","og_description":"La mycose des plis cutan\u00e9s - le traiter et le pr\u00e9venir. Traiter la mycose des plis cutan\u00e9s en seulement 7 JOURS","og_url":"https:\/\/lamisilonce.be\/fr\/mycoses-de-la-peau\/la-mycose-des-plis-cutanes\/","og_site_name":"Lamisil","article_modified_time":"2025-11-26T13:18:50+00:00","og_image":[{"url":"https:\/\/lamisilonce.be\/cdn-cgi\/image\/format=auto\/app\/uploads\/2025\/05\/background-jock-itch.jpg","type":"","width":"","height":""}],"twitter_card":"summary_large_image","twitter_misc":{"Est. reading time":"4 minutes"},"schema":{"@context":"https:\/\/schema.org","@graph":[{"@type":"WebPage","@id":"https:\/\/lamisilonce.be\/fr\/mycoses-de-la-peau\/la-mycose-des-plis-cutanes\/","url":"https:\/\/lamisilonce.be\/fr\/mycoses-de-la-peau\/la-mycose-des-plis-cutanes\/","name":"La mycose des plis cutan\u00e9s - Lamisil","isPartOf":{"@id":"https:\/\/lamisilonce.be\/fr\/#website"},"primaryImageOfPage":{"@id":"https:\/\/lamisilonce.be\/fr\/mycoses-de-la-peau\/la-mycose-des-plis-cutanes\/#primaryimage"},"image":{"@id":"https:\/\/lamisilonce.be\/fr\/mycoses-de-la-peau\/la-mycose-des-plis-cutanes\/#primaryimage"},"thumbnailUrl":"https:\/\/lamisilonce.be\/cdn-cgi\/image\/format=auto\/app\/uploads\/2025\/05\/background-jock-itch.jpg","datePublished":"2025-05-07T12:01:39+00:00","dateModified":"2025-11-26T13:18:50+00:00","description":"La mycose des plis cutan\u00e9s - le traiter et le pr\u00e9venir. Traiter la mycose des plis cutan\u00e9s en seulement 7 JOURS","breadcrumb":{"@id":"https:\/\/lamisilonce.be\/fr\/mycoses-de-la-peau\/la-mycose-des-plis-cutanes\/#breadcrumb"},"inLanguage":"fr-BE","potentialAction":[{"@type":"ReadAction","target":["https:\/\/lamisilonce.be\/fr\/mycoses-de-la-peau\/la-mycose-des-plis-cutanes\/"]}]},{"@type":"ImageObject","inLanguage":"fr-BE","@id":"https:\/\/lamisilonce.be\/fr\/mycoses-de-la-peau\/la-mycose-des-plis-cutanes\/#primaryimage","url":"https:\/\/lamisilonce.be\/cdn-cgi\/image\/format=auto\/app\/uploads\/2025\/05\/background-jock-itch.jpg","contentUrl":"https:\/\/lamisilonce.be\/cdn-cgi\/image\/format=auto\/app\/uploads\/2025\/05\/background-jock-itch.jpg"},{"@type":"BreadcrumbList","@id":"https:\/\/lamisilonce.be\/fr\/mycoses-de-la-peau\/la-mycose-des-plis-cutanes\/#breadcrumb","itemListElement":[{"@type":"ListItem","position":1,"name":"Home","item":"https:\/\/lamisilonce.be\/fr\/"},{"@type":"ListItem","position":2,"name":"Mycoses de la peau","item":"https:\/\/lamisilonce.be\/fr\/mycoses-de-la-peau\/"},{"@type":"ListItem","position":3,"name":"La mycose des plis cutan\u00e9s"}]},{"@type":"WebSite","@id":"https:\/\/lamisilonce.be\/fr\/#website","url":"https:\/\/lamisilonce.be\/fr\/","name":"Lamisil","description":"","publisher":{"@id":"https:\/\/lamisilonce.be\/fr\/#organization"},"potentialAction":[{"@type":"SearchAction","target":{"@type":"EntryPoint","urlTemplate":"https:\/\/lamisilonce.be\/fr\/?s={search_term_string}"},"query-input":{"@type":"PropertyValueSpecification","valueRequired":true,"valueName":"search_term_string"}}],"inLanguage":"fr-BE"},{"@type":"Organization","@id":"https:\/\/lamisilonce.be\/fr\/#organization","name":"Lamisil","url":"https:\/\/lamisilonce.be\/fr\/","logo":{"@type":"ImageObject","inLanguage":"fr-BE","@id":"https:\/\/lamisilonce.be\/fr\/#\/schema\/logo\/image\/","url":"https:\/\/lamisilonce.be\/app\/uploads\/2024\/02\/Lamisil-logo.png","contentUrl":"https:\/\/lamisilonce.be\/app\/uploads\/2024\/02\/Lamisil-logo.png","width":207,"height":32,"caption":"Lamisil"},"image":{"@id":"https:\/\/lamisilonce.be\/fr\/#\/schema\/logo\/image\/"}}]}},"_links":{"self":[{"href":"https:\/\/lamisilonce.be\/fr\/wp-json\/wp\/v2\/pages\/327","targetHints":{"allow":["GET"]}}],"collection":[{"href":"https:\/\/lamisilonce.be\/fr\/wp-json\/wp\/v2\/pages"}],"about":[{"href":"https:\/\/lamisilonce.be\/fr\/wp-json\/wp\/v2\/types\/page"}],"author":[{"embeddable":true,"href":"https:\/\/lamisilonce.be\/fr\/wp-json\/wp\/v2\/users\/2"}],"replies":[{"embeddable":true,"href":"https:\/\/lamisilonce.be\/fr\/wp-json\/wp\/v2\/comments?post=327"}],"version-history":[{"count":7,"href":"https:\/\/lamisilonce.be\/fr\/wp-json\/wp\/v2\/pages\/327\/revisions"}],"predecessor-version":[{"id":659,"href":"https:\/\/lamisilonce.be\/fr\/wp-json\/wp\/v2\/pages\/327\/revisions\/659"}],"up":[{"embeddable":true,"href":"https:\/\/lamisilonce.be\/fr\/wp-json\/wp\/v2\/pages\/321"}],"wp:attachment":[{"href":"https:\/\/lamisilonce.be\/fr\/wp-json\/wp\/v2\/media?parent=327"}],"wp:term":[{"taxonomy":"from-article-database","embeddable":true,"href":"https:\/\/lamisilonce.be\/fr\/wp-json\/wp\/v2\/from-article-database?post=327"}],"curies":[{"name":"wp","href":"https:\/\/api.w.org\/{rel}","templated":true}]}}