{"id":336,"date":"2024-03-07T07:39:35","date_gmt":"2024-03-07T07:39:35","guid":{"rendered":"https:\/\/lamisilonce.be\/?page_id=336"},"modified":"2025-11-26T13:18:51","modified_gmt":"2025-11-26T13:18:51","slug":"symptomes","status":"publish","type":"page","link":"https:\/\/lamisilonce.be\/fr\/la-mycose-du-pied\/symptomes\/","title":{"rendered":"Sympt\u00f4mes"},"content":{"rendered":"\n<div class=\"wp-block-karopharma-background-image-with-text-v2 background-image-with-text-v2 undefined content-position-left fixed-height-layout svarttext\" datatest=\"root\"><div class=\"background-image-with-text-wrapper\"><picture class=\"background-image-with-text-image\"><source media=\"(max-width: 560px)\" srcset=\"https:\/\/lamisilonce.be\/cdn-cgi\/image\/format=auto,width=560\/app\/uploads\/2025\/05\/background-symptoms-athletes-foot.jpg\"\/><source media=\"(max-width: 800px)\" srcset=\"https:\/\/lamisilonce.be\/cdn-cgi\/image\/format=auto,width=800\/app\/uploads\/2025\/05\/background-symptoms-athletes-foot.jpg\"\/><source media=\"(max-width: 1920px)\" srcset=\"https:\/\/lamisilonce.be\/cdn-cgi\/image\/format=auto,width=1920\/app\/uploads\/2025\/05\/background-symptoms-athletes-foot.jpg\"\/><img decoding=\"async\" width=\"1920\" height=\"600\" datatest=\"background-image\" loading=\"lazy\" class=\"object-center object-cover\" src=\"https:\/\/lamisilonce.be\/cdn-cgi\/image\/format=auto\/app\/uploads\/2025\/05\/background-symptoms-athletes-foot.jpg\" alt=\"background-symptoms-athletes-foot\"\/><\/picture><div datatest=\"content-wrapper\" class=\"background-image-with-text-content-wrapper container max-w-medium text-alignment-left  pt-large pb-large\"><div class=\"content\"><h1 datatest=\"heading\" class=\"responsive-heading\"><em>Sympt\u00f4mes de la mycose du pied<\/em><\/h1><p class=\"body\" datatest=\"body\">Les signes de la mycose du pied peuvent \u00eatre douloureux, inesth\u00e9tiques et rendre la marche difficile, surtout en cas d&#8217;infections tenaces et non trait\u00e9es.<br><br><strong>Il existe diff\u00e9rents sympt\u00f4mes de la mycose du pied. Leur gravit\u00e9 peut varier consid\u00e9rablement et ils ne se manifestent pas toujours en m\u00eame temps.<\/strong><\/p>\n<div class=\"wp-block-buttons is-layout-flex wp-block-buttons-is-layout-flex\">\n<div class=\"wp-block-button is-style-secondary-button\"><a class=\"wp-block-button__link wp-element-button\" href=\"https:\/\/lamisilonce.be\/fr\/la-mycose-du-pied\/traiter-et-prevenir\/\">Traiter et pr\u00e9venir<\/a><\/div>\n\n\n\n<div class=\"wp-block-button is-style-secondary-outlined-button\"><a class=\"wp-block-button__link wp-element-button\" href=\"https:\/\/lamisilonce.be\/fr\/medicaments\/\">Voir les m\u00e9dicaments<\/a><\/div>\n<\/div>\n<\/div><\/div><\/div><\/div>\n\n\n\n<div class=\"wp-block-karopharma-free-text pt-large pb-large bg-center bg-cover bg-no-repeat  is-style-transparent\" style=\"background-image:url()\"><div class=\"free-text-wrapper container max-w-medium text-left\">\n<h2 class=\"wp-block-heading is-style-heading-h2 has-secondary-color has-text-color\">Sympt\u00f4mes les plus courants de la mycose du pied<\/h2>\n\n\n\n<ul class=\"wp-block-list is-style-icon\">\n<li>D\u00e9mangeaisons ou br\u00fblures entre les orteils ou sur la plante des pieds<\/li>\n\n\n\n<li>Peau blanche et suintante entre les orteils<\/li>\n\n\n\n<li>Peau squameuse ou petites fissures sur les pieds ou entre les orteils<\/li>\n\n\n\n<li>Rougeur entre les orteils<\/li>\n\n\n\n<li>Cloques sur la peau des pieds<\/li>\n<\/ul>\n\n\n\n<h3 class=\"wp-block-heading is-style-heading-h3 has-primary-color has-text-color\">Autres sympt\u00f4mes<\/h3>\n\n\n\n<ul class=\"wp-block-list is-style-icon\">\n<li>Ampoules ouvertes qui provoquent des douleurs et des gonflements<\/li>\n\n\n\n<li>Peau \u00e9paisse, s\u00e8che et squameuse sur la plante et les c\u00f4t\u00e9s des pieds<\/li>\n\n\n\n<li>Une odeur d\u00e9sagr\u00e9able est possible avec des infections graves<\/li>\n<\/ul>\n<\/div><\/div>\n\n\n\n<div class=\"wp-block-karopharma-free-text pt-large pb-large bg-center bg-cover bg-no-repeat  is-style-secondary\" style=\"background-image:url()\"><div class=\"free-text-wrapper container max-w-medium text-left\">\n<h2 class=\"wp-block-heading is-style-heading-h2 has-primary-color has-text-color\">O\u00f9 puis-je rep\u00e9rer le champignon sur mes pieds ?<\/h2>\n\n\n\n<h3 class=\"wp-block-heading is-style-heading-h4\">Entre les orteils<\/h3>\n\n\n\n<p>Une desquamation peut appara\u00eetre entre vos orteils et la peau peut para\u00eetre blanche et gonfl\u00e9e en raison d&#8217;un exc\u00e8s d&#8217;humidit\u00e9. Ces deux sympt\u00f4mes peuvent \u00eatre le signe du de la mycose du pied.<\/p>\n\n\n\n<figure class=\"wp-block-image size-full\"><img decoding=\"async\" src=\"https:\/\/stage.lamisil.nl\/app\/uploads\/2024\/01\/fusspilz-mont-1.jpg\" alt=\"Waar kan ik de schimmel op mijn voeten ontdekken?\" class=\"wp-image-152\"\/><\/figure>\n<\/div><\/div>\n\n\n\n<div class=\"wp-block-karopharma-free-text pt-large pb-large bg-center bg-cover bg-no-repeat\" style=\"background-image:url()\"><div class=\"free-text-wrapper container max-w-medium text-center\">\n<h2 class=\"wp-block-heading is-style-heading-h2 has-secondary-color has-text-color\">Quelles sont les personnes les plus expos\u00e9es \u00e0 la mycose du pied ?<\/h2>\n\n\n\n<p class=\"is-style-paragraph-preamble\">Une mycose du pied peut toucher n&#8217;importe qui. Cependant, certaines personnes sont plus sensibles que d&#8217;autres \u00e0 ce type de champignon. Les groupes \u00e0 risque sont les suivants :<\/p>\n<\/div><\/div>\n\n\n\n<div class=\"wp-block-karopharma-several-images-with-text several-images-with-text is-style-transparent\"><div class=\"container large col-1 content-align-center\" test-data=\"inner-content\">\n<section class=\"wp-block-karopharma-image-with-text image-with-text image-with-text__full-width\"><div class=\"image-with-text-container \"><div class=\"image-with-text-container-image-container\"><img decoding=\"async\" loading=\"lazy\" src=\"https:\/\/lamisilonce.be\/cdn-cgi\/image\/format=auto\/app\/uploads\/2024\/03\/People-with-chronic-illnesses-icon.png\" alt=\"Symptomen van voetschimmelDe symptomen van voetschimmel kunnen pijnlijk en vervelend zijn en het lopen moeilijk maken, vooral bij hardnekkige en onbehandelde infecties.Er zijn verschillende symptomen van voetschimmel. Ze kunnen sterk vari\u00ebren in ernst en treden niet altijd op hetzelfde moment op. Behandelen &amp; voorkomen Bekijk producten Meest voorkomende symptomen van voetschimmel Jeuk of een branderig gevoel tussen de tenen of op de voetzolenWitte, etterende huid tussen de tenenSchilferige huid of kleine kloven op de voeten of tussen de tenenRoodheid tussen de tenenBlaarvorming op de huid van de voeten Meer symptomen Open blaren die pijn en zwelling veroorzakenDikke, droge, schilferige huid op de zolen en zijkanten van de voetenEen onaangename geur is mogelijk bij ernstige infecties Waar kan ik de schimmel op mijn voeten zien? Tussen je tenen Tussen je tenen kan schilferige huid verschijnen en de huid kan wit en gezwollen lijken door overtollig vocht. Beide symptomen kunnen tekenen zijn van een voetschimmelinfectie. Wie loopt er een verhoogd risico op voetschimmel? Een voetschimmelinfectie kan iedereen treffen. Sommige mensen zijn echter gevoeliger voor deze schimmel dan anderen. De risicogroepen zijn onder andere: Mensen met een chronische ziekte, bijvoorbeeld diabetici. Als je diabetes mellitus hebt, moet je bij de eerste tekenen van voetschimmel naar de dokter gaan. Mensen die veel sporten. Mensen die in warme gebieden met een hoge luchtvochtigheid wonen. Mensen die speciale luchtdichte schoenen dragen, zoals laarzen voor hun werk. Producten voor de behandeling van voetschimmel\"\/><\/div><div class=\"image-with-text-container-content\" style=\"text-align:left\" data-test=\"content\"><div class=\"content\"><p class=\"body\" data-test=\"body\">Les personnes souffrant de maladies chroniques, par exemple les personnes diab\u00e9tiques. Si vous souffrez de diab\u00e8te, vous devez consulter un m\u00e9decin d\u00e8s les premiers signes de mycose du pied.<\/p>\n<div class=\"wp-block-buttons is-layout-flex wp-block-buttons-is-layout-flex\"><\/div>\n<\/div><\/div><\/div><\/section>\n\n\n\n<section class=\"wp-block-karopharma-image-with-text image-with-text image-with-text__full-width\"><div class=\"image-with-text-container \"><div class=\"image-with-text-container-image-container\"><img decoding=\"async\" loading=\"lazy\" src=\"https:\/\/lamisilonce.be\/cdn-cgi\/image\/format=auto\/app\/uploads\/2024\/03\/People-who-do-a-lot-of-sports-icon.png\" alt=\"Mensen die veel sporten.\"\/><\/div><div class=\"image-with-text-container-content\" style=\"text-align:left\" data-test=\"content\"><div class=\"content\"><p class=\"body\" data-test=\"body\">Les personnes qui font beaucoup de sport.<\/p>\n<div class=\"wp-block-buttons is-layout-flex wp-block-buttons-is-layout-flex\"><\/div>\n<\/div><\/div><\/div><\/section>\n\n\n\n<section class=\"wp-block-karopharma-image-with-text image-with-text image-with-text__full-width\"><div class=\"image-with-text-container \"><div class=\"image-with-text-container-image-container\"><img decoding=\"async\" loading=\"lazy\" src=\"https:\/\/lamisilonce.be\/cdn-cgi\/image\/format=auto\/app\/uploads\/2024\/03\/People-living-in-warm-areas-icon.png\" alt=\"Mensen die in warme gebieden\"\/><\/div><div class=\"image-with-text-container-content\" style=\"text-align:left\" data-test=\"content\"><div class=\"content\"><p class=\"body\" data-test=\"body\">Les personnes vivant dans des r\u00e9gions chaudes \u00e0 forte humidit\u00e9.<\/p>\n<div class=\"wp-block-buttons is-layout-flex wp-block-buttons-is-layout-flex\"><\/div>\n<\/div><\/div><\/div><\/section>\n\n\n\n<section class=\"wp-block-karopharma-image-with-text image-with-text image-with-text__full-width\"><div class=\"image-with-text-container \"><div class=\"image-with-text-container-image-container\"><img decoding=\"async\" loading=\"lazy\" src=\"https:\/\/lamisilonce.be\/cdn-cgi\/image\/format=auto\/app\/uploads\/2024\/03\/People-who-wear-special-airtight-shoes-icon.png\" alt=\"Mensen die speciale luchtdichte schoenen dragen\"\/><\/div><div class=\"image-with-text-container-content\" style=\"text-align:left\" data-test=\"content\"><div class=\"content\"><p class=\"body\" data-test=\"body\">Les personnes qui portent des chaussures sp\u00e9ciales \u00e9tanches \u00e0 l&#8217;air, telles que des bottes de travail.<\/p>\n<div class=\"wp-block-buttons is-layout-flex wp-block-buttons-is-layout-flex\"><\/div>\n<\/div><\/div><\/div><\/section>\n<\/div><\/div>\n\n\n\n<div style=\"height:100px\" aria-hidden=\"true\" class=\"wp-block-spacer is-style-responsive-small\"><\/div>\n\n\n\n<div class=\"wp-block-karopharma-free-text pt-large pb-none bg-center bg-cover bg-no-repeat  is-style-primary\" style=\"background-image:url()\"><div class=\"free-text-wrapper container max-w-medium text-center\">\n<h2 class=\"wp-block-heading is-style-heading-h2 has-primary-color has-text-color\">M\u00e9dicaments pour le traitement de la mycose du pied<\/h2>\n<\/div><\/div>\n\n\n<div class=\"product-list wp-block-karopharma-product-list is-style-primary\" data-testid=\"product-list\">\n      <div class=\"swiper-container\">\n      <div class=\"swiper\">\n        <div class=\"swiper-wrapper\">\n                      <div class=\"swiper-slide\">\n              <div class=\"product-card\" data-testid=\"product-card\">\n  <a\n    href=https:\/\/lamisilonce.be\/fr\/product\/lamisil-once\/\n    class=\"product-card-link\"\n    title=\"Lamisil Once\"\n  >\n  <figure class=\"product-card-image\" data-testid=\"product-image\">\n                          <img decoding=\"async\" src=\"https:\/\/lamisilonce.be\/cdn-cgi\/image\/width=700,format=auto\/app\/uploads\/2025\/05\/Box-Tube-ONCE-BE_LU.png\"\n        srcset=\"https:\/\/lamisilonce.be\/cdn-cgi\/image\/width=250,format=auto\/app\/uploads\/2025\/05\/Box-Tube-ONCE-BE_LU.png 250w,\n                https:\/\/lamisilonce.be\/cdn-cgi\/image\/width=500,format=auto\/app\/uploads\/2025\/05\/Box-Tube-ONCE-BE_LU.png 500w,\n                https:\/\/lamisilonce.be\/cdn-cgi\/image\/width=700,format=auto\/app\/uploads\/2025\/05\/Box-Tube-ONCE-BE_LU.png 700w\"\n        sizes=\"(max-width: 400px) 250px, (max-width: 800px) 500px, 700px\"\n        alt=\"Lamisil Once\"\n        class=\"img\">\n            <\/figure>\n    <div class=\"product-card-content\">\n      <div class=\"heading-wrapper\">\n        <h2 class=\"heading\">Lamisil Once<\/h2>\n      <\/div>\n      <div class=\"product-card-description\">Traite et oublie : <br>\nApplication unique &#8211; agit jusqu&#8217;\u00e0 13 jours. <br>\nAide \u00e0 lutter contre la mycose du pied avec seulement une application.<\/div>\n                      <\/div>\n  <\/a>\n      <div class=\"button-wrapper\">\n    <a\n      href=https:\/\/lamisilonce.be\/fr\/product\/lamisil-once\/\n      target=_self\n      class=\"theme-button button-primary-color rounded-button\"\n      rel=\"noopener\"\n      title=\"En savoir plus\"\n    >\n       En savoir plus\n    <\/a>\n<\/div>  <\/div>\n            <\/div>\n                      <div class=\"swiper-slide\">\n              <div class=\"product-card\" data-testid=\"product-card\">\n  <a\n    href=https:\/\/lamisilonce.be\/fr\/product\/lamisil-creme\/\n    class=\"product-card-link\"\n    title=\"Lamisil Cr\u00e8me\"\n  >\n  <figure class=\"product-card-image\" data-testid=\"product-image\">\n                          <img decoding=\"async\" src=\"https:\/\/lamisilonce.be\/cdn-cgi\/image\/width=700,format=auto\/app\/uploads\/2025\/05\/Lamisil-Cream-15g.png\"\n        srcset=\"https:\/\/lamisilonce.be\/cdn-cgi\/image\/width=250,format=auto\/app\/uploads\/2025\/05\/Lamisil-Cream-15g.png 250w,\n                https:\/\/lamisilonce.be\/cdn-cgi\/image\/width=500,format=auto\/app\/uploads\/2025\/05\/Lamisil-Cream-15g.png 500w,\n                https:\/\/lamisilonce.be\/cdn-cgi\/image\/width=700,format=auto\/app\/uploads\/2025\/05\/Lamisil-Cream-15g.png 700w\"\n        sizes=\"(max-width: 400px) 250px, (max-width: 800px) 500px, 700px\"\n        alt=\"Lamisil Cr\u00e8me\"\n        class=\"img\">\n            <\/figure>\n    <div class=\"product-card-content\">\n      <div class=\"heading-wrapper\">\n        <h2 class=\"heading\">Lamisil Cr\u00e8me<\/h2>\n      <\/div>\n      <div class=\"product-card-description\">Contre les mycoses des pieds, les mycoses des surfaces et les mycoses des plis cutan\u00e9s :<br>1. Tue le champignon<br>2. Apaise les sympt\u00f4mes<\/div>\n                      <\/div>\n  <\/a>\n      <div class=\"button-wrapper\">\n    <a\n      href=https:\/\/lamisilonce.be\/fr\/product\/lamisil-creme\/\n      target=_self\n      class=\"theme-button button-primary-color rounded-button\"\n      rel=\"noopener\"\n      title=\"En savoir plus\"\n    >\n       En savoir plus\n    <\/a>\n<\/div>  <\/div>\n            <\/div>\n                      <div class=\"swiper-slide\">\n              <div class=\"product-card\" data-testid=\"product-card\">\n  <a\n    href=https:\/\/lamisilonce.be\/fr\/product\/lamisil-dermgel\/\n    class=\"product-card-link\"\n    title=\"Lamisil Dermgel\"\n  >\n  <figure class=\"product-card-image\" data-testid=\"product-image\">\n                          <img decoding=\"async\" src=\"https:\/\/lamisilonce.be\/cdn-cgi\/image\/width=700,format=auto\/app\/uploads\/2025\/05\/Box-Tube-Gel.png\"\n        srcset=\"https:\/\/lamisilonce.be\/cdn-cgi\/image\/width=250,format=auto\/app\/uploads\/2025\/05\/Box-Tube-Gel.png 250w,\n                https:\/\/lamisilonce.be\/cdn-cgi\/image\/width=500,format=auto\/app\/uploads\/2025\/05\/Box-Tube-Gel.png 500w,\n                https:\/\/lamisilonce.be\/cdn-cgi\/image\/width=700,format=auto\/app\/uploads\/2025\/05\/Box-Tube-Gel.png 700w\"\n        sizes=\"(max-width: 400px) 250px, (max-width: 800px) 500px, 700px\"\n        alt=\"Lamisil Dermgel\"\n        class=\"img\">\n            <\/figure>\n    <div class=\"product-card-content\">\n      <div class=\"heading-wrapper\">\n        <h2 class=\"heading\">Lamisil Dermgel<\/h2>\n      <\/div>\n      <div class=\"product-card-description\">Contre les mycoses des pieds, les mycoses des surfaces et les mycoses des plis cutan\u00e9s : <br>1. Tue le champignon <br>2. Apaise les sympt\u00f4mes <br>3. Rafra\u00eechit la peau<\/div>\n                      <\/div>\n  <\/a>\n      <div class=\"button-wrapper\">\n    <a\n      href=https:\/\/lamisilonce.be\/fr\/product\/lamisil-dermgel\/\n      target=_self\n      class=\"theme-button button-primary-color rounded-button\"\n      rel=\"noopener\"\n      title=\"En savoir plus\"\n    >\n       En savoir plus\n    <\/a>\n<\/div>  <\/div>\n            <\/div>\n                  <\/div>\n        <div class=\"swiper-scrollbar\"><\/div>\n      <\/div>\n    <\/div>\n  <\/div>\n","protected":false},"excerpt":{"rendered":"","protected":false},"author":2,"featured_media":0,"parent":323,"menu_order":2,"comment_status":"closed","ping_status":"closed","template":"","meta":{"_acf_changed":false,"footnotes":""},"from-article-database":[],"class_list":["post-336","page","type-page","status-publish","hentry"],"acf":[],"yoast_head":"<!-- This site is optimized with the Yoast SEO plugin v26.6 - https:\/\/yoast.com\/wordpress\/plugins\/seo\/ -->\n<title>Sympt\u00f4mes - Lamisil<\/title>\n<meta name=\"description\" content=\"Les signes de la mycose du pied peuvent \u00eatre douloureux, inesth\u00e9tiques et rendre la marche difficile, surtout en cas d&#039;infections tenaces et non trait\u00e9es.\" \/>\n<meta name=\"robots\" content=\"index, follow, max-snippet:-1, max-image-preview:large, max-video-preview:-1\" \/>\n<link rel=\"canonical\" href=\"https:\/\/lamisilonce.be\/fr\/la-mycose-du-pied\/symptomes\/\" \/>\n<meta property=\"og:locale\" content=\"fr_FR\" \/>\n<meta property=\"og:type\" content=\"article\" \/>\n<meta property=\"og:title\" content=\"Sympt\u00f4mes - Lamisil\" \/>\n<meta property=\"og:description\" content=\"Les signes de la mycose du pied peuvent \u00eatre douloureux, inesth\u00e9tiques et rendre la marche difficile, surtout en cas d&#039;infections tenaces et non trait\u00e9es.\" \/>\n<meta property=\"og:url\" content=\"https:\/\/lamisilonce.be\/fr\/la-mycose-du-pied\/symptomes\/\" \/>\n<meta property=\"og:site_name\" content=\"Lamisil\" \/>\n<meta property=\"article:modified_time\" content=\"2025-11-26T13:18:51+00:00\" \/>\n<meta property=\"og:image\" content=\"https:\/\/lamisilonce.be\/cdn-cgi\/image\/format=auto\/app\/uploads\/2025\/05\/background-symptoms-athletes-foot.jpg\" \/>\n<meta name=\"twitter:card\" content=\"summary_large_image\" \/>\n<meta name=\"twitter:label1\" content=\"Est. reading time\" \/>\n\t<meta name=\"twitter:data1\" content=\"3 minutes\" \/>\n<script type=\"application\/ld+json\" class=\"yoast-schema-graph\">{\"@context\":\"https:\/\/schema.org\",\"@graph\":[{\"@type\":\"WebPage\",\"@id\":\"https:\/\/lamisilonce.be\/fr\/la-mycose-du-pied\/symptomes\/\",\"url\":\"https:\/\/lamisilonce.be\/fr\/la-mycose-du-pied\/symptomes\/\",\"name\":\"Sympt\u00f4mes - Lamisil\",\"isPartOf\":{\"@id\":\"https:\/\/lamisilonce.be\/fr\/#website\"},\"primaryImageOfPage\":{\"@id\":\"https:\/\/lamisilonce.be\/fr\/la-mycose-du-pied\/symptomes\/#primaryimage\"},\"image\":{\"@id\":\"https:\/\/lamisilonce.be\/fr\/la-mycose-du-pied\/symptomes\/#primaryimage\"},\"thumbnailUrl\":\"https:\/\/lamisilonce.be\/cdn-cgi\/image\/format=auto\/app\/uploads\/2025\/05\/background-symptoms-athletes-foot.jpg\",\"datePublished\":\"2024-03-07T07:39:35+00:00\",\"dateModified\":\"2025-11-26T13:18:51+00:00\",\"description\":\"Les signes de la mycose du pied peuvent \u00eatre douloureux, inesth\u00e9tiques et rendre la marche difficile, surtout en cas d'infections tenaces et non trait\u00e9es.\",\"breadcrumb\":{\"@id\":\"https:\/\/lamisilonce.be\/fr\/la-mycose-du-pied\/symptomes\/#breadcrumb\"},\"inLanguage\":\"fr-BE\",\"potentialAction\":[{\"@type\":\"ReadAction\",\"target\":[\"https:\/\/lamisilonce.be\/fr\/la-mycose-du-pied\/symptomes\/\"]}]},{\"@type\":\"ImageObject\",\"inLanguage\":\"fr-BE\",\"@id\":\"https:\/\/lamisilonce.be\/fr\/la-mycose-du-pied\/symptomes\/#primaryimage\",\"url\":\"https:\/\/lamisilonce.be\/cdn-cgi\/image\/format=auto\/app\/uploads\/2025\/05\/background-symptoms-athletes-foot.jpg\",\"contentUrl\":\"https:\/\/lamisilonce.be\/cdn-cgi\/image\/format=auto\/app\/uploads\/2025\/05\/background-symptoms-athletes-foot.jpg\"},{\"@type\":\"BreadcrumbList\",\"@id\":\"https:\/\/lamisilonce.be\/fr\/la-mycose-du-pied\/symptomes\/#breadcrumb\",\"itemListElement\":[{\"@type\":\"ListItem\",\"position\":1,\"name\":\"Home\",\"item\":\"https:\/\/lamisilonce.be\/fr\/\"},{\"@type\":\"ListItem\",\"position\":2,\"name\":\"La mycose du pied\",\"item\":\"https:\/\/lamisilonce.be\/fr\/la-mycose-du-pied\/\"},{\"@type\":\"ListItem\",\"position\":3,\"name\":\"Sympt\u00f4mes\"}]},{\"@type\":\"WebSite\",\"@id\":\"https:\/\/lamisilonce.be\/fr\/#website\",\"url\":\"https:\/\/lamisilonce.be\/fr\/\",\"name\":\"Lamisil\",\"description\":\"\",\"publisher\":{\"@id\":\"https:\/\/lamisilonce.be\/fr\/#organization\"},\"potentialAction\":[{\"@type\":\"SearchAction\",\"target\":{\"@type\":\"EntryPoint\",\"urlTemplate\":\"https:\/\/lamisilonce.be\/fr\/?s={search_term_string}\"},\"query-input\":{\"@type\":\"PropertyValueSpecification\",\"valueRequired\":true,\"valueName\":\"search_term_string\"}}],\"inLanguage\":\"fr-BE\"},{\"@type\":\"Organization\",\"@id\":\"https:\/\/lamisilonce.be\/fr\/#organization\",\"name\":\"Lamisil\",\"url\":\"https:\/\/lamisilonce.be\/fr\/\",\"logo\":{\"@type\":\"ImageObject\",\"inLanguage\":\"fr-BE\",\"@id\":\"https:\/\/lamisilonce.be\/fr\/#\/schema\/logo\/image\/\",\"url\":\"https:\/\/lamisilonce.be\/app\/uploads\/2024\/02\/Lamisil-logo.png\",\"contentUrl\":\"https:\/\/lamisilonce.be\/app\/uploads\/2024\/02\/Lamisil-logo.png\",\"width\":207,\"height\":32,\"caption\":\"Lamisil\"},\"image\":{\"@id\":\"https:\/\/lamisilonce.be\/fr\/#\/schema\/logo\/image\/\"}}]}<\/script>\n<!-- \/ Yoast SEO plugin. -->","yoast_head_json":{"title":"Sympt\u00f4mes - Lamisil","description":"Les signes de la mycose du pied peuvent \u00eatre douloureux, inesth\u00e9tiques et rendre la marche difficile, surtout en cas d'infections tenaces et non trait\u00e9es.","robots":{"index":"index","follow":"follow","max-snippet":"max-snippet:-1","max-image-preview":"max-image-preview:large","max-video-preview":"max-video-preview:-1"},"canonical":"https:\/\/lamisilonce.be\/fr\/la-mycose-du-pied\/symptomes\/","og_locale":"fr_FR","og_type":"article","og_title":"Sympt\u00f4mes - Lamisil","og_description":"Les signes de la mycose du pied peuvent \u00eatre douloureux, inesth\u00e9tiques et rendre la marche difficile, surtout en cas d'infections tenaces et non trait\u00e9es.","og_url":"https:\/\/lamisilonce.be\/fr\/la-mycose-du-pied\/symptomes\/","og_site_name":"Lamisil","article_modified_time":"2025-11-26T13:18:51+00:00","og_image":[{"url":"https:\/\/lamisilonce.be\/cdn-cgi\/image\/format=auto\/app\/uploads\/2025\/05\/background-symptoms-athletes-foot.jpg","type":"","width":"","height":""}],"twitter_card":"summary_large_image","twitter_misc":{"Est. reading time":"3 minutes"},"schema":{"@context":"https:\/\/schema.org","@graph":[{"@type":"WebPage","@id":"https:\/\/lamisilonce.be\/fr\/la-mycose-du-pied\/symptomes\/","url":"https:\/\/lamisilonce.be\/fr\/la-mycose-du-pied\/symptomes\/","name":"Sympt\u00f4mes - Lamisil","isPartOf":{"@id":"https:\/\/lamisilonce.be\/fr\/#website"},"primaryImageOfPage":{"@id":"https:\/\/lamisilonce.be\/fr\/la-mycose-du-pied\/symptomes\/#primaryimage"},"image":{"@id":"https:\/\/lamisilonce.be\/fr\/la-mycose-du-pied\/symptomes\/#primaryimage"},"thumbnailUrl":"https:\/\/lamisilonce.be\/cdn-cgi\/image\/format=auto\/app\/uploads\/2025\/05\/background-symptoms-athletes-foot.jpg","datePublished":"2024-03-07T07:39:35+00:00","dateModified":"2025-11-26T13:18:51+00:00","description":"Les signes de la mycose du pied peuvent \u00eatre douloureux, inesth\u00e9tiques et rendre la marche difficile, surtout en cas d'infections tenaces et non trait\u00e9es.","breadcrumb":{"@id":"https:\/\/lamisilonce.be\/fr\/la-mycose-du-pied\/symptomes\/#breadcrumb"},"inLanguage":"fr-BE","potentialAction":[{"@type":"ReadAction","target":["https:\/\/lamisilonce.be\/fr\/la-mycose-du-pied\/symptomes\/"]}]},{"@type":"ImageObject","inLanguage":"fr-BE","@id":"https:\/\/lamisilonce.be\/fr\/la-mycose-du-pied\/symptomes\/#primaryimage","url":"https:\/\/lamisilonce.be\/cdn-cgi\/image\/format=auto\/app\/uploads\/2025\/05\/background-symptoms-athletes-foot.jpg","contentUrl":"https:\/\/lamisilonce.be\/cdn-cgi\/image\/format=auto\/app\/uploads\/2025\/05\/background-symptoms-athletes-foot.jpg"},{"@type":"BreadcrumbList","@id":"https:\/\/lamisilonce.be\/fr\/la-mycose-du-pied\/symptomes\/#breadcrumb","itemListElement":[{"@type":"ListItem","position":1,"name":"Home","item":"https:\/\/lamisilonce.be\/fr\/"},{"@type":"ListItem","position":2,"name":"La mycose du pied","item":"https:\/\/lamisilonce.be\/fr\/la-mycose-du-pied\/"},{"@type":"ListItem","position":3,"name":"Sympt\u00f4mes"}]},{"@type":"WebSite","@id":"https:\/\/lamisilonce.be\/fr\/#website","url":"https:\/\/lamisilonce.be\/fr\/","name":"Lamisil","description":"","publisher":{"@id":"https:\/\/lamisilonce.be\/fr\/#organization"},"potentialAction":[{"@type":"SearchAction","target":{"@type":"EntryPoint","urlTemplate":"https:\/\/lamisilonce.be\/fr\/?s={search_term_string}"},"query-input":{"@type":"PropertyValueSpecification","valueRequired":true,"valueName":"search_term_string"}}],"inLanguage":"fr-BE"},{"@type":"Organization","@id":"https:\/\/lamisilonce.be\/fr\/#organization","name":"Lamisil","url":"https:\/\/lamisilonce.be\/fr\/","logo":{"@type":"ImageObject","inLanguage":"fr-BE","@id":"https:\/\/lamisilonce.be\/fr\/#\/schema\/logo\/image\/","url":"https:\/\/lamisilonce.be\/app\/uploads\/2024\/02\/Lamisil-logo.png","contentUrl":"https:\/\/lamisilonce.be\/app\/uploads\/2024\/02\/Lamisil-logo.png","width":207,"height":32,"caption":"Lamisil"},"image":{"@id":"https:\/\/lamisilonce.be\/fr\/#\/schema\/logo\/image\/"}}]}},"_links":{"self":[{"href":"https:\/\/lamisilonce.be\/fr\/wp-json\/wp\/v2\/pages\/336","targetHints":{"allow":["GET"]}}],"collection":[{"href":"https:\/\/lamisilonce.be\/fr\/wp-json\/wp\/v2\/pages"}],"about":[{"href":"https:\/\/lamisilonce.be\/fr\/wp-json\/wp\/v2\/types\/page"}],"author":[{"embeddable":true,"href":"https:\/\/lamisilonce.be\/fr\/wp-json\/wp\/v2\/users\/2"}],"replies":[{"embeddable":true,"href":"https:\/\/lamisilonce.be\/fr\/wp-json\/wp\/v2\/comments?post=336"}],"version-history":[{"count":3,"href":"https:\/\/lamisilonce.be\/fr\/wp-json\/wp\/v2\/pages\/336\/revisions"}],"predecessor-version":[{"id":667,"href":"https:\/\/lamisilonce.be\/fr\/wp-json\/wp\/v2\/pages\/336\/revisions\/667"}],"up":[{"embeddable":true,"href":"https:\/\/lamisilonce.be\/fr\/wp-json\/wp\/v2\/pages\/323"}],"wp:attachment":[{"href":"https:\/\/lamisilonce.be\/fr\/wp-json\/wp\/v2\/media?parent=336"}],"wp:term":[{"taxonomy":"from-article-database","embeddable":true,"href":"https:\/\/lamisilonce.be\/fr\/wp-json\/wp\/v2\/from-article-database?post=336"}],"curies":[{"name":"wp","href":"https:\/\/api.w.org\/{rel}","templated":true}]}}