{"id":338,"date":"2024-03-07T07:36:08","date_gmt":"2024-03-07T07:36:08","guid":{"rendered":"https:\/\/lamisilonce.be\/?page_id=338"},"modified":"2025-11-26T13:18:51","modified_gmt":"2025-11-26T13:18:51","slug":"quest-ce-que-la-mycose-du-pied","status":"publish","type":"page","link":"https:\/\/lamisilonce.be\/fr\/la-mycose-du-pied\/quest-ce-que-la-mycose-du-pied\/","title":{"rendered":"Qu&#8217;est-ce que la mycose du pied ?"},"content":{"rendered":"\n<div class=\"wp-block-karopharma-background-image-with-text-v2 background-image-with-text-v2 undefined content-position-left fixed-height-layout svarttext\" datatest=\"root\"><div class=\"background-image-with-text-wrapper\"><picture class=\"background-image-with-text-image\"><source media=\"(max-width: 560px)\" srcset=\"https:\/\/lamisilonce.be\/cdn-cgi\/image\/format=auto,width=560\/app\/uploads\/2025\/05\/background-what-is-athletes-foot.jpg\"\/><source media=\"(max-width: 800px)\" srcset=\"https:\/\/lamisilonce.be\/cdn-cgi\/image\/format=auto,width=800\/app\/uploads\/2025\/05\/background-what-is-athletes-foot.jpg\"\/><source media=\"(max-width: 1920px)\" srcset=\"https:\/\/lamisilonce.be\/cdn-cgi\/image\/format=auto,width=1920\/app\/uploads\/2025\/05\/background-what-is-athletes-foot.jpg\"\/><img decoding=\"async\" width=\"1920\" height=\"600\" datatest=\"background-image\" loading=\"lazy\" class=\"object-center object-cover\" src=\"https:\/\/lamisilonce.be\/cdn-cgi\/image\/format=auto\/app\/uploads\/2025\/05\/background-what-is-athletes-foot.jpg\" alt=\"background-what-is-athletes-foot\"\/><\/picture><div datatest=\"content-wrapper\" class=\"background-image-with-text-content-wrapper container max-w-medium text-alignment-left  pt-large pb-large\"><div class=\"content\"><h1 datatest=\"heading\" class=\"responsive-heading\"><em>Qu&#8217;est-ce que la mycose du pied ?<\/em><\/h1><p class=\"body\" datatest=\"body\">La mycoses du pied est une infection fongique contagieuse qui affecte principalement les espaces entre les orteils. C&#8217;est un environnement chaud et humide, un climat id\u00e9al pour les champignons.<br>Les m\u00e9dicaments de la gamme Lamisil sont indiqu\u00e9s dans le traitement de la mycose du pied, apaisent les sympt\u00f4mes et traitent la cause.<\/p>\n<div class=\"wp-block-buttons is-layout-flex wp-block-buttons-is-layout-flex\">\n<div class=\"wp-block-button is-style-secondary-button\"><a class=\"wp-block-button__link wp-element-button\" href=\"https:\/\/lamisilonce.be\/fr\/la-mycose-du-pied\/traiter-et-prevenir\/\">Traiter et pr\u00e9venir<\/a><\/div>\n\n\n\n<div class=\"wp-block-button is-style-secondary-outlined-button\"><a class=\"wp-block-button__link wp-element-button\" href=\"https:\/\/lamisilonce.be\/fr\/medicaments\/\">Voir les m\u00e9dicaments<\/a><\/div>\n<\/div>\n<\/div><\/div><\/div><\/div>\n\n\n\n<div class=\"wp-block-karopharma-free-text pt-large pb-large bg-center bg-cover bg-no-repeat  is-style-primary\" style=\"background-image:url()\"><div class=\"free-text-wrapper container max-w-medium text-left\">\n<h3 class=\"wp-block-heading is-style-heading-h3\">Ce qu&#8217;il faut savoir sur la mycose du pied :<\/h3>\n\n\n\n<ul class=\"wp-block-list is-style-icon\">\n<li>Les sympt\u00f4mes typiques de la mycose du pied sont des rougeurs, des d\u00e9mangeaisons, une desquamation et une sensation de br\u00fblure.<\/li>\n\n\n\n<li>La mycose du pied est une mycose tr\u00e8s courante, un Allemand sur trois souffre d&#8217;une mycose du pied.<\/li>\n\n\n\n<li>La mycose du pied peut toucher n&#8217;importe qui.<\/li>\n\n\n\n<li>Avec des agents fongicide (antimycotique) tels que le Lamisil, l&#8217;agent pathog\u00e8ne responsable de la mycose du pied peut \u00eatre tu\u00e9 et donc la mycose du pied peut \u00eatre arr\u00eat\u00e9e.<\/li>\n<\/ul>\n<\/div><\/div>\n\n\n\n<div class=\"wp-block-karopharma-free-text pt-large pb-medium bg-center bg-cover bg-no-repeat  is-style-transparent\" style=\"background-image:url()\"><div class=\"free-text-wrapper container max-w-medium text-center\">\n<h2 class=\"wp-block-heading has-secondary-color has-text-color\">Les causes favorisant la mycose du pied<\/h2>\n\n\n\n<p class=\"is-style-paragraph-preamble\">Pour plus d&#8217;informations, consultez notre rubrique <a href=\"https:\/\/lamisilonce.be\/fr\/faq\/\">FAQ<\/a>.<\/p>\n<\/div><\/div>\n\n\n\n<div class=\"wp-block-karopharma-several-images-with-text several-images-with-text is-style-transparent\"><div class=\"container large col-1 content-align-none\" test-data=\"inner-content\">\n<section class=\"wp-block-karopharma-image-with-text image-with-text image-with-text__full-width\"><div class=\"image-with-text-container \"><div class=\"image-with-text-container-image-container\"><img decoding=\"async\" loading=\"lazy\" src=\"https:\/\/lamisilonce.be\/cdn-cgi\/image\/format=auto\/app\/uploads\/2025\/05\/Athletes-foot-1.jpg\" alt=\"Athletes-foot-1\"\/><\/div><div class=\"image-with-text-container-content\" style=\"text-align:left\" data-test=\"content\"><div class=\"content\"><p class=\"body\" data-test=\"body\">Le pied d\u2019athl\u00e8te peut \u00eatre transmis non seulement directement d\u2019une personne \u00e0 l\u2019autre, mais aussi indirectement par les sols, les serviettes ou les chaussures.<\/p>\n<div class=\"wp-block-buttons is-layout-flex wp-block-buttons-is-layout-flex\"><\/div>\n<\/div><\/div><\/div><\/section>\n\n\n\n<section class=\"wp-block-karopharma-image-with-text image-with-text image-with-text__full-width\"><div class=\"image-with-text-container \"><div class=\"image-with-text-container-image-container\"><img decoding=\"async\" loading=\"lazy\" src=\"https:\/\/lamisilonce.be\/cdn-cgi\/image\/format=auto\/app\/uploads\/2025\/05\/Athletes-foot-2.jpg\" alt=\"Athletes-foot-2\"\/><\/div><div class=\"image-with-text-container-content\" style=\"text-align:left\" data-test=\"content\"><div class=\"content\"><p class=\"body\" data-test=\"body\">Les chaussures ferm\u00e9es (par exemple les baskets) fournissent au champignon l&#8217;environnement chaud et humide dont il a besoin pour se d\u00e9velopper et se propager.<\/p>\n<div class=\"wp-block-buttons is-layout-flex wp-block-buttons-is-layout-flex\"><\/div>\n<\/div><\/div><\/div><\/section>\n\n\n\n<section class=\"wp-block-karopharma-image-with-text image-with-text image-with-text__full-width\"><div class=\"image-with-text-container \"><div class=\"image-with-text-container-image-container\"><img decoding=\"async\" loading=\"lazy\" src=\"https:\/\/lamisilonce.be\/cdn-cgi\/image\/format=auto\/app\/uploads\/2025\/05\/Athletes-foot-3.jpg\" alt=\"Athletes-foot-3\"\/><\/div><div class=\"image-with-text-container-content\" style=\"text-align:left\" data-test=\"content\"><div class=\"content\"><p class=\"body\" data-test=\"body\">Une mycose du pied non trait\u00e9e peut \u00e9galement se propager \u00e0 d&#8217;autres parties du corps (mains, ongles des orteils ou r\u00e9gion de l&#8217;aine). Un simple contact cutan\u00e9 peut suffire.<\/p>\n<div class=\"wp-block-buttons is-layout-flex wp-block-buttons-is-layout-flex\"><\/div>\n<\/div><\/div><\/div><\/section>\n<\/div><\/div>\n\n\n\n<div class=\"wp-block-karopharma-free-text pt-small pb-large bg-center bg-cover bg-no-repeat  is-style-transparent\" style=\"background-image:url()\"><div class=\"free-text-wrapper container max-w-medium text-center\">\n<div class=\"wp-block-buttons is-layout-flex wp-block-buttons-is-layout-flex\">\n<div class=\"wp-block-button\"><a class=\"wp-block-button__link wp-element-button\" href=\"https:\/\/lamisilonce.be\/fr\/la-mycose-du-pied\/traiter-et-prevenir\/\">Traiter et pr\u00e9venir<\/a><\/div>\n<\/div>\n<\/div><\/div>\n\n\n\n<div class=\"wp-block-karopharma-free-text pt-large pb-large bg-right bg-cover bg-no-repeat\" style=\"background-image:url(https:\/\/lamisilonce.be\/cdn-cgi\/image\/format=auto\/app\/uploads\/2025\/05\/background-test.png)\"><div class=\"free-text-wrapper container max-w-medium text-left\">\n<h2 class=\"wp-block-heading is-style-heading-h2 has-secondary-color has-text-color\">Testez vos connaissances sur la mycose du pied<\/h2>\n\n\n\n<button data-tf-popup=\"glQ45iQC\" data-tf-opacity=\"100\" data-tf-size=\"70\" data-tf-iframe-props=\"title=Lamisil AU\" data-tf-transitive-search-params=\"\" data-tf-medium=\"snippet\" style=\"all:unset;font-family:'Roboto',Helvetica,Arial,sans-serif;display:inline-block;max-width:100%;white-space:nowrap;overflow:hidden;text-overflow:ellipsis;background-color:#1c89ce;color:#fff;font-size:20px;border-radius:25px;padding:0 33px;font-weight:bold;height:50px;cursor:pointer;line-height:50px;text-align:center;margin:0;text-decoration:none;\">Commencer le test<\/button><script src=\"\/\/embed.typeform.com\/next\/embed.js\"><\/script>\n<\/div><\/div>\n\n\n\n<div class=\"wp-block-karopharma-free-text pt-large pb-none bg-center bg-cover bg-no-repeat\" style=\"background-image:url()\"><div class=\"free-text-wrapper container max-w-medium text-center\">\n<h2 class=\"wp-block-heading is-style-heading-h2 has-secondary-color has-text-color\">M\u00e9dicaments pour le traitement du la mycose du pied<\/h2>\n<\/div><\/div>\n\n\n<div class=\"product-list wp-block-karopharma-product-list\" data-testid=\"product-list\">\n      <div class=\"swiper-container\">\n      <div class=\"swiper\">\n        <div class=\"swiper-wrapper\">\n                      <div class=\"swiper-slide\">\n              <div class=\"product-card\" data-testid=\"product-card\">\n  <a\n    href=https:\/\/lamisilonce.be\/fr\/product\/lamisil-once\/\n    class=\"product-card-link\"\n    title=\"Lamisil Once\"\n  >\n  <figure class=\"product-card-image\" data-testid=\"product-image\">\n                          <img decoding=\"async\" src=\"https:\/\/lamisilonce.be\/cdn-cgi\/image\/width=700,format=auto\/app\/uploads\/2025\/05\/Box-Tube-ONCE-BE_LU.png\"\n        srcset=\"https:\/\/lamisilonce.be\/cdn-cgi\/image\/width=250,format=auto\/app\/uploads\/2025\/05\/Box-Tube-ONCE-BE_LU.png 250w,\n                https:\/\/lamisilonce.be\/cdn-cgi\/image\/width=500,format=auto\/app\/uploads\/2025\/05\/Box-Tube-ONCE-BE_LU.png 500w,\n                https:\/\/lamisilonce.be\/cdn-cgi\/image\/width=700,format=auto\/app\/uploads\/2025\/05\/Box-Tube-ONCE-BE_LU.png 700w\"\n        sizes=\"(max-width: 400px) 250px, (max-width: 800px) 500px, 700px\"\n        alt=\"Lamisil Once\"\n        class=\"img\">\n            <\/figure>\n    <div class=\"product-card-content\">\n      <div class=\"heading-wrapper\">\n        <h2 class=\"heading\">Lamisil Once<\/h2>\n      <\/div>\n      <div class=\"product-card-description\">Traite et oublie : <br>\nApplication unique &#8211; agit jusqu&#8217;\u00e0 13 jours. <br>\nAide \u00e0 lutter contre la mycose du pied avec seulement une application.<\/div>\n                      <\/div>\n  <\/a>\n      <div class=\"button-wrapper\">\n    <a\n      href=https:\/\/lamisilonce.be\/fr\/product\/lamisil-once\/\n      target=_self\n      class=\"theme-button button-primary-color rounded-button\"\n      rel=\"noopener\"\n      title=\"En savoir plus\"\n    >\n       En savoir plus\n    <\/a>\n<\/div>  <\/div>\n            <\/div>\n                      <div class=\"swiper-slide\">\n              <div class=\"product-card\" data-testid=\"product-card\">\n  <a\n    href=https:\/\/lamisilonce.be\/fr\/product\/lamisil-creme\/\n    class=\"product-card-link\"\n    title=\"Lamisil Cr\u00e8me\"\n  >\n  <figure class=\"product-card-image\" data-testid=\"product-image\">\n                          <img decoding=\"async\" src=\"https:\/\/lamisilonce.be\/cdn-cgi\/image\/width=700,format=auto\/app\/uploads\/2025\/05\/Lamisil-Cream-15g.png\"\n        srcset=\"https:\/\/lamisilonce.be\/cdn-cgi\/image\/width=250,format=auto\/app\/uploads\/2025\/05\/Lamisil-Cream-15g.png 250w,\n                https:\/\/lamisilonce.be\/cdn-cgi\/image\/width=500,format=auto\/app\/uploads\/2025\/05\/Lamisil-Cream-15g.png 500w,\n                https:\/\/lamisilonce.be\/cdn-cgi\/image\/width=700,format=auto\/app\/uploads\/2025\/05\/Lamisil-Cream-15g.png 700w\"\n        sizes=\"(max-width: 400px) 250px, (max-width: 800px) 500px, 700px\"\n        alt=\"Lamisil Cr\u00e8me\"\n        class=\"img\">\n            <\/figure>\n    <div class=\"product-card-content\">\n      <div class=\"heading-wrapper\">\n        <h2 class=\"heading\">Lamisil Cr\u00e8me<\/h2>\n      <\/div>\n      <div class=\"product-card-description\">Contre les mycoses des pieds, les mycoses des surfaces et les mycoses des plis cutan\u00e9s :<br>1. Tue le champignon<br>2. Apaise les sympt\u00f4mes<\/div>\n                      <\/div>\n  <\/a>\n      <div class=\"button-wrapper\">\n    <a\n      href=https:\/\/lamisilonce.be\/fr\/product\/lamisil-creme\/\n      target=_self\n      class=\"theme-button button-primary-color rounded-button\"\n      rel=\"noopener\"\n      title=\"En savoir plus\"\n    >\n       En savoir plus\n    <\/a>\n<\/div>  <\/div>\n            <\/div>\n                      <div class=\"swiper-slide\">\n              <div class=\"product-card\" data-testid=\"product-card\">\n  <a\n    href=https:\/\/lamisilonce.be\/fr\/product\/lamisil-dermgel\/\n    class=\"product-card-link\"\n    title=\"Lamisil Dermgel\"\n  >\n  <figure class=\"product-card-image\" data-testid=\"product-image\">\n                          <img decoding=\"async\" src=\"https:\/\/lamisilonce.be\/cdn-cgi\/image\/width=700,format=auto\/app\/uploads\/2025\/05\/Box-Tube-Gel.png\"\n        srcset=\"https:\/\/lamisilonce.be\/cdn-cgi\/image\/width=250,format=auto\/app\/uploads\/2025\/05\/Box-Tube-Gel.png 250w,\n                https:\/\/lamisilonce.be\/cdn-cgi\/image\/width=500,format=auto\/app\/uploads\/2025\/05\/Box-Tube-Gel.png 500w,\n                https:\/\/lamisilonce.be\/cdn-cgi\/image\/width=700,format=auto\/app\/uploads\/2025\/05\/Box-Tube-Gel.png 700w\"\n        sizes=\"(max-width: 400px) 250px, (max-width: 800px) 500px, 700px\"\n        alt=\"Lamisil Dermgel\"\n        class=\"img\">\n            <\/figure>\n    <div class=\"product-card-content\">\n      <div class=\"heading-wrapper\">\n        <h2 class=\"heading\">Lamisil Dermgel<\/h2>\n      <\/div>\n      <div class=\"product-card-description\">Contre les mycoses des pieds, les mycoses des surfaces et les mycoses des plis cutan\u00e9s : <br>1. Tue le champignon <br>2. Apaise les sympt\u00f4mes <br>3. Rafra\u00eechit la peau<\/div>\n                      <\/div>\n  <\/a>\n      <div class=\"button-wrapper\">\n    <a\n      href=https:\/\/lamisilonce.be\/fr\/product\/lamisil-dermgel\/\n      target=_self\n      class=\"theme-button button-primary-color rounded-button\"\n      rel=\"noopener\"\n      title=\"En savoir plus\"\n    >\n       En savoir plus\n    <\/a>\n<\/div>  <\/div>\n            <\/div>\n                  <\/div>\n        <div class=\"swiper-scrollbar\"><\/div>\n      <\/div>\n    <\/div>\n  <\/div>\n","protected":false},"excerpt":{"rendered":"","protected":false},"author":2,"featured_media":0,"parent":323,"menu_order":1,"comment_status":"closed","ping_status":"closed","template":"","meta":{"_acf_changed":false,"footnotes":""},"from-article-database":[],"class_list":["post-338","page","type-page","status-publish","hentry"],"acf":[],"yoast_head":"<!-- This site is optimized with the Yoast SEO plugin v26.6 - https:\/\/yoast.com\/wordpress\/plugins\/seo\/ -->\n<title>Qu&#039;est-ce que la mycose du pied ? - Lamisil<\/title>\n<meta name=\"description\" content=\"La mycoses du pied est une infection fongique contagieuse qui affecte principalement les espaces entre les orteils. C&#039;est un environnement chaud et humide, un climat id\u00e9al pour les champignons.\" \/>\n<meta name=\"robots\" content=\"index, follow, max-snippet:-1, max-image-preview:large, max-video-preview:-1\" \/>\n<link rel=\"canonical\" href=\"https:\/\/lamisilonce.be\/fr\/la-mycose-du-pied\/quest-ce-que-la-mycose-du-pied\/\" \/>\n<meta property=\"og:locale\" content=\"fr_FR\" \/>\n<meta property=\"og:type\" content=\"article\" \/>\n<meta property=\"og:title\" content=\"Qu&#039;est-ce que la mycose du pied ? - Lamisil\" \/>\n<meta property=\"og:description\" content=\"La mycoses du pied est une infection fongique contagieuse qui affecte principalement les espaces entre les orteils. C&#039;est un environnement chaud et humide, un climat id\u00e9al pour les champignons.\" \/>\n<meta property=\"og:url\" content=\"https:\/\/lamisilonce.be\/fr\/la-mycose-du-pied\/quest-ce-que-la-mycose-du-pied\/\" \/>\n<meta property=\"og:site_name\" content=\"Lamisil\" \/>\n<meta property=\"article:modified_time\" content=\"2025-11-26T13:18:51+00:00\" \/>\n<meta property=\"og:image\" content=\"https:\/\/lamisilonce.be\/cdn-cgi\/image\/format=auto\/app\/uploads\/2025\/05\/background-what-is-athletes-foot.jpg\" \/>\n<meta name=\"twitter:card\" content=\"summary_large_image\" \/>\n<meta name=\"twitter:label1\" content=\"Est. reading time\" \/>\n\t<meta name=\"twitter:data1\" content=\"2 minutes\" \/>\n<script type=\"application\/ld+json\" class=\"yoast-schema-graph\">{\"@context\":\"https:\/\/schema.org\",\"@graph\":[{\"@type\":\"WebPage\",\"@id\":\"https:\/\/lamisilonce.be\/fr\/la-mycose-du-pied\/quest-ce-que-la-mycose-du-pied\/\",\"url\":\"https:\/\/lamisilonce.be\/fr\/la-mycose-du-pied\/quest-ce-que-la-mycose-du-pied\/\",\"name\":\"Qu'est-ce que la mycose du pied ? - Lamisil\",\"isPartOf\":{\"@id\":\"https:\/\/lamisilonce.be\/fr\/#website\"},\"primaryImageOfPage\":{\"@id\":\"https:\/\/lamisilonce.be\/fr\/la-mycose-du-pied\/quest-ce-que-la-mycose-du-pied\/#primaryimage\"},\"image\":{\"@id\":\"https:\/\/lamisilonce.be\/fr\/la-mycose-du-pied\/quest-ce-que-la-mycose-du-pied\/#primaryimage\"},\"thumbnailUrl\":\"https:\/\/lamisilonce.be\/cdn-cgi\/image\/format=auto\/app\/uploads\/2025\/05\/background-what-is-athletes-foot.jpg\",\"datePublished\":\"2024-03-07T07:36:08+00:00\",\"dateModified\":\"2025-11-26T13:18:51+00:00\",\"description\":\"La mycoses du pied est une infection fongique contagieuse qui affecte principalement les espaces entre les orteils. C'est un environnement chaud et humide, un climat id\u00e9al pour les champignons.\",\"breadcrumb\":{\"@id\":\"https:\/\/lamisilonce.be\/fr\/la-mycose-du-pied\/quest-ce-que-la-mycose-du-pied\/#breadcrumb\"},\"inLanguage\":\"fr-BE\",\"potentialAction\":[{\"@type\":\"ReadAction\",\"target\":[\"https:\/\/lamisilonce.be\/fr\/la-mycose-du-pied\/quest-ce-que-la-mycose-du-pied\/\"]}]},{\"@type\":\"ImageObject\",\"inLanguage\":\"fr-BE\",\"@id\":\"https:\/\/lamisilonce.be\/fr\/la-mycose-du-pied\/quest-ce-que-la-mycose-du-pied\/#primaryimage\",\"url\":\"https:\/\/lamisilonce.be\/cdn-cgi\/image\/format=auto\/app\/uploads\/2025\/05\/background-what-is-athletes-foot.jpg\",\"contentUrl\":\"https:\/\/lamisilonce.be\/cdn-cgi\/image\/format=auto\/app\/uploads\/2025\/05\/background-what-is-athletes-foot.jpg\"},{\"@type\":\"BreadcrumbList\",\"@id\":\"https:\/\/lamisilonce.be\/fr\/la-mycose-du-pied\/quest-ce-que-la-mycose-du-pied\/#breadcrumb\",\"itemListElement\":[{\"@type\":\"ListItem\",\"position\":1,\"name\":\"Home\",\"item\":\"https:\/\/lamisilonce.be\/fr\/\"},{\"@type\":\"ListItem\",\"position\":2,\"name\":\"La mycose du pied\",\"item\":\"https:\/\/lamisilonce.be\/fr\/la-mycose-du-pied\/\"},{\"@type\":\"ListItem\",\"position\":3,\"name\":\"Qu&#8217;est-ce que la mycose du pied ?\"}]},{\"@type\":\"WebSite\",\"@id\":\"https:\/\/lamisilonce.be\/fr\/#website\",\"url\":\"https:\/\/lamisilonce.be\/fr\/\",\"name\":\"Lamisil\",\"description\":\"\",\"publisher\":{\"@id\":\"https:\/\/lamisilonce.be\/fr\/#organization\"},\"potentialAction\":[{\"@type\":\"SearchAction\",\"target\":{\"@type\":\"EntryPoint\",\"urlTemplate\":\"https:\/\/lamisilonce.be\/fr\/?s={search_term_string}\"},\"query-input\":{\"@type\":\"PropertyValueSpecification\",\"valueRequired\":true,\"valueName\":\"search_term_string\"}}],\"inLanguage\":\"fr-BE\"},{\"@type\":\"Organization\",\"@id\":\"https:\/\/lamisilonce.be\/fr\/#organization\",\"name\":\"Lamisil\",\"url\":\"https:\/\/lamisilonce.be\/fr\/\",\"logo\":{\"@type\":\"ImageObject\",\"inLanguage\":\"fr-BE\",\"@id\":\"https:\/\/lamisilonce.be\/fr\/#\/schema\/logo\/image\/\",\"url\":\"https:\/\/lamisilonce.be\/app\/uploads\/2024\/02\/Lamisil-logo.png\",\"contentUrl\":\"https:\/\/lamisilonce.be\/app\/uploads\/2024\/02\/Lamisil-logo.png\",\"width\":207,\"height\":32,\"caption\":\"Lamisil\"},\"image\":{\"@id\":\"https:\/\/lamisilonce.be\/fr\/#\/schema\/logo\/image\/\"}}]}<\/script>\n<!-- \/ Yoast SEO plugin. -->","yoast_head_json":{"title":"Qu'est-ce que la mycose du pied ? - Lamisil","description":"La mycoses du pied est une infection fongique contagieuse qui affecte principalement les espaces entre les orteils. C'est un environnement chaud et humide, un climat id\u00e9al pour les champignons.","robots":{"index":"index","follow":"follow","max-snippet":"max-snippet:-1","max-image-preview":"max-image-preview:large","max-video-preview":"max-video-preview:-1"},"canonical":"https:\/\/lamisilonce.be\/fr\/la-mycose-du-pied\/quest-ce-que-la-mycose-du-pied\/","og_locale":"fr_FR","og_type":"article","og_title":"Qu'est-ce que la mycose du pied ? - Lamisil","og_description":"La mycoses du pied est une infection fongique contagieuse qui affecte principalement les espaces entre les orteils. C'est un environnement chaud et humide, un climat id\u00e9al pour les champignons.","og_url":"https:\/\/lamisilonce.be\/fr\/la-mycose-du-pied\/quest-ce-que-la-mycose-du-pied\/","og_site_name":"Lamisil","article_modified_time":"2025-11-26T13:18:51+00:00","og_image":[{"url":"https:\/\/lamisilonce.be\/cdn-cgi\/image\/format=auto\/app\/uploads\/2025\/05\/background-what-is-athletes-foot.jpg","type":"","width":"","height":""}],"twitter_card":"summary_large_image","twitter_misc":{"Est. reading time":"2 minutes"},"schema":{"@context":"https:\/\/schema.org","@graph":[{"@type":"WebPage","@id":"https:\/\/lamisilonce.be\/fr\/la-mycose-du-pied\/quest-ce-que-la-mycose-du-pied\/","url":"https:\/\/lamisilonce.be\/fr\/la-mycose-du-pied\/quest-ce-que-la-mycose-du-pied\/","name":"Qu'est-ce que la mycose du pied ? - Lamisil","isPartOf":{"@id":"https:\/\/lamisilonce.be\/fr\/#website"},"primaryImageOfPage":{"@id":"https:\/\/lamisilonce.be\/fr\/la-mycose-du-pied\/quest-ce-que-la-mycose-du-pied\/#primaryimage"},"image":{"@id":"https:\/\/lamisilonce.be\/fr\/la-mycose-du-pied\/quest-ce-que-la-mycose-du-pied\/#primaryimage"},"thumbnailUrl":"https:\/\/lamisilonce.be\/cdn-cgi\/image\/format=auto\/app\/uploads\/2025\/05\/background-what-is-athletes-foot.jpg","datePublished":"2024-03-07T07:36:08+00:00","dateModified":"2025-11-26T13:18:51+00:00","description":"La mycoses du pied est une infection fongique contagieuse qui affecte principalement les espaces entre les orteils. C'est un environnement chaud et humide, un climat id\u00e9al pour les champignons.","breadcrumb":{"@id":"https:\/\/lamisilonce.be\/fr\/la-mycose-du-pied\/quest-ce-que-la-mycose-du-pied\/#breadcrumb"},"inLanguage":"fr-BE","potentialAction":[{"@type":"ReadAction","target":["https:\/\/lamisilonce.be\/fr\/la-mycose-du-pied\/quest-ce-que-la-mycose-du-pied\/"]}]},{"@type":"ImageObject","inLanguage":"fr-BE","@id":"https:\/\/lamisilonce.be\/fr\/la-mycose-du-pied\/quest-ce-que-la-mycose-du-pied\/#primaryimage","url":"https:\/\/lamisilonce.be\/cdn-cgi\/image\/format=auto\/app\/uploads\/2025\/05\/background-what-is-athletes-foot.jpg","contentUrl":"https:\/\/lamisilonce.be\/cdn-cgi\/image\/format=auto\/app\/uploads\/2025\/05\/background-what-is-athletes-foot.jpg"},{"@type":"BreadcrumbList","@id":"https:\/\/lamisilonce.be\/fr\/la-mycose-du-pied\/quest-ce-que-la-mycose-du-pied\/#breadcrumb","itemListElement":[{"@type":"ListItem","position":1,"name":"Home","item":"https:\/\/lamisilonce.be\/fr\/"},{"@type":"ListItem","position":2,"name":"La mycose du pied","item":"https:\/\/lamisilonce.be\/fr\/la-mycose-du-pied\/"},{"@type":"ListItem","position":3,"name":"Qu&#8217;est-ce que la mycose du pied ?"}]},{"@type":"WebSite","@id":"https:\/\/lamisilonce.be\/fr\/#website","url":"https:\/\/lamisilonce.be\/fr\/","name":"Lamisil","description":"","publisher":{"@id":"https:\/\/lamisilonce.be\/fr\/#organization"},"potentialAction":[{"@type":"SearchAction","target":{"@type":"EntryPoint","urlTemplate":"https:\/\/lamisilonce.be\/fr\/?s={search_term_string}"},"query-input":{"@type":"PropertyValueSpecification","valueRequired":true,"valueName":"search_term_string"}}],"inLanguage":"fr-BE"},{"@type":"Organization","@id":"https:\/\/lamisilonce.be\/fr\/#organization","name":"Lamisil","url":"https:\/\/lamisilonce.be\/fr\/","logo":{"@type":"ImageObject","inLanguage":"fr-BE","@id":"https:\/\/lamisilonce.be\/fr\/#\/schema\/logo\/image\/","url":"https:\/\/lamisilonce.be\/app\/uploads\/2024\/02\/Lamisil-logo.png","contentUrl":"https:\/\/lamisilonce.be\/app\/uploads\/2024\/02\/Lamisil-logo.png","width":207,"height":32,"caption":"Lamisil"},"image":{"@id":"https:\/\/lamisilonce.be\/fr\/#\/schema\/logo\/image\/"}}]}},"_links":{"self":[{"href":"https:\/\/lamisilonce.be\/fr\/wp-json\/wp\/v2\/pages\/338","targetHints":{"allow":["GET"]}}],"collection":[{"href":"https:\/\/lamisilonce.be\/fr\/wp-json\/wp\/v2\/pages"}],"about":[{"href":"https:\/\/lamisilonce.be\/fr\/wp-json\/wp\/v2\/types\/page"}],"author":[{"embeddable":true,"href":"https:\/\/lamisilonce.be\/fr\/wp-json\/wp\/v2\/users\/2"}],"replies":[{"embeddable":true,"href":"https:\/\/lamisilonce.be\/fr\/wp-json\/wp\/v2\/comments?post=338"}],"version-history":[{"count":4,"href":"https:\/\/lamisilonce.be\/fr\/wp-json\/wp\/v2\/pages\/338\/revisions"}],"predecessor-version":[{"id":668,"href":"https:\/\/lamisilonce.be\/fr\/wp-json\/wp\/v2\/pages\/338\/revisions\/668"}],"up":[{"embeddable":true,"href":"https:\/\/lamisilonce.be\/fr\/wp-json\/wp\/v2\/pages\/323"}],"wp:attachment":[{"href":"https:\/\/lamisilonce.be\/fr\/wp-json\/wp\/v2\/media?parent=338"}],"wp:term":[{"taxonomy":"from-article-database","embeddable":true,"href":"https:\/\/lamisilonce.be\/fr\/wp-json\/wp\/v2\/from-article-database?post=338"}],"curies":[{"name":"wp","href":"https:\/\/api.w.org\/{rel}","templated":true}]}}