{"id":358,"date":"2025-05-07T09:52:01","date_gmt":"2025-05-07T09:52:01","guid":{"rendered":"https:\/\/lamisilonce.be\/product\/lamisil-creme\/"},"modified":"2025-11-26T13:18:51","modified_gmt":"2025-11-26T13:18:51","slug":"lamisil-creme","status":"publish","type":"product","link":"https:\/\/lamisilonce.be\/fr\/product\/lamisil-creme\/","title":{"rendered":"Lamisil Cr\u00e8me"},"content":{"rendered":"\n<div class=\"wp-block-karopharma-product-promotion text-align-left pt-medium pb-medium bg-center bg-cover bg-no-repeat  is-style-secondary\" style=\"background-image:url()\"><div class=\"container max-w-large\">\n<div class=\"wp-block-group is-layout-flow wp-block-group-is-layout-flow\">\n<figure class=\"wp-block-karopharma-product-promotion-image product-promotion-image\"><img fetchpriority=\"high\" decoding=\"async\" datatest=\"image\" src=\"https:\/\/lamisilonce.be\/cdn-cgi\/image\/format=auto\/app\/uploads\/2025\/05\/cream.png\" loading=\"eager\" alt=\"cream\" width=\"683\" height=\"820\" srcset=\"https:\/\/lamisilonce.be\/cdn-cgi\/image\/format=auto,width=584\/app\/uploads\/2025\/05\/cream.png 584w, https:\/\/lamisilonce.be\/cdn-cgi\/image\/format=auto,width=272\/app\/uploads\/2025\/05\/cream.png 272w\" sizes=\"(max-width: 584px) 100vw, 584px\"\/><\/figure>\n<\/div>\n\n\n\n<div class=\"wp-block-group is-layout-flow wp-block-group-is-layout-flow\">\n<h2 class=\"wp-block-heading heading is-style-heading-h2\">Utilisation de Lamisil Cr\u00e8me<\/h2>\n\n\n\n<p>Lamisil Cr\u00e8me est efficace contre les mycoses du pied, les mycoses des plis cutan\u00e9s et les mycoses des surfaces. Lamisil Cr\u00e8me ne tue pas seulement le champignon. La cr\u00e8me s&#8217;applique facilement sur les zones cutan\u00e9es affect\u00e9es.<\/p>\n\n\n\n<ul class=\"wp-block-list is-style-icon\">\n<li>Nettoyer et s\u00e9cher soigneusement la zone infect\u00e9e, avant l\u2019application de la cr\u00e8me. Appliquer la cr\u00e8me en fine couche sur cette zone et celle qui l\u2019entoure, et frictionner l\u00e9g\u00e8rement.<\/li>\n\n\n\n<li>Mettez une petite quantit\u00e9 de Lamisil Cr\u00e8me sur vos doigts et appliquez la cr\u00e8me en fine couche sur la peau affect\u00e9e et les zones imm\u00e9diatement environnantes.<\/li>\n\n\n\n<li>Lamisil 1% cr\u00e8me doit \u00eatre appliqu\u00e9 une fois par jour pour les indications suivantes : Tinea pedis, Tinea manuum, Tinea cruris et Tinea corporis. La <strong>dur\u00e9e de traitement est d\u2019une semaine<\/strong>. Pour les indications <strong>Pityriasis versicolor et Candidose cutan\u00e9e<\/strong>, Lamisil 1% cr\u00e8me doit \u00eatre appliqu\u00e9 <strong>une ou deux fois par jour pendant deux semaines<\/strong>.<\/li>\n<\/ul>\n\n\n\n<div class=\"wp-block-buttons is-layout-flex wp-block-buttons-is-layout-flex\"><\/div>\n<\/div>\n<\/div><\/div>\n\n\n\n<div class=\"wp-block-karopharma-free-text pt-large pb-small bg-center bg-cover bg-no-repeat\" style=\"background-image:url()\"><div class=\"free-text-wrapper container max-w-medium text-left\">\n<h2 class=\"wp-block-heading has-text-align-center is-style-heading-h2\">Autres m\u00e9dicaments pour le traitement des mycoses du pied et de la peau<\/h2>\n<\/div><\/div>\n","protected":false},"excerpt":{"rendered":"<p>Contre les mycoses des pieds, les mycoses des surfaces et les mycoses des plis cutan\u00e9s :<br \/>1. Tue le champignon<br \/>2. Apaise les sympt\u00f4mes<\/p>\n","protected":false},"featured_media":422,"comment_status":"closed","ping_status":"closed","template":"","meta":{"_acf_changed":false,"footnotes":""},"product_brand":[],"product_cat":[15],"product_tag":[],"class_list":{"0":"post-358","1":"product","2":"type-product","3":"status-publish","4":"has-post-thumbnail","6":"product_cat-uncategorized","8":"first","9":"instock","10":"shipping-taxable","11":"product-type-simple"},"acf":[],"yoast_head":"<!-- This site is optimized with the Yoast SEO plugin v26.6 - https:\/\/yoast.com\/wordpress\/plugins\/seo\/ -->\n<title>Lamisil Cr\u00e8me - Lamisil<\/title>\n<meta name=\"description\" content=\"Lamisil Cr\u00e8me is effectief tegen voetschimmel, jock itch en ringworm. Lamisil Cr\u00e8me doodt niet alleen de schimmel, maar voedt ook de droge en beschadigde huid.\" \/>\n<meta name=\"robots\" content=\"index, follow, max-snippet:-1, max-image-preview:large, max-video-preview:-1\" \/>\n<link rel=\"canonical\" href=\"https:\/\/lamisilonce.be\/fr\/product\/lamisil-creme\/\" \/>\n<meta property=\"og:locale\" content=\"fr_FR\" \/>\n<meta property=\"og:type\" content=\"article\" \/>\n<meta property=\"og:title\" content=\"Lamisil Cr\u00e8me - Lamisil\" \/>\n<meta property=\"og:description\" content=\"Lamisil Cr\u00e8me is effectief tegen voetschimmel, jock itch en ringworm. Lamisil Cr\u00e8me doodt niet alleen de schimmel, maar voedt ook de droge en beschadigde huid.\" \/>\n<meta property=\"og:url\" content=\"https:\/\/lamisilonce.be\/fr\/product\/lamisil-creme\/\" \/>\n<meta property=\"og:site_name\" content=\"Lamisil\" \/>\n<meta property=\"article:modified_time\" content=\"2025-11-26T13:18:51+00:00\" \/>\n<meta property=\"og:image\" content=\"https:\/\/lamisilonce.be\/app\/uploads\/2025\/05\/Lamisil-Cream-15g.png\" \/>\n\t<meta property=\"og:image:width\" content=\"700\" \/>\n\t<meta property=\"og:image:height\" content=\"700\" \/>\n\t<meta property=\"og:image:type\" content=\"image\/png\" \/>\n<meta name=\"twitter:card\" content=\"summary_large_image\" \/>\n<meta name=\"twitter:label1\" content=\"Est. reading time\" \/>\n\t<meta name=\"twitter:data1\" content=\"2 minutes\" \/>\n<script type=\"application\/ld+json\" class=\"yoast-schema-graph\">{\"@context\":\"https:\/\/schema.org\",\"@graph\":[{\"@type\":\"WebPage\",\"@id\":\"https:\/\/lamisilonce.be\/fr\/product\/lamisil-creme\/\",\"url\":\"https:\/\/lamisilonce.be\/fr\/product\/lamisil-creme\/\",\"name\":\"Lamisil Cr\u00e8me - Lamisil\",\"isPartOf\":{\"@id\":\"https:\/\/lamisilonce.be\/fr\/#website\"},\"primaryImageOfPage\":{\"@id\":\"https:\/\/lamisilonce.be\/fr\/product\/lamisil-creme\/#primaryimage\"},\"image\":{\"@id\":\"https:\/\/lamisilonce.be\/fr\/product\/lamisil-creme\/#primaryimage\"},\"thumbnailUrl\":\"https:\/\/lamisilonce.be\/app\/uploads\/2025\/05\/Lamisil-Cream-15g.png\",\"datePublished\":\"2025-05-07T09:52:01+00:00\",\"dateModified\":\"2025-11-26T13:18:51+00:00\",\"description\":\"Lamisil Cr\u00e8me is effectief tegen voetschimmel, jock itch en ringworm. Lamisil Cr\u00e8me doodt niet alleen de schimmel, maar voedt ook de droge en beschadigde huid.\",\"breadcrumb\":{\"@id\":\"https:\/\/lamisilonce.be\/fr\/product\/lamisil-creme\/#breadcrumb\"},\"inLanguage\":\"fr-BE\",\"potentialAction\":[{\"@type\":\"ReadAction\",\"target\":[\"https:\/\/lamisilonce.be\/fr\/product\/lamisil-creme\/\"]}]},{\"@type\":\"ImageObject\",\"inLanguage\":\"fr-BE\",\"@id\":\"https:\/\/lamisilonce.be\/fr\/product\/lamisil-creme\/#primaryimage\",\"url\":\"https:\/\/lamisilonce.be\/app\/uploads\/2025\/05\/Lamisil-Cream-15g.png\",\"contentUrl\":\"https:\/\/lamisilonce.be\/app\/uploads\/2025\/05\/Lamisil-Cream-15g.png\",\"width\":700,\"height\":700,\"caption\":\"Lamisil Cr\u00e8me\"},{\"@type\":\"BreadcrumbList\",\"@id\":\"https:\/\/lamisilonce.be\/fr\/product\/lamisil-creme\/#breadcrumb\",\"itemListElement\":[{\"@type\":\"ListItem\",\"position\":1,\"name\":\"Home\",\"item\":\"https:\/\/lamisilonce.be\/fr\/\"},{\"@type\":\"ListItem\",\"position\":2,\"name\":\"M\u00e9dicaments\",\"item\":\"https:\/\/lamisilonce.be\/fr\/medicaments\/\"},{\"@type\":\"ListItem\",\"position\":3,\"name\":\"Lamisil Cr\u00e8me\"}]},{\"@type\":\"WebSite\",\"@id\":\"https:\/\/lamisilonce.be\/fr\/#website\",\"url\":\"https:\/\/lamisilonce.be\/fr\/\",\"name\":\"Lamisil\",\"description\":\"\",\"publisher\":{\"@id\":\"https:\/\/lamisilonce.be\/fr\/#organization\"},\"potentialAction\":[{\"@type\":\"SearchAction\",\"target\":{\"@type\":\"EntryPoint\",\"urlTemplate\":\"https:\/\/lamisilonce.be\/fr\/?s={search_term_string}\"},\"query-input\":{\"@type\":\"PropertyValueSpecification\",\"valueRequired\":true,\"valueName\":\"search_term_string\"}}],\"inLanguage\":\"fr-BE\"},{\"@type\":\"Organization\",\"@id\":\"https:\/\/lamisilonce.be\/fr\/#organization\",\"name\":\"Lamisil\",\"url\":\"https:\/\/lamisilonce.be\/fr\/\",\"logo\":{\"@type\":\"ImageObject\",\"inLanguage\":\"fr-BE\",\"@id\":\"https:\/\/lamisilonce.be\/fr\/#\/schema\/logo\/image\/\",\"url\":\"https:\/\/lamisilonce.be\/app\/uploads\/2024\/02\/Lamisil-logo.png\",\"contentUrl\":\"https:\/\/lamisilonce.be\/app\/uploads\/2024\/02\/Lamisil-logo.png\",\"width\":207,\"height\":32,\"caption\":\"Lamisil\"},\"image\":{\"@id\":\"https:\/\/lamisilonce.be\/fr\/#\/schema\/logo\/image\/\"}}]}<\/script>\n<!-- \/ Yoast SEO plugin. -->","yoast_head_json":{"title":"Lamisil Cr\u00e8me - Lamisil","description":"Lamisil Cr\u00e8me is effectief tegen voetschimmel, jock itch en ringworm. Lamisil Cr\u00e8me doodt niet alleen de schimmel, maar voedt ook de droge en beschadigde huid.","robots":{"index":"index","follow":"follow","max-snippet":"max-snippet:-1","max-image-preview":"max-image-preview:large","max-video-preview":"max-video-preview:-1"},"canonical":"https:\/\/lamisilonce.be\/fr\/product\/lamisil-creme\/","og_locale":"fr_FR","og_type":"article","og_title":"Lamisil Cr\u00e8me - Lamisil","og_description":"Lamisil Cr\u00e8me is effectief tegen voetschimmel, jock itch en ringworm. Lamisil Cr\u00e8me doodt niet alleen de schimmel, maar voedt ook de droge en beschadigde huid.","og_url":"https:\/\/lamisilonce.be\/fr\/product\/lamisil-creme\/","og_site_name":"Lamisil","article_modified_time":"2025-11-26T13:18:51+00:00","og_image":[{"width":700,"height":700,"url":"https:\/\/lamisilonce.be\/app\/uploads\/2025\/05\/Lamisil-Cream-15g.png","type":"image\/png"}],"twitter_card":"summary_large_image","twitter_misc":{"Est. reading time":"2 minutes"},"schema":{"@context":"https:\/\/schema.org","@graph":[{"@type":"WebPage","@id":"https:\/\/lamisilonce.be\/fr\/product\/lamisil-creme\/","url":"https:\/\/lamisilonce.be\/fr\/product\/lamisil-creme\/","name":"Lamisil Cr\u00e8me - Lamisil","isPartOf":{"@id":"https:\/\/lamisilonce.be\/fr\/#website"},"primaryImageOfPage":{"@id":"https:\/\/lamisilonce.be\/fr\/product\/lamisil-creme\/#primaryimage"},"image":{"@id":"https:\/\/lamisilonce.be\/fr\/product\/lamisil-creme\/#primaryimage"},"thumbnailUrl":"https:\/\/lamisilonce.be\/app\/uploads\/2025\/05\/Lamisil-Cream-15g.png","datePublished":"2025-05-07T09:52:01+00:00","dateModified":"2025-11-26T13:18:51+00:00","description":"Lamisil Cr\u00e8me is effectief tegen voetschimmel, jock itch en ringworm. Lamisil Cr\u00e8me doodt niet alleen de schimmel, maar voedt ook de droge en beschadigde huid.","breadcrumb":{"@id":"https:\/\/lamisilonce.be\/fr\/product\/lamisil-creme\/#breadcrumb"},"inLanguage":"fr-BE","potentialAction":[{"@type":"ReadAction","target":["https:\/\/lamisilonce.be\/fr\/product\/lamisil-creme\/"]}]},{"@type":"ImageObject","inLanguage":"fr-BE","@id":"https:\/\/lamisilonce.be\/fr\/product\/lamisil-creme\/#primaryimage","url":"https:\/\/lamisilonce.be\/app\/uploads\/2025\/05\/Lamisil-Cream-15g.png","contentUrl":"https:\/\/lamisilonce.be\/app\/uploads\/2025\/05\/Lamisil-Cream-15g.png","width":700,"height":700,"caption":"Lamisil Cr\u00e8me"},{"@type":"BreadcrumbList","@id":"https:\/\/lamisilonce.be\/fr\/product\/lamisil-creme\/#breadcrumb","itemListElement":[{"@type":"ListItem","position":1,"name":"Home","item":"https:\/\/lamisilonce.be\/fr\/"},{"@type":"ListItem","position":2,"name":"M\u00e9dicaments","item":"https:\/\/lamisilonce.be\/fr\/medicaments\/"},{"@type":"ListItem","position":3,"name":"Lamisil Cr\u00e8me"}]},{"@type":"WebSite","@id":"https:\/\/lamisilonce.be\/fr\/#website","url":"https:\/\/lamisilonce.be\/fr\/","name":"Lamisil","description":"","publisher":{"@id":"https:\/\/lamisilonce.be\/fr\/#organization"},"potentialAction":[{"@type":"SearchAction","target":{"@type":"EntryPoint","urlTemplate":"https:\/\/lamisilonce.be\/fr\/?s={search_term_string}"},"query-input":{"@type":"PropertyValueSpecification","valueRequired":true,"valueName":"search_term_string"}}],"inLanguage":"fr-BE"},{"@type":"Organization","@id":"https:\/\/lamisilonce.be\/fr\/#organization","name":"Lamisil","url":"https:\/\/lamisilonce.be\/fr\/","logo":{"@type":"ImageObject","inLanguage":"fr-BE","@id":"https:\/\/lamisilonce.be\/fr\/#\/schema\/logo\/image\/","url":"https:\/\/lamisilonce.be\/app\/uploads\/2024\/02\/Lamisil-logo.png","contentUrl":"https:\/\/lamisilonce.be\/app\/uploads\/2024\/02\/Lamisil-logo.png","width":207,"height":32,"caption":"Lamisil"},"image":{"@id":"https:\/\/lamisilonce.be\/fr\/#\/schema\/logo\/image\/"}}]}},"_links":{"self":[{"href":"https:\/\/lamisilonce.be\/fr\/wp-json\/wp\/v2\/product\/358","targetHints":{"allow":["GET"]}}],"collection":[{"href":"https:\/\/lamisilonce.be\/fr\/wp-json\/wp\/v2\/product"}],"about":[{"href":"https:\/\/lamisilonce.be\/fr\/wp-json\/wp\/v2\/types\/product"}],"replies":[{"embeddable":true,"href":"https:\/\/lamisilonce.be\/fr\/wp-json\/wp\/v2\/comments?post=358"}],"version-history":[{"count":10,"href":"https:\/\/lamisilonce.be\/fr\/wp-json\/wp\/v2\/product\/358\/revisions"}],"predecessor-version":[{"id":699,"href":"https:\/\/lamisilonce.be\/fr\/wp-json\/wp\/v2\/product\/358\/revisions\/699"}],"wp:featuredmedia":[{"embeddable":true,"href":"https:\/\/lamisilonce.be\/fr\/wp-json\/wp\/v2\/media\/422"}],"wp:attachment":[{"href":"https:\/\/lamisilonce.be\/fr\/wp-json\/wp\/v2\/media?parent=358"}],"wp:term":[{"taxonomy":"product_brand","embeddable":true,"href":"https:\/\/lamisilonce.be\/fr\/wp-json\/wp\/v2\/product_brand?post=358"},{"taxonomy":"product_cat","embeddable":true,"href":"https:\/\/lamisilonce.be\/fr\/wp-json\/wp\/v2\/product_cat?post=358"},{"taxonomy":"product_tag","embeddable":true,"href":"https:\/\/lamisilonce.be\/fr\/wp-json\/wp\/v2\/product_tag?post=358"}],"curies":[{"name":"wp","href":"https:\/\/api.w.org\/{rel}","templated":true}]}}