{"id":375,"date":"2025-05-07T09:52:54","date_gmt":"2025-05-07T09:52:54","guid":{"rendered":"https:\/\/lamisilonce.be\/?post_type=product&#038;p=375"},"modified":"2025-11-26T13:18:51","modified_gmt":"2025-11-26T13:18:51","slug":"lamisil-dermgel","status":"publish","type":"product","link":"https:\/\/lamisilonce.be\/fr\/product\/lamisil-dermgel\/","title":{"rendered":"Lamisil Dermgel"},"content":{"rendered":"\n<div class=\"wp-block-karopharma-product-promotion text-align-left pt-medium pb-medium bg-center bg-cover bg-no-repeat  is-style-secondary\" style=\"background-image:url()\"><div class=\"container max-w-large\">\n<div class=\"wp-block-group is-layout-flow wp-block-group-is-layout-flow\">\n<figure class=\"wp-block-karopharma-product-promotion-image product-promotion-image\"><img fetchpriority=\"high\" decoding=\"async\" datatest=\"image\" src=\"https:\/\/lamisilonce.be\/cdn-cgi\/image\/format=auto\/app\/uploads\/2025\/05\/dermgel-image.jpg\" loading=\"eager\" alt=\"dermgel-image\" width=\"584\" height=\"701\" srcset=\"https:\/\/lamisilonce.be\/cdn-cgi\/image\/format=auto,width=584\/app\/uploads\/2025\/05\/dermgel-image.jpg 584w, https:\/\/lamisilonce.be\/cdn-cgi\/image\/format=auto,width=272\/app\/uploads\/2025\/05\/dermgel-image.jpg 272w\" sizes=\"(max-width: 584px) 100vw, 584px\"\/><\/figure>\n<\/div>\n\n\n\n<div class=\"wp-block-group is-layout-flow wp-block-group-is-layout-flow\">\n<h2 class=\"wp-block-heading heading is-style-heading-h2\">Utilisation de Lamisil Dermgel<\/h2>\n\n\n\n<p>Lamisil Dermgel est un traitement efficace contre la mycose du pied, les mycoses des plis cutan\u00e9s et les mycoses des surfaces. Lamisil Dermgel ne tue pas seulement le champignon pathog\u00e8ne, mais nourrit et rafra\u00eechit \u00e9galement la peau s\u00e8che et stress\u00e9e. Il s&#8217;applique facilement sur les zones cutan\u00e9es affect\u00e9es, hydrate la peau et renforce ses fonctions protectrices naturelles.<\/p>\n\n\n\n<p>Lavez la peau infect\u00e9e et les zones environnantes \u00e0 l&#8217;eau chaude et au savon, puis s\u00e9chez-les soigneusement. Lavez-vous et s\u00e9chez-vous les mains avant d&#8217;appliquer Lamisil Dermgel.<\/p>\n\n\n\n<p>Retirez le couvercle, pressez doucement une quantit\u00e9 de gel et appliquez une fine couche sur toute la zone affect\u00e9e et les zones cutan\u00e9es environnantes. Massez doucement le gel pour le faire p\u00e9n\u00e9trer dans la peau.<\/p>\n\n\n\n<p>Lavez-vous les mains \u00e0 l&#8217;eau chaude et au savon apr\u00e8s l&#8217;application, sinon vous risquez de propager l&#8217;infection \u00e0 d&#8217;autres parties de la peau ou \u00e0 d&#8217;autres personnes.<\/p>\n\n\n\n<p>Utilisez Lamisil Dermgel une fois par jour pendant sept jours, conform\u00e9ment \u00e0 la notice, m\u00eame si l&#8217;infection semble gu\u00e9rie apr\u00e8s quelques jours. L&#8217;infection dispara\u00eet g\u00e9n\u00e9ralement au bout de quelques jours, mais elle peut r\u00e9appara\u00eetre si le gel n&#8217;est pas appliqu\u00e9 r\u00e9guli\u00e8rement ou si le traitement est interrompu pr\u00e9matur\u00e9ment.<\/p>\n\n\n\n<div class=\"wp-block-buttons is-layout-flex wp-block-buttons-is-layout-flex\"><\/div>\n<\/div>\n<\/div><\/div>\n\n\n\n<div class=\"wp-block-karopharma-free-text pt-large pb-small bg-center bg-cover bg-no-repeat\" style=\"background-image:url()\"><div class=\"free-text-wrapper container max-w-medium text-left\">\n<h2 class=\"wp-block-heading has-text-align-center is-style-heading-h2\">\u00a0Autres m\u00e9dicaments pour le traitement des mycoses du pied et de la peau<\/h2>\n<\/div><\/div>\n","protected":false},"excerpt":{"rendered":"<p>Contre les mycoses des pieds, les mycoses des surfaces et les mycoses des plis cutan\u00e9s : <br \/>1. Tue le champignon <br \/>2. Apaise les sympt\u00f4mes <br \/>3. Rafra\u00eechit la peau<\/p>\n","protected":false},"featured_media":425,"comment_status":"closed","ping_status":"closed","template":"","meta":{"_acf_changed":false,"footnotes":""},"product_brand":[],"product_cat":[],"product_tag":[],"class_list":{"0":"post-375","1":"product","2":"type-product","3":"status-publish","4":"has-post-thumbnail","7":"first","8":"instock","9":"shipping-taxable","10":"product-type-simple"},"acf":[],"yoast_head":"<!-- This site is optimized with the Yoast SEO plugin v26.6 - https:\/\/yoast.com\/wordpress\/plugins\/seo\/ -->\n<title>Lamisil Dermgel - Lamisil<\/title>\n<meta name=\"description\" content=\"Contre les mycoses des pieds, les mycoses des surfaces et les mycoses des plis cutan\u00e9s : 1. Tue le champignon. 2. Apaise les sympt\u00f4mes. 3. Rafra\u00eechit la peau\" \/>\n<meta name=\"robots\" content=\"index, follow, max-snippet:-1, max-image-preview:large, max-video-preview:-1\" \/>\n<link rel=\"canonical\" href=\"https:\/\/lamisilonce.be\/fr\/product\/lamisil-dermgel\/\" \/>\n<meta property=\"og:locale\" content=\"fr_FR\" \/>\n<meta property=\"og:type\" content=\"article\" \/>\n<meta property=\"og:title\" content=\"Lamisil Dermgel - Lamisil\" \/>\n<meta property=\"og:description\" content=\"Contre les mycoses des pieds, les mycoses des surfaces et les mycoses des plis cutan\u00e9s : 1. Tue le champignon. 2. Apaise les sympt\u00f4mes. 3. Rafra\u00eechit la peau\" \/>\n<meta property=\"og:url\" content=\"https:\/\/lamisilonce.be\/fr\/product\/lamisil-dermgel\/\" \/>\n<meta property=\"og:site_name\" content=\"Lamisil\" \/>\n<meta property=\"article:modified_time\" content=\"2025-11-26T13:18:51+00:00\" \/>\n<meta property=\"og:image\" content=\"https:\/\/lamisilonce.be\/app\/uploads\/2025\/05\/Box-Tube-Gel.png\" \/>\n\t<meta property=\"og:image:width\" content=\"700\" \/>\n\t<meta property=\"og:image:height\" content=\"700\" \/>\n\t<meta property=\"og:image:type\" content=\"image\/png\" \/>\n<meta name=\"twitter:card\" content=\"summary_large_image\" \/>\n<meta name=\"twitter:label1\" content=\"Est. reading time\" \/>\n\t<meta name=\"twitter:data1\" content=\"2 minutes\" \/>\n<script type=\"application\/ld+json\" class=\"yoast-schema-graph\">{\"@context\":\"https:\/\/schema.org\",\"@graph\":[{\"@type\":\"WebPage\",\"@id\":\"https:\/\/lamisilonce.be\/fr\/product\/lamisil-dermgel\/\",\"url\":\"https:\/\/lamisilonce.be\/fr\/product\/lamisil-dermgel\/\",\"name\":\"Lamisil Dermgel - Lamisil\",\"isPartOf\":{\"@id\":\"https:\/\/lamisilonce.be\/fr\/#website\"},\"primaryImageOfPage\":{\"@id\":\"https:\/\/lamisilonce.be\/fr\/product\/lamisil-dermgel\/#primaryimage\"},\"image\":{\"@id\":\"https:\/\/lamisilonce.be\/fr\/product\/lamisil-dermgel\/#primaryimage\"},\"thumbnailUrl\":\"https:\/\/lamisilonce.be\/app\/uploads\/2025\/05\/Box-Tube-Gel.png\",\"datePublished\":\"2025-05-07T09:52:54+00:00\",\"dateModified\":\"2025-11-26T13:18:51+00:00\",\"description\":\"Contre les mycoses des pieds, les mycoses des surfaces et les mycoses des plis cutan\u00e9s : 1. Tue le champignon. 2. Apaise les sympt\u00f4mes. 3. Rafra\u00eechit la peau\",\"breadcrumb\":{\"@id\":\"https:\/\/lamisilonce.be\/fr\/product\/lamisil-dermgel\/#breadcrumb\"},\"inLanguage\":\"fr-BE\",\"potentialAction\":[{\"@type\":\"ReadAction\",\"target\":[\"https:\/\/lamisilonce.be\/fr\/product\/lamisil-dermgel\/\"]}]},{\"@type\":\"ImageObject\",\"inLanguage\":\"fr-BE\",\"@id\":\"https:\/\/lamisilonce.be\/fr\/product\/lamisil-dermgel\/#primaryimage\",\"url\":\"https:\/\/lamisilonce.be\/app\/uploads\/2025\/05\/Box-Tube-Gel.png\",\"contentUrl\":\"https:\/\/lamisilonce.be\/app\/uploads\/2025\/05\/Box-Tube-Gel.png\",\"width\":700,\"height\":700,\"caption\":\"Lamisil Dermgel\"},{\"@type\":\"BreadcrumbList\",\"@id\":\"https:\/\/lamisilonce.be\/fr\/product\/lamisil-dermgel\/#breadcrumb\",\"itemListElement\":[{\"@type\":\"ListItem\",\"position\":1,\"name\":\"Home\",\"item\":\"https:\/\/lamisilonce.be\/fr\/\"},{\"@type\":\"ListItem\",\"position\":2,\"name\":\"M\u00e9dicaments\",\"item\":\"https:\/\/lamisilonce.be\/fr\/medicaments\/\"},{\"@type\":\"ListItem\",\"position\":3,\"name\":\"Lamisil Dermgel\"}]},{\"@type\":\"WebSite\",\"@id\":\"https:\/\/lamisilonce.be\/fr\/#website\",\"url\":\"https:\/\/lamisilonce.be\/fr\/\",\"name\":\"Lamisil\",\"description\":\"\",\"publisher\":{\"@id\":\"https:\/\/lamisilonce.be\/fr\/#organization\"},\"potentialAction\":[{\"@type\":\"SearchAction\",\"target\":{\"@type\":\"EntryPoint\",\"urlTemplate\":\"https:\/\/lamisilonce.be\/fr\/?s={search_term_string}\"},\"query-input\":{\"@type\":\"PropertyValueSpecification\",\"valueRequired\":true,\"valueName\":\"search_term_string\"}}],\"inLanguage\":\"fr-BE\"},{\"@type\":\"Organization\",\"@id\":\"https:\/\/lamisilonce.be\/fr\/#organization\",\"name\":\"Lamisil\",\"url\":\"https:\/\/lamisilonce.be\/fr\/\",\"logo\":{\"@type\":\"ImageObject\",\"inLanguage\":\"fr-BE\",\"@id\":\"https:\/\/lamisilonce.be\/fr\/#\/schema\/logo\/image\/\",\"url\":\"https:\/\/lamisilonce.be\/app\/uploads\/2024\/02\/Lamisil-logo.png\",\"contentUrl\":\"https:\/\/lamisilonce.be\/app\/uploads\/2024\/02\/Lamisil-logo.png\",\"width\":207,\"height\":32,\"caption\":\"Lamisil\"},\"image\":{\"@id\":\"https:\/\/lamisilonce.be\/fr\/#\/schema\/logo\/image\/\"}}]}<\/script>\n<!-- \/ Yoast SEO plugin. -->","yoast_head_json":{"title":"Lamisil Dermgel - Lamisil","description":"Contre les mycoses des pieds, les mycoses des surfaces et les mycoses des plis cutan\u00e9s : 1. Tue le champignon. 2. Apaise les sympt\u00f4mes. 3. Rafra\u00eechit la peau","robots":{"index":"index","follow":"follow","max-snippet":"max-snippet:-1","max-image-preview":"max-image-preview:large","max-video-preview":"max-video-preview:-1"},"canonical":"https:\/\/lamisilonce.be\/fr\/product\/lamisil-dermgel\/","og_locale":"fr_FR","og_type":"article","og_title":"Lamisil Dermgel - Lamisil","og_description":"Contre les mycoses des pieds, les mycoses des surfaces et les mycoses des plis cutan\u00e9s : 1. Tue le champignon. 2. Apaise les sympt\u00f4mes. 3. Rafra\u00eechit la peau","og_url":"https:\/\/lamisilonce.be\/fr\/product\/lamisil-dermgel\/","og_site_name":"Lamisil","article_modified_time":"2025-11-26T13:18:51+00:00","og_image":[{"width":700,"height":700,"url":"https:\/\/lamisilonce.be\/app\/uploads\/2025\/05\/Box-Tube-Gel.png","type":"image\/png"}],"twitter_card":"summary_large_image","twitter_misc":{"Est. reading time":"2 minutes"},"schema":{"@context":"https:\/\/schema.org","@graph":[{"@type":"WebPage","@id":"https:\/\/lamisilonce.be\/fr\/product\/lamisil-dermgel\/","url":"https:\/\/lamisilonce.be\/fr\/product\/lamisil-dermgel\/","name":"Lamisil Dermgel - Lamisil","isPartOf":{"@id":"https:\/\/lamisilonce.be\/fr\/#website"},"primaryImageOfPage":{"@id":"https:\/\/lamisilonce.be\/fr\/product\/lamisil-dermgel\/#primaryimage"},"image":{"@id":"https:\/\/lamisilonce.be\/fr\/product\/lamisil-dermgel\/#primaryimage"},"thumbnailUrl":"https:\/\/lamisilonce.be\/app\/uploads\/2025\/05\/Box-Tube-Gel.png","datePublished":"2025-05-07T09:52:54+00:00","dateModified":"2025-11-26T13:18:51+00:00","description":"Contre les mycoses des pieds, les mycoses des surfaces et les mycoses des plis cutan\u00e9s : 1. Tue le champignon. 2. Apaise les sympt\u00f4mes. 3. Rafra\u00eechit la peau","breadcrumb":{"@id":"https:\/\/lamisilonce.be\/fr\/product\/lamisil-dermgel\/#breadcrumb"},"inLanguage":"fr-BE","potentialAction":[{"@type":"ReadAction","target":["https:\/\/lamisilonce.be\/fr\/product\/lamisil-dermgel\/"]}]},{"@type":"ImageObject","inLanguage":"fr-BE","@id":"https:\/\/lamisilonce.be\/fr\/product\/lamisil-dermgel\/#primaryimage","url":"https:\/\/lamisilonce.be\/app\/uploads\/2025\/05\/Box-Tube-Gel.png","contentUrl":"https:\/\/lamisilonce.be\/app\/uploads\/2025\/05\/Box-Tube-Gel.png","width":700,"height":700,"caption":"Lamisil Dermgel"},{"@type":"BreadcrumbList","@id":"https:\/\/lamisilonce.be\/fr\/product\/lamisil-dermgel\/#breadcrumb","itemListElement":[{"@type":"ListItem","position":1,"name":"Home","item":"https:\/\/lamisilonce.be\/fr\/"},{"@type":"ListItem","position":2,"name":"M\u00e9dicaments","item":"https:\/\/lamisilonce.be\/fr\/medicaments\/"},{"@type":"ListItem","position":3,"name":"Lamisil Dermgel"}]},{"@type":"WebSite","@id":"https:\/\/lamisilonce.be\/fr\/#website","url":"https:\/\/lamisilonce.be\/fr\/","name":"Lamisil","description":"","publisher":{"@id":"https:\/\/lamisilonce.be\/fr\/#organization"},"potentialAction":[{"@type":"SearchAction","target":{"@type":"EntryPoint","urlTemplate":"https:\/\/lamisilonce.be\/fr\/?s={search_term_string}"},"query-input":{"@type":"PropertyValueSpecification","valueRequired":true,"valueName":"search_term_string"}}],"inLanguage":"fr-BE"},{"@type":"Organization","@id":"https:\/\/lamisilonce.be\/fr\/#organization","name":"Lamisil","url":"https:\/\/lamisilonce.be\/fr\/","logo":{"@type":"ImageObject","inLanguage":"fr-BE","@id":"https:\/\/lamisilonce.be\/fr\/#\/schema\/logo\/image\/","url":"https:\/\/lamisilonce.be\/app\/uploads\/2024\/02\/Lamisil-logo.png","contentUrl":"https:\/\/lamisilonce.be\/app\/uploads\/2024\/02\/Lamisil-logo.png","width":207,"height":32,"caption":"Lamisil"},"image":{"@id":"https:\/\/lamisilonce.be\/fr\/#\/schema\/logo\/image\/"}}]}},"_links":{"self":[{"href":"https:\/\/lamisilonce.be\/fr\/wp-json\/wp\/v2\/product\/375","targetHints":{"allow":["GET"]}}],"collection":[{"href":"https:\/\/lamisilonce.be\/fr\/wp-json\/wp\/v2\/product"}],"about":[{"href":"https:\/\/lamisilonce.be\/fr\/wp-json\/wp\/v2\/types\/product"}],"replies":[{"embeddable":true,"href":"https:\/\/lamisilonce.be\/fr\/wp-json\/wp\/v2\/comments?post=375"}],"version-history":[{"count":10,"href":"https:\/\/lamisilonce.be\/fr\/wp-json\/wp\/v2\/product\/375\/revisions"}],"predecessor-version":[{"id":690,"href":"https:\/\/lamisilonce.be\/fr\/wp-json\/wp\/v2\/product\/375\/revisions\/690"}],"wp:featuredmedia":[{"embeddable":true,"href":"https:\/\/lamisilonce.be\/fr\/wp-json\/wp\/v2\/media\/425"}],"wp:attachment":[{"href":"https:\/\/lamisilonce.be\/fr\/wp-json\/wp\/v2\/media?parent=375"}],"wp:term":[{"taxonomy":"product_brand","embeddable":true,"href":"https:\/\/lamisilonce.be\/fr\/wp-json\/wp\/v2\/product_brand?post=375"},{"taxonomy":"product_cat","embeddable":true,"href":"https:\/\/lamisilonce.be\/fr\/wp-json\/wp\/v2\/product_cat?post=375"},{"taxonomy":"product_tag","embeddable":true,"href":"https:\/\/lamisilonce.be\/fr\/wp-json\/wp\/v2\/product_tag?post=375"}],"curies":[{"name":"wp","href":"https:\/\/api.w.org\/{rel}","templated":true}]}}