{"id":379,"date":"2025-05-07T09:52:29","date_gmt":"2025-05-07T09:52:29","guid":{"rendered":"https:\/\/lamisilonce.be\/?post_type=product&#038;p=379"},"modified":"2025-11-26T13:18:51","modified_gmt":"2025-11-26T13:18:51","slug":"lamisil-once","status":"publish","type":"product","link":"https:\/\/lamisilonce.be\/fr\/product\/lamisil-once\/","title":{"rendered":"Lamisil Once"},"content":{"rendered":"\n<div class=\"wp-block-karopharma-product-promotion text-align-left pt-medium pb-medium bg-center bg-cover bg-no-repeat  is-style-secondary\" style=\"background-image:url()\"><div class=\"container max-w-large\">\n<div class=\"wp-block-group is-layout-flow wp-block-group-is-layout-flow\">\n<figure class=\"wp-block-karopharma-product-promotion-image product-promotion-image\"><img fetchpriority=\"high\" decoding=\"async\" datatest=\"image\" src=\"https:\/\/lamisilonce.be\/cdn-cgi\/image\/format=auto\/app\/uploads\/2025\/05\/once-img.png\" loading=\"eager\" alt=\"once-img\" width=\"683\" height=\"820\" srcset=\"https:\/\/lamisilonce.be\/cdn-cgi\/image\/format=auto,width=584\/app\/uploads\/2025\/05\/once-img.png 584w, https:\/\/lamisilonce.be\/cdn-cgi\/image\/format=auto,width=272\/app\/uploads\/2025\/05\/once-img.png 272w\" sizes=\"(max-width: 584px) 100vw, 584px\"\/><\/figure>\n<\/div>\n\n\n\n<div class=\"wp-block-group is-layout-flow wp-block-group-is-layout-flow\">\n<h2 class=\"wp-block-heading heading is-style-heading-h2\">Pourquoi une application unique est-elle suffisante ?<\/h2>\n\n\n\n<p>Puis, laisser s\u00e9cher la solution pendant 1 \u00e0 2 minutes jusqu\u2019\u00e0 formation d\u2019un film.<\/p>\n\n\n\n<p>L&#8217;action de Lamisil Once fait que la terbinafine se concentre dans les zones cutan\u00e9es affect\u00e9es. Elle reste dans la peau jusqu&#8217;\u00e0 13 jours apr\u00e8s l&#8217;application et est efficace contre la mycose du pied.<\/p>\n\n\n\n<p>L&#8217;ingr\u00e9dient actif du Lamisil (terbinafine) tue le champignon et agit donc ind\u00e9pendamment du processus de renouvellement de la peau. Dans le cas de Lamisil Once, une seule application suffit pour traiter la mycose entre les orteils. Avec Lamisil Once, la substance active reste dans la peau jusqu&#8217;\u00e0 13 jours et continue \u00e0 y combattre le champignon.<\/p>\n\n\n\n<div class=\"wp-block-buttons is-layout-flex wp-block-buttons-is-layout-flex\"><\/div>\n<\/div>\n<\/div><\/div>\n\n\n\n<div class=\"wp-block-karopharma-free-text pt-large pb-small bg-center bg-cover bg-no-repeat\" style=\"background-image:url()\"><div class=\"free-text-wrapper container max-w-medium text-left\">\n<h2 class=\"wp-block-heading is-style-heading-h2\">Utilisation de Lamisil Once<\/h2>\n\n\n\n<p>Lavez les deux pieds et en particulier les zones infect\u00e9es avec de l&#8217;eau chaude savonneuse et s\u00e9chez-les bien ensuite. Lavez et s\u00e9chez vos mains avant d&#8217;appliquer Lamisil Once.<\/p>\n\n\n\n<p>Retirez le bouchon et traitez les deux pieds, en utilisant environ la moiti\u00e9 du tube pour chaque pied, autant que n\u00e9cessaire pour couvrir tout le pied. Appliquez le m\u00e9dicament sur un pied \u00e0 la fois.\u00a0<\/p>\n\n\n\n<p><strong>Appliquez le gel sur les deux pieds avec les doigts en suivant les instructions suivantes :<\/strong><\/p>\n\n\n\n<ol class=\"wp-block-list is-style-default\">\n<li>Commencez par appliquer le gel entre, sous et sur tous les orteils. Continuez sur la plante et les c\u00f4t\u00e9s du pied. Ne pas masser la peau.<\/li>\n\n\n\n<li>Traitez l&#8217;autre pied de la m\u00eame mani\u00e8re, m\u00eame si la peau semble saine. Cela permet de s&#8217;assurer que vous vous d\u00e9barrassez vraiment du champignon &#8211; l&#8217;autre pied peut \u00eatre infect\u00e9 m\u00eame si cela n&#8217;est pas visible.<\/li>\n\n\n\n<li>Laissez s\u00e9cher le gel pendant 1 \u00e0 2 minutes avant de mettre des chaussettes ou des chaussures.<\/li>\n\n\n\n<li>Lavez-vous les mains \u00e0 l&#8217;eau chaude et au savon apr\u00e8s le traitement.<\/li>\n\n\n\n<li>Ne vous lavez pas les pieds pendant les 24 heures suivant le traitement.<\/li>\n<\/ol>\n\n\n\n<div style=\"height:30px\" aria-hidden=\"true\" class=\"wp-block-spacer\"><\/div>\n\n\n\n<h2 class=\"wp-block-heading has-text-align-center is-style-heading-h2\">Autres m\u00e9dicaments pour le traitement de la mycose du pied et de la peau<\/h2>\n<\/div><\/div>\n","protected":false},"excerpt":{"rendered":"<p>Traite et oublie : <br \/>\nApplication unique &#8211; agit jusqu&#8217;\u00e0 13 jours. <br \/>\nAide \u00e0 lutter contre la mycose du pied avec seulement une application.<\/p>\n","protected":false},"featured_media":427,"comment_status":"closed","ping_status":"closed","template":"","meta":{"_acf_changed":false,"footnotes":""},"product_brand":[],"product_cat":[],"product_tag":[],"class_list":{"0":"post-379","1":"product","2":"type-product","3":"status-publish","4":"has-post-thumbnail","7":"first","8":"instock","9":"shipping-taxable","10":"product-type-simple"},"acf":[],"yoast_head":"<!-- This site is optimized with the Yoast SEO plugin v26.6 - https:\/\/yoast.com\/wordpress\/plugins\/seo\/ -->\n<title>Lamisil Once - Lamisil<\/title>\n<meta name=\"description\" content=\"Lamisil Once est un traitement unique contre la mycose du pied. Il tue le champignon responsable de la mycose du pied, soulage les d\u00e9mangeaisons, les br\u00fblures et les squames et prot\u00e8ge contre les r\u00e9cidives jusqu&#039;\u00e0 3 mois.\" \/>\n<meta name=\"robots\" content=\"index, follow, max-snippet:-1, max-image-preview:large, max-video-preview:-1\" \/>\n<link rel=\"canonical\" href=\"https:\/\/lamisilonce.be\/fr\/product\/lamisil-once\/\" \/>\n<meta property=\"og:locale\" content=\"fr_FR\" \/>\n<meta property=\"og:type\" content=\"article\" \/>\n<meta property=\"og:title\" content=\"Lamisil Once - Lamisil\" \/>\n<meta property=\"og:description\" content=\"Lamisil Once est un traitement unique contre la mycose du pied. Il tue le champignon responsable de la mycose du pied, soulage les d\u00e9mangeaisons, les br\u00fblures et les squames et prot\u00e8ge contre les r\u00e9cidives jusqu&#039;\u00e0 3 mois.\" \/>\n<meta property=\"og:url\" content=\"https:\/\/lamisilonce.be\/fr\/product\/lamisil-once\/\" \/>\n<meta property=\"og:site_name\" content=\"Lamisil\" \/>\n<meta property=\"article:modified_time\" content=\"2025-11-26T13:18:51+00:00\" \/>\n<meta property=\"og:image\" content=\"https:\/\/lamisilonce.be\/app\/uploads\/2025\/05\/Box-Tube-ONCE-BE_LU.png\" \/>\n\t<meta property=\"og:image:width\" content=\"700\" \/>\n\t<meta property=\"og:image:height\" content=\"700\" \/>\n\t<meta property=\"og:image:type\" content=\"image\/png\" \/>\n<meta name=\"twitter:card\" content=\"summary_large_image\" \/>\n<meta name=\"twitter:label1\" content=\"Est. reading time\" \/>\n\t<meta name=\"twitter:data1\" content=\"2 minutes\" \/>\n<script type=\"application\/ld+json\" class=\"yoast-schema-graph\">{\"@context\":\"https:\/\/schema.org\",\"@graph\":[{\"@type\":\"WebPage\",\"@id\":\"https:\/\/lamisilonce.be\/fr\/product\/lamisil-once\/\",\"url\":\"https:\/\/lamisilonce.be\/fr\/product\/lamisil-once\/\",\"name\":\"Lamisil Once - Lamisil\",\"isPartOf\":{\"@id\":\"https:\/\/lamisilonce.be\/fr\/#website\"},\"primaryImageOfPage\":{\"@id\":\"https:\/\/lamisilonce.be\/fr\/product\/lamisil-once\/#primaryimage\"},\"image\":{\"@id\":\"https:\/\/lamisilonce.be\/fr\/product\/lamisil-once\/#primaryimage\"},\"thumbnailUrl\":\"https:\/\/lamisilonce.be\/app\/uploads\/2025\/05\/Box-Tube-ONCE-BE_LU.png\",\"datePublished\":\"2025-05-07T09:52:29+00:00\",\"dateModified\":\"2025-11-26T13:18:51+00:00\",\"description\":\"Lamisil Once est un traitement unique contre la mycose du pied. Il tue le champignon responsable de la mycose du pied, soulage les d\u00e9mangeaisons, les br\u00fblures et les squames et prot\u00e8ge contre les r\u00e9cidives jusqu'\u00e0 3 mois.\",\"breadcrumb\":{\"@id\":\"https:\/\/lamisilonce.be\/fr\/product\/lamisil-once\/#breadcrumb\"},\"inLanguage\":\"fr-BE\",\"potentialAction\":[{\"@type\":\"ReadAction\",\"target\":[\"https:\/\/lamisilonce.be\/fr\/product\/lamisil-once\/\"]}]},{\"@type\":\"ImageObject\",\"inLanguage\":\"fr-BE\",\"@id\":\"https:\/\/lamisilonce.be\/fr\/product\/lamisil-once\/#primaryimage\",\"url\":\"https:\/\/lamisilonce.be\/app\/uploads\/2025\/05\/Box-Tube-ONCE-BE_LU.png\",\"contentUrl\":\"https:\/\/lamisilonce.be\/app\/uploads\/2025\/05\/Box-Tube-ONCE-BE_LU.png\",\"width\":700,\"height\":700,\"caption\":\"Lamisil Once\"},{\"@type\":\"BreadcrumbList\",\"@id\":\"https:\/\/lamisilonce.be\/fr\/product\/lamisil-once\/#breadcrumb\",\"itemListElement\":[{\"@type\":\"ListItem\",\"position\":1,\"name\":\"Home\",\"item\":\"https:\/\/lamisilonce.be\/fr\/\"},{\"@type\":\"ListItem\",\"position\":2,\"name\":\"M\u00e9dicaments\",\"item\":\"https:\/\/lamisilonce.be\/fr\/medicaments\/\"},{\"@type\":\"ListItem\",\"position\":3,\"name\":\"Lamisil Once\"}]},{\"@type\":\"WebSite\",\"@id\":\"https:\/\/lamisilonce.be\/fr\/#website\",\"url\":\"https:\/\/lamisilonce.be\/fr\/\",\"name\":\"Lamisil\",\"description\":\"\",\"publisher\":{\"@id\":\"https:\/\/lamisilonce.be\/fr\/#organization\"},\"potentialAction\":[{\"@type\":\"SearchAction\",\"target\":{\"@type\":\"EntryPoint\",\"urlTemplate\":\"https:\/\/lamisilonce.be\/fr\/?s={search_term_string}\"},\"query-input\":{\"@type\":\"PropertyValueSpecification\",\"valueRequired\":true,\"valueName\":\"search_term_string\"}}],\"inLanguage\":\"fr-BE\"},{\"@type\":\"Organization\",\"@id\":\"https:\/\/lamisilonce.be\/fr\/#organization\",\"name\":\"Lamisil\",\"url\":\"https:\/\/lamisilonce.be\/fr\/\",\"logo\":{\"@type\":\"ImageObject\",\"inLanguage\":\"fr-BE\",\"@id\":\"https:\/\/lamisilonce.be\/fr\/#\/schema\/logo\/image\/\",\"url\":\"https:\/\/lamisilonce.be\/app\/uploads\/2024\/02\/Lamisil-logo.png\",\"contentUrl\":\"https:\/\/lamisilonce.be\/app\/uploads\/2024\/02\/Lamisil-logo.png\",\"width\":207,\"height\":32,\"caption\":\"Lamisil\"},\"image\":{\"@id\":\"https:\/\/lamisilonce.be\/fr\/#\/schema\/logo\/image\/\"}}]}<\/script>\n<!-- \/ Yoast SEO plugin. -->","yoast_head_json":{"title":"Lamisil Once - Lamisil","description":"Lamisil Once est un traitement unique contre la mycose du pied. Il tue le champignon responsable de la mycose du pied, soulage les d\u00e9mangeaisons, les br\u00fblures et les squames et prot\u00e8ge contre les r\u00e9cidives jusqu'\u00e0 3 mois.","robots":{"index":"index","follow":"follow","max-snippet":"max-snippet:-1","max-image-preview":"max-image-preview:large","max-video-preview":"max-video-preview:-1"},"canonical":"https:\/\/lamisilonce.be\/fr\/product\/lamisil-once\/","og_locale":"fr_FR","og_type":"article","og_title":"Lamisil Once - Lamisil","og_description":"Lamisil Once est un traitement unique contre la mycose du pied. Il tue le champignon responsable de la mycose du pied, soulage les d\u00e9mangeaisons, les br\u00fblures et les squames et prot\u00e8ge contre les r\u00e9cidives jusqu'\u00e0 3 mois.","og_url":"https:\/\/lamisilonce.be\/fr\/product\/lamisil-once\/","og_site_name":"Lamisil","article_modified_time":"2025-11-26T13:18:51+00:00","og_image":[{"width":700,"height":700,"url":"https:\/\/lamisilonce.be\/app\/uploads\/2025\/05\/Box-Tube-ONCE-BE_LU.png","type":"image\/png"}],"twitter_card":"summary_large_image","twitter_misc":{"Est. reading time":"2 minutes"},"schema":{"@context":"https:\/\/schema.org","@graph":[{"@type":"WebPage","@id":"https:\/\/lamisilonce.be\/fr\/product\/lamisil-once\/","url":"https:\/\/lamisilonce.be\/fr\/product\/lamisil-once\/","name":"Lamisil Once - Lamisil","isPartOf":{"@id":"https:\/\/lamisilonce.be\/fr\/#website"},"primaryImageOfPage":{"@id":"https:\/\/lamisilonce.be\/fr\/product\/lamisil-once\/#primaryimage"},"image":{"@id":"https:\/\/lamisilonce.be\/fr\/product\/lamisil-once\/#primaryimage"},"thumbnailUrl":"https:\/\/lamisilonce.be\/app\/uploads\/2025\/05\/Box-Tube-ONCE-BE_LU.png","datePublished":"2025-05-07T09:52:29+00:00","dateModified":"2025-11-26T13:18:51+00:00","description":"Lamisil Once est un traitement unique contre la mycose du pied. Il tue le champignon responsable de la mycose du pied, soulage les d\u00e9mangeaisons, les br\u00fblures et les squames et prot\u00e8ge contre les r\u00e9cidives jusqu'\u00e0 3 mois.","breadcrumb":{"@id":"https:\/\/lamisilonce.be\/fr\/product\/lamisil-once\/#breadcrumb"},"inLanguage":"fr-BE","potentialAction":[{"@type":"ReadAction","target":["https:\/\/lamisilonce.be\/fr\/product\/lamisil-once\/"]}]},{"@type":"ImageObject","inLanguage":"fr-BE","@id":"https:\/\/lamisilonce.be\/fr\/product\/lamisil-once\/#primaryimage","url":"https:\/\/lamisilonce.be\/app\/uploads\/2025\/05\/Box-Tube-ONCE-BE_LU.png","contentUrl":"https:\/\/lamisilonce.be\/app\/uploads\/2025\/05\/Box-Tube-ONCE-BE_LU.png","width":700,"height":700,"caption":"Lamisil Once"},{"@type":"BreadcrumbList","@id":"https:\/\/lamisilonce.be\/fr\/product\/lamisil-once\/#breadcrumb","itemListElement":[{"@type":"ListItem","position":1,"name":"Home","item":"https:\/\/lamisilonce.be\/fr\/"},{"@type":"ListItem","position":2,"name":"M\u00e9dicaments","item":"https:\/\/lamisilonce.be\/fr\/medicaments\/"},{"@type":"ListItem","position":3,"name":"Lamisil Once"}]},{"@type":"WebSite","@id":"https:\/\/lamisilonce.be\/fr\/#website","url":"https:\/\/lamisilonce.be\/fr\/","name":"Lamisil","description":"","publisher":{"@id":"https:\/\/lamisilonce.be\/fr\/#organization"},"potentialAction":[{"@type":"SearchAction","target":{"@type":"EntryPoint","urlTemplate":"https:\/\/lamisilonce.be\/fr\/?s={search_term_string}"},"query-input":{"@type":"PropertyValueSpecification","valueRequired":true,"valueName":"search_term_string"}}],"inLanguage":"fr-BE"},{"@type":"Organization","@id":"https:\/\/lamisilonce.be\/fr\/#organization","name":"Lamisil","url":"https:\/\/lamisilonce.be\/fr\/","logo":{"@type":"ImageObject","inLanguage":"fr-BE","@id":"https:\/\/lamisilonce.be\/fr\/#\/schema\/logo\/image\/","url":"https:\/\/lamisilonce.be\/app\/uploads\/2024\/02\/Lamisil-logo.png","contentUrl":"https:\/\/lamisilonce.be\/app\/uploads\/2024\/02\/Lamisil-logo.png","width":207,"height":32,"caption":"Lamisil"},"image":{"@id":"https:\/\/lamisilonce.be\/fr\/#\/schema\/logo\/image\/"}}]}},"_links":{"self":[{"href":"https:\/\/lamisilonce.be\/fr\/wp-json\/wp\/v2\/product\/379","targetHints":{"allow":["GET"]}}],"collection":[{"href":"https:\/\/lamisilonce.be\/fr\/wp-json\/wp\/v2\/product"}],"about":[{"href":"https:\/\/lamisilonce.be\/fr\/wp-json\/wp\/v2\/types\/product"}],"replies":[{"embeddable":true,"href":"https:\/\/lamisilonce.be\/fr\/wp-json\/wp\/v2\/comments?post=379"}],"version-history":[{"count":10,"href":"https:\/\/lamisilonce.be\/fr\/wp-json\/wp\/v2\/product\/379\/revisions"}],"predecessor-version":[{"id":692,"href":"https:\/\/lamisilonce.be\/fr\/wp-json\/wp\/v2\/product\/379\/revisions\/692"}],"wp:featuredmedia":[{"embeddable":true,"href":"https:\/\/lamisilonce.be\/fr\/wp-json\/wp\/v2\/media\/427"}],"wp:attachment":[{"href":"https:\/\/lamisilonce.be\/fr\/wp-json\/wp\/v2\/media?parent=379"}],"wp:term":[{"taxonomy":"product_brand","embeddable":true,"href":"https:\/\/lamisilonce.be\/fr\/wp-json\/wp\/v2\/product_brand?post=379"},{"taxonomy":"product_cat","embeddable":true,"href":"https:\/\/lamisilonce.be\/fr\/wp-json\/wp\/v2\/product_cat?post=379"},{"taxonomy":"product_tag","embeddable":true,"href":"https:\/\/lamisilonce.be\/fr\/wp-json\/wp\/v2\/product_tag?post=379"}],"curies":[{"name":"wp","href":"https:\/\/api.w.org\/{rel}","templated":true}]}}