{"id":147,"date":"2024-03-07T07:39:35","date_gmt":"2024-03-07T07:39:35","guid":{"rendered":"https:\/\/lamisilonce.be\/?page_id=147"},"modified":"2026-02-17T14:09:29","modified_gmt":"2026-02-17T14:09:29","slug":"symptomen","status":"publish","type":"page","link":"https:\/\/lamisilonce.be\/nl\/voetschimmel\/symptomen\/","title":{"rendered":"Symptomen"},"content":{"rendered":"\n<div class=\"wp-block-karopharma-background-image-with-text-v2 background-image-with-text-v2 undefined content-position-left fixed-height-layout svarttext\" datatest=\"root\"><div class=\"background-image-with-text-wrapper\"><picture class=\"background-image-with-text-image\"><source media=\"(max-width: 560px)\" srcset=\"https:\/\/lamisilonce.be\/cdn-cgi\/image\/format=auto,width=560\/app\/uploads\/2025\/05\/background-symptoms-athletes-foot.jpg\"\/><source media=\"(max-width: 800px)\" srcset=\"https:\/\/lamisilonce.be\/cdn-cgi\/image\/format=auto,width=800\/app\/uploads\/2025\/05\/background-symptoms-athletes-foot.jpg\"\/><source media=\"(max-width: 1920px)\" srcset=\"https:\/\/lamisilonce.be\/cdn-cgi\/image\/format=auto,width=1920\/app\/uploads\/2025\/05\/background-symptoms-athletes-foot.jpg\"\/><img decoding=\"async\" width=\"1920\" height=\"600\" datatest=\"background-image\" loading=\"lazy\" class=\"object-center object-cover\" src=\"https:\/\/lamisilonce.be\/cdn-cgi\/image\/format=auto\/app\/uploads\/2025\/05\/background-symptoms-athletes-foot.jpg\" alt=\"background-symptoms-athletes-foot\"\/><\/picture><div datatest=\"content-wrapper\" class=\"background-image-with-text-content-wrapper container max-w-medium text-alignment-left  pt-large pb-large\"><div class=\"content\"><h1 datatest=\"heading\" class=\"responsive-heading\"><em>Symptomen van voetschimmel<\/em><\/h1><p class=\"body\" datatest=\"body\">De symptomen van voetschimmel kunnen pijnlijk en vervelend zijn en het lopen moeilijk maken, vooral bij hardnekkige en onbehandelde infecties.<br><br><strong>Er zijn verschillende symptomen van voetschimmel. Ze kunnen sterk vari\u00ebren in ernst en treden niet altijd op hetzelfde moment op.<\/strong><\/p>\n<div class=\"wp-block-buttons is-layout-flex wp-block-buttons-is-layout-flex\">\n<div class=\"wp-block-button is-style-secondary-button\"><a class=\"wp-block-button__link wp-element-button\" href=\"https:\/\/lamisilonce.be\/nl\/voetschimmel\/behandelen-voorkomen\/\">Behandelen &amp; voorkomen<\/a><\/div>\n\n\n\n<div class=\"wp-block-button is-style-secondary-outlined-button\"><a class=\"wp-block-button__link wp-element-button\" href=\"https:\/\/lamisilonce.be\/nl\/geneesmiddelen\/\">Bekijk geneesmiddelen<\/a><\/div>\n<\/div>\n<\/div><\/div><\/div><\/div>\n\n\n\n<div class=\"wp-block-karopharma-free-text pt-large pb-large bg-center bg-cover bg-no-repeat  is-style-transparent\" style=\"background-image:url()\"><div class=\"free-text-wrapper container max-w-medium text-left\">\n<h2 class=\"wp-block-heading is-style-heading-h2 has-secondary-color has-text-color\">Meest voorkomende symptomen van voetschimmel<\/h2>\n\n\n\n<ul class=\"wp-block-list is-style-icon\">\n<li>Jeuk of een branderig gevoel tussen de tenen of op de voetzolen<\/li>\n\n\n\n<li>Witte, etterende huid tussen de tenen<\/li>\n\n\n\n<li>Schilferige huid of kleine kloven op de voeten of tussen de tenen<\/li>\n\n\n\n<li>Roodheid tussen de tenen<\/li>\n\n\n\n<li>Blaarvorming op de huid van de voeten<\/li>\n<\/ul>\n\n\n\n<h3 class=\"wp-block-heading is-style-heading-h3 has-primary-color has-text-color\">Meer symptomen<\/h3>\n\n\n\n<ul class=\"wp-block-list is-style-icon\">\n<li>Open blaren die pijn en zwelling veroorzaken<\/li>\n\n\n\n<li>Dikke, droge, schilferige huid op de zolen en zijkanten van de voeten<\/li>\n\n\n\n<li>Een onaangename geur is mogelijk bij ernstige infecties<\/li>\n<\/ul>\n<\/div><\/div>\n\n\n\n<div class=\"wp-block-karopharma-free-text pt-large pb-large bg-center bg-cover bg-no-repeat  is-style-secondary\" style=\"background-image:url()\"><div class=\"free-text-wrapper container max-w-medium text-left\">\n<h2 class=\"wp-block-heading is-style-heading-h2 has-primary-color has-text-color\">Waar kan ik de schimmel op mijn voeten zien?<\/h2>\n\n\n\n<h3 class=\"wp-block-heading is-style-heading-h4\">Tussen je tenen<\/h3>\n\n\n\n<p>Tussen je tenen kan schilferige huid verschijnen en de huid kan wit en gezwollen lijken door overtollig vocht. Beide symptomen kunnen tekenen zijn van een voetschimmelinfectie.<\/p>\n\n\n\n<figure class=\"wp-block-image size-full\"><img decoding=\"async\" src=\"https:\/\/stage.lamisil.nl\/app\/uploads\/2024\/01\/fusspilz-mont-1.jpg\" alt=\"Waar kan ik de schimmel op mijn voeten ontdekken?\" class=\"wp-image-152\"\/><\/figure>\n<\/div><\/div>\n\n\n\n<div class=\"wp-block-karopharma-free-text pt-large pb-large bg-center bg-cover bg-no-repeat\" style=\"background-image:url()\"><div class=\"free-text-wrapper container max-w-medium text-center\">\n<h2 class=\"wp-block-heading is-style-heading-h2 has-secondary-color has-text-color\">Wie loopt er een verhoogd risico op voetschimmel?<\/h2>\n\n\n\n<p class=\"is-style-paragraph-preamble\">Een voetschimmelinfectie kan iedereen treffen. Sommige mensen zijn echter gevoeliger voor deze schimmel dan anderen. De risicogroepen zijn onder andere:<\/p>\n<\/div><\/div>\n\n\n\n<div class=\"wp-block-karopharma-several-images-with-text several-images-with-text is-style-transparent\"><div class=\"container large col-1 content-align-center\" test-data=\"inner-content\">\n<section class=\"wp-block-karopharma-image-with-text image-with-text image-with-text__full-width\"><div class=\"image-with-text-container \"><div class=\"image-with-text-container-image-container\"><img decoding=\"async\" loading=\"lazy\" src=\"https:\/\/lamisilonce.be\/cdn-cgi\/image\/format=auto\/app\/uploads\/2024\/03\/People-with-chronic-illnesses-icon.png\" alt=\"Symptomen van voetschimmelDe symptomen van voetschimmel kunnen pijnlijk en vervelend zijn en het lopen moeilijk maken, vooral bij hardnekkige en onbehandelde infecties.Er zijn verschillende symptomen van voetschimmel. Ze kunnen sterk vari\u00ebren in ernst en treden niet altijd op hetzelfde moment op. Behandelen &amp; voorkomen Bekijk producten Meest voorkomende symptomen van voetschimmel Jeuk of een branderig gevoel tussen de tenen of op de voetzolenWitte, etterende huid tussen de tenenSchilferige huid of kleine kloven op de voeten of tussen de tenenRoodheid tussen de tenenBlaarvorming op de huid van de voeten Meer symptomen Open blaren die pijn en zwelling veroorzakenDikke, droge, schilferige huid op de zolen en zijkanten van de voetenEen onaangename geur is mogelijk bij ernstige infecties Waar kan ik de schimmel op mijn voeten zien? Tussen je tenen Tussen je tenen kan schilferige huid verschijnen en de huid kan wit en gezwollen lijken door overtollig vocht. Beide symptomen kunnen tekenen zijn van een voetschimmelinfectie. Wie loopt er een verhoogd risico op voetschimmel? Een voetschimmelinfectie kan iedereen treffen. Sommige mensen zijn echter gevoeliger voor deze schimmel dan anderen. De risicogroepen zijn onder andere: Mensen met een chronische ziekte, bijvoorbeeld diabetici. Als je diabetes mellitus hebt, moet je bij de eerste tekenen van voetschimmel naar de dokter gaan. Mensen die veel sporten. Mensen die in warme gebieden met een hoge luchtvochtigheid wonen. Mensen die speciale luchtdichte schoenen dragen, zoals laarzen voor hun werk. Producten voor de behandeling van voetschimmel\"\/><\/div><div class=\"image-with-text-container-content\" style=\"text-align:left\" data-test=\"content\"><div class=\"content\"><p class=\"body\" data-test=\"body\">Mensen met een chronische ziekte, bijvoorbeeld diabetici. Als je diabetes mellitus hebt, moet je bij de eerste tekenen van voetschimmel naar de dokter gaan.<\/p>\n<div class=\"wp-block-buttons is-layout-flex wp-block-buttons-is-layout-flex\"><\/div>\n<\/div><\/div><\/div><\/section>\n\n\n\n<section class=\"wp-block-karopharma-image-with-text image-with-text image-with-text__full-width\"><div class=\"image-with-text-container \"><div class=\"image-with-text-container-image-container\"><img decoding=\"async\" loading=\"lazy\" src=\"https:\/\/lamisilonce.be\/cdn-cgi\/image\/format=auto\/app\/uploads\/2024\/03\/People-who-do-a-lot-of-sports-icon.png\" alt=\"Mensen die veel sporten.\"\/><\/div><div class=\"image-with-text-container-content\" style=\"text-align:left\" data-test=\"content\"><div class=\"content\"><p class=\"body\" data-test=\"body\">Mensen die veel sporten.<\/p>\n<div class=\"wp-block-buttons is-layout-flex wp-block-buttons-is-layout-flex\"><\/div>\n<\/div><\/div><\/div><\/section>\n\n\n\n<section class=\"wp-block-karopharma-image-with-text image-with-text image-with-text__full-width\"><div class=\"image-with-text-container \"><div class=\"image-with-text-container-image-container\"><img decoding=\"async\" loading=\"lazy\" src=\"https:\/\/lamisilonce.be\/cdn-cgi\/image\/format=auto\/app\/uploads\/2024\/03\/People-living-in-warm-areas-icon.png\" alt=\"Mensen die in warme gebieden\"\/><\/div><div class=\"image-with-text-container-content\" style=\"text-align:left\" data-test=\"content\"><div class=\"content\"><p class=\"body\" data-test=\"body\">Mensen die in warme gebieden met een hoge luchtvochtigheid wonen.<\/p>\n<div class=\"wp-block-buttons is-layout-flex wp-block-buttons-is-layout-flex\"><\/div>\n<\/div><\/div><\/div><\/section>\n\n\n\n<section class=\"wp-block-karopharma-image-with-text image-with-text image-with-text__full-width\"><div class=\"image-with-text-container \"><div class=\"image-with-text-container-image-container\"><img decoding=\"async\" loading=\"lazy\" src=\"https:\/\/lamisilonce.be\/cdn-cgi\/image\/format=auto\/app\/uploads\/2024\/03\/People-who-wear-special-airtight-shoes-icon.png\" alt=\"Mensen die speciale luchtdichte schoenen dragen\"\/><\/div><div class=\"image-with-text-container-content\" style=\"text-align:left\" data-test=\"content\"><div class=\"content\"><p class=\"body\" data-test=\"body\">Mensen die speciale luchtdichte schoenen dragen, zoals laarzen voor hun werk.<\/p>\n<div class=\"wp-block-buttons is-layout-flex wp-block-buttons-is-layout-flex\"><\/div>\n<\/div><\/div><\/div><\/section>\n<\/div><\/div>\n\n\n\n<div style=\"height:100px\" aria-hidden=\"true\" class=\"wp-block-spacer is-style-responsive-small\"><\/div>\n\n\n\n<div class=\"wp-block-karopharma-free-text pt-large pb-none bg-center bg-cover bg-no-repeat  is-style-primary\" style=\"background-image:url()\"><div class=\"free-text-wrapper container max-w-medium text-center\">\n<h2 class=\"wp-block-heading is-style-heading-h2 has-primary-color has-text-color\">Geneesmiddelen voor de behandeling van voetschimmel<\/h2>\n<\/div><\/div>\n\n\n<div class=\"product-list wp-block-karopharma-product-list is-style-primary\" data-testid=\"product-list\">\n      <div class=\"swiper-container\">\n      <div class=\"swiper\">\n        <div class=\"swiper-wrapper\">\n                      <div class=\"swiper-slide\">\n              <div class=\"product-card\" data-testid=\"product-card\">\n  <a\n    href=https:\/\/lamisilonce.be\/nl\/product\/lamisil-once\/\n    class=\"product-card-link\"\n    title=\"Lamisil Once\"\n  >\n  <figure class=\"product-card-image\" data-testid=\"product-image\">\n                          <img decoding=\"async\" src=\"https:\/\/lamisilonce.be\/cdn-cgi\/image\/width=700,format=auto\/app\/uploads\/2025\/05\/Box-Tube-ONCE-BE_LU.png\"\n        srcset=\"https:\/\/lamisilonce.be\/cdn-cgi\/image\/width=250,format=auto\/app\/uploads\/2025\/05\/Box-Tube-ONCE-BE_LU.png 250w,\n                https:\/\/lamisilonce.be\/cdn-cgi\/image\/width=500,format=auto\/app\/uploads\/2025\/05\/Box-Tube-ONCE-BE_LU.png 500w,\n                https:\/\/lamisilonce.be\/cdn-cgi\/image\/width=700,format=auto\/app\/uploads\/2025\/05\/Box-Tube-ONCE-BE_LU.png 700w\"\n        sizes=\"(max-width: 400px) 250px, (max-width: 800px) 500px, 700px\"\n        alt=\"Lamisil Once\"\n        class=\"img\">\n            <\/figure>\n    <div class=\"product-card-content\">\n      <div class=\"heading-wrapper\">\n        <h2 class=\"heading\">Lamisil Once<\/h2>\n      <\/div>\n      <div class=\"product-card-description\">Behandelt en vergeet: <br> E\u00e9n keer aanbrengen &#8211; werkt tot 13 dagen. <br> Helpt tegen voetschimmel na slechts \u00e9\u00e9n keer aanbrengen.<\/div>\n                      <\/div>\n  <\/a>\n      <div class=\"button-wrapper\">\n    <a\n      href=https:\/\/lamisilonce.be\/nl\/product\/lamisil-once\/\n      target=_self\n      class=\"theme-button button-primary-color rounded-button\"\n      rel=\"noopener\"\n      title=\"Lees meer\"\n    >\n       Lees meer\n    <\/a>\n<\/div>  <\/div>\n            <\/div>\n                      <div class=\"swiper-slide\">\n              <div class=\"product-card\" data-testid=\"product-card\">\n  <a\n    href=https:\/\/lamisilonce.be\/nl\/product\/lamisil-creme\/\n    class=\"product-card-link\"\n    title=\"Lamisil Cr\u00e8me\"\n  >\n  <figure class=\"product-card-image\" data-testid=\"product-image\">\n                          <img decoding=\"async\" src=\"https:\/\/lamisilonce.be\/cdn-cgi\/image\/width=700,format=auto\/app\/uploads\/2025\/05\/Lamisil-Cream-15g.png\"\n        srcset=\"https:\/\/lamisilonce.be\/cdn-cgi\/image\/width=250,format=auto\/app\/uploads\/2025\/05\/Lamisil-Cream-15g.png 250w,\n                https:\/\/lamisilonce.be\/cdn-cgi\/image\/width=500,format=auto\/app\/uploads\/2025\/05\/Lamisil-Cream-15g.png 500w,\n                https:\/\/lamisilonce.be\/cdn-cgi\/image\/width=700,format=auto\/app\/uploads\/2025\/05\/Lamisil-Cream-15g.png 700w\"\n        sizes=\"(max-width: 400px) 250px, (max-width: 800px) 500px, 700px\"\n        alt=\"Lamisil Cr\u00e8me\n\"\n        class=\"img\">\n            <\/figure>\n    <div class=\"product-card-content\">\n      <div class=\"heading-wrapper\">\n        <h2 class=\"heading\">Lamisil Cr\u00e8me<\/h2>\n      <\/div>\n      <div class=\"product-card-description\">Tegen voetschimmel, schimmelinfecties van het huidoppervlak en schimmelinfecties van het huidplooien:<br>1. Doodt de schimmel <br>2. Verlicht de symptomen <\/div>\n                      <\/div>\n  <\/a>\n      <div class=\"button-wrapper\">\n    <a\n      href=https:\/\/lamisilonce.be\/nl\/product\/lamisil-creme\/\n      target=_self\n      class=\"theme-button button-primary-color rounded-button\"\n      rel=\"noopener\"\n      title=\"Lees meer\"\n    >\n       Lees meer\n    <\/a>\n<\/div>  <\/div>\n            <\/div>\n                      <div class=\"swiper-slide\">\n              <div class=\"product-card\" data-testid=\"product-card\">\n  <a\n    href=https:\/\/lamisilonce.be\/nl\/product\/lamisil-dermgel\/\n    class=\"product-card-link\"\n    title=\"Lamisil Dermgel\"\n  >\n  <figure class=\"product-card-image\" data-testid=\"product-image\">\n                          <img decoding=\"async\" src=\"https:\/\/lamisilonce.be\/cdn-cgi\/image\/width=700,format=auto\/app\/uploads\/2025\/05\/Box-Tube-Gel.png\"\n        srcset=\"https:\/\/lamisilonce.be\/cdn-cgi\/image\/width=250,format=auto\/app\/uploads\/2025\/05\/Box-Tube-Gel.png 250w,\n                https:\/\/lamisilonce.be\/cdn-cgi\/image\/width=500,format=auto\/app\/uploads\/2025\/05\/Box-Tube-Gel.png 500w,\n                https:\/\/lamisilonce.be\/cdn-cgi\/image\/width=700,format=auto\/app\/uploads\/2025\/05\/Box-Tube-Gel.png 700w\"\n        sizes=\"(max-width: 400px) 250px, (max-width: 800px) 500px, 700px\"\n        alt=\"Lamisil Dermgel\"\n        class=\"img\">\n            <\/figure>\n    <div class=\"product-card-content\">\n      <div class=\"heading-wrapper\">\n        <h2 class=\"heading\">Lamisil Dermgel<\/h2>\n      <\/div>\n      <div class=\"product-card-description\">Tegen voetschimmel, schimmelinfecties van het huidoppervlak en schimmelinfecties van het huidplooien:<br>1. Doodt de schimmel <br>2. Verlicht de symptomen <br>3. Verkoelt de huid<\/div>\n                      <\/div>\n  <\/a>\n      <div class=\"button-wrapper\">\n    <a\n      href=https:\/\/lamisilonce.be\/nl\/product\/lamisil-dermgel\/\n      target=_self\n      class=\"theme-button button-primary-color rounded-button\"\n      rel=\"noopener\"\n      title=\"Lees meer\"\n    >\n       Lees meer\n    <\/a>\n<\/div>  <\/div>\n            <\/div>\n                  <\/div>\n        <div class=\"swiper-scrollbar\"><\/div>\n      <\/div>\n    <\/div>\n  <\/div>\n","protected":false},"excerpt":{"rendered":"","protected":false},"author":2,"featured_media":0,"parent":142,"menu_order":2,"comment_status":"closed","ping_status":"closed","template":"","meta":{"_acf_changed":false,"footnotes":""},"from-article-database":[],"class_list":["post-147","page","type-page","status-publish","hentry"],"acf":[],"yoast_head":"<!-- This site is optimized with the Yoast SEO plugin v26.6 - https:\/\/yoast.com\/wordpress\/plugins\/seo\/ -->\n<title>Symptomen - Lamisil<\/title>\n<meta name=\"description\" content=\"De symptomen van voetschimmel kunnen pijnlijk en vervelend zijn en het lopen moeilijk maken, vooral bij hardnekkige en onbehandelde infecties.\" \/>\n<meta name=\"robots\" content=\"index, follow, max-snippet:-1, max-image-preview:large, max-video-preview:-1\" \/>\n<link rel=\"canonical\" href=\"https:\/\/lamisilonce.be\/nl\/voetschimmel\/symptomen\/\" \/>\n<meta property=\"og:locale\" content=\"nl_BE\" \/>\n<meta property=\"og:type\" content=\"article\" \/>\n<meta property=\"og:title\" content=\"Symptomen - Lamisil\" \/>\n<meta property=\"og:description\" content=\"De symptomen van voetschimmel kunnen pijnlijk en vervelend zijn en het lopen moeilijk maken, vooral bij hardnekkige en onbehandelde infecties.\" \/>\n<meta property=\"og:url\" content=\"https:\/\/lamisilonce.be\/nl\/voetschimmel\/symptomen\/\" \/>\n<meta property=\"og:site_name\" content=\"Lamisil\" \/>\n<meta property=\"article:modified_time\" content=\"2026-02-17T14:09:29+00:00\" \/>\n<meta property=\"og:image\" content=\"https:\/\/lamisilonce.be\/cdn-cgi\/image\/format=auto\/app\/uploads\/2025\/05\/background-symptoms-athletes-foot.jpg\" \/>\n<meta name=\"twitter:card\" content=\"summary_large_image\" \/>\n<meta name=\"twitter:label1\" content=\"Est. reading time\" \/>\n\t<meta name=\"twitter:data1\" content=\"3 minuten\" \/>\n<script type=\"application\/ld+json\" class=\"yoast-schema-graph\">{\"@context\":\"https:\/\/schema.org\",\"@graph\":[{\"@type\":\"WebPage\",\"@id\":\"https:\/\/lamisilonce.be\/nl\/voetschimmel\/symptomen\/\",\"url\":\"https:\/\/lamisilonce.be\/nl\/voetschimmel\/symptomen\/\",\"name\":\"Symptomen - Lamisil\",\"isPartOf\":{\"@id\":\"https:\/\/lamisilonce.be\/nl\/#website\"},\"primaryImageOfPage\":{\"@id\":\"https:\/\/lamisilonce.be\/nl\/voetschimmel\/symptomen\/#primaryimage\"},\"image\":{\"@id\":\"https:\/\/lamisilonce.be\/nl\/voetschimmel\/symptomen\/#primaryimage\"},\"thumbnailUrl\":\"https:\/\/lamisilonce.be\/cdn-cgi\/image\/format=auto\/app\/uploads\/2025\/05\/background-symptoms-athletes-foot.jpg\",\"datePublished\":\"2024-03-07T07:39:35+00:00\",\"dateModified\":\"2026-02-17T14:09:29+00:00\",\"description\":\"De symptomen van voetschimmel kunnen pijnlijk en vervelend zijn en het lopen moeilijk maken, vooral bij hardnekkige en onbehandelde infecties.\",\"breadcrumb\":{\"@id\":\"https:\/\/lamisilonce.be\/nl\/voetschimmel\/symptomen\/#breadcrumb\"},\"inLanguage\":\"nl-BE\",\"potentialAction\":[{\"@type\":\"ReadAction\",\"target\":[\"https:\/\/lamisilonce.be\/nl\/voetschimmel\/symptomen\/\"]}]},{\"@type\":\"ImageObject\",\"inLanguage\":\"nl-BE\",\"@id\":\"https:\/\/lamisilonce.be\/nl\/voetschimmel\/symptomen\/#primaryimage\",\"url\":\"https:\/\/lamisilonce.be\/cdn-cgi\/image\/format=auto\/app\/uploads\/2025\/05\/background-symptoms-athletes-foot.jpg\",\"contentUrl\":\"https:\/\/lamisilonce.be\/cdn-cgi\/image\/format=auto\/app\/uploads\/2025\/05\/background-symptoms-athletes-foot.jpg\"},{\"@type\":\"BreadcrumbList\",\"@id\":\"https:\/\/lamisilonce.be\/nl\/voetschimmel\/symptomen\/#breadcrumb\",\"itemListElement\":[{\"@type\":\"ListItem\",\"position\":1,\"name\":\"Home\",\"item\":\"https:\/\/lamisilonce.be\/nl\/\"},{\"@type\":\"ListItem\",\"position\":2,\"name\":\"Voetschimmel\",\"item\":\"https:\/\/lamisilonce.be\/nl\/voetschimmel\/\"},{\"@type\":\"ListItem\",\"position\":3,\"name\":\"Symptomen\"}]},{\"@type\":\"WebSite\",\"@id\":\"https:\/\/lamisilonce.be\/nl\/#website\",\"url\":\"https:\/\/lamisilonce.be\/nl\/\",\"name\":\"Lamisil\",\"description\":\"\",\"publisher\":{\"@id\":\"https:\/\/lamisilonce.be\/nl\/#organization\"},\"potentialAction\":[{\"@type\":\"SearchAction\",\"target\":{\"@type\":\"EntryPoint\",\"urlTemplate\":\"https:\/\/lamisilonce.be\/nl\/?s={search_term_string}\"},\"query-input\":{\"@type\":\"PropertyValueSpecification\",\"valueRequired\":true,\"valueName\":\"search_term_string\"}}],\"inLanguage\":\"nl-BE\"},{\"@type\":\"Organization\",\"@id\":\"https:\/\/lamisilonce.be\/nl\/#organization\",\"name\":\"Lamisil\",\"url\":\"https:\/\/lamisilonce.be\/nl\/\",\"logo\":{\"@type\":\"ImageObject\",\"inLanguage\":\"nl-BE\",\"@id\":\"https:\/\/lamisilonce.be\/nl\/#\/schema\/logo\/image\/\",\"url\":\"https:\/\/lamisilonce.be\/app\/uploads\/2024\/02\/Lamisil-logo.png\",\"contentUrl\":\"https:\/\/lamisilonce.be\/app\/uploads\/2024\/02\/Lamisil-logo.png\",\"width\":207,\"height\":32,\"caption\":\"Lamisil\"},\"image\":{\"@id\":\"https:\/\/lamisilonce.be\/nl\/#\/schema\/logo\/image\/\"}}]}<\/script>\n<!-- \/ Yoast SEO plugin. -->","yoast_head_json":{"title":"Symptomen - Lamisil","description":"De symptomen van voetschimmel kunnen pijnlijk en vervelend zijn en het lopen moeilijk maken, vooral bij hardnekkige en onbehandelde infecties.","robots":{"index":"index","follow":"follow","max-snippet":"max-snippet:-1","max-image-preview":"max-image-preview:large","max-video-preview":"max-video-preview:-1"},"canonical":"https:\/\/lamisilonce.be\/nl\/voetschimmel\/symptomen\/","og_locale":"nl_BE","og_type":"article","og_title":"Symptomen - Lamisil","og_description":"De symptomen van voetschimmel kunnen pijnlijk en vervelend zijn en het lopen moeilijk maken, vooral bij hardnekkige en onbehandelde infecties.","og_url":"https:\/\/lamisilonce.be\/nl\/voetschimmel\/symptomen\/","og_site_name":"Lamisil","article_modified_time":"2026-02-17T14:09:29+00:00","og_image":[{"url":"https:\/\/lamisilonce.be\/cdn-cgi\/image\/format=auto\/app\/uploads\/2025\/05\/background-symptoms-athletes-foot.jpg","type":"","width":"","height":""}],"twitter_card":"summary_large_image","twitter_misc":{"Est. reading time":"3 minuten"},"schema":{"@context":"https:\/\/schema.org","@graph":[{"@type":"WebPage","@id":"https:\/\/lamisilonce.be\/nl\/voetschimmel\/symptomen\/","url":"https:\/\/lamisilonce.be\/nl\/voetschimmel\/symptomen\/","name":"Symptomen - Lamisil","isPartOf":{"@id":"https:\/\/lamisilonce.be\/nl\/#website"},"primaryImageOfPage":{"@id":"https:\/\/lamisilonce.be\/nl\/voetschimmel\/symptomen\/#primaryimage"},"image":{"@id":"https:\/\/lamisilonce.be\/nl\/voetschimmel\/symptomen\/#primaryimage"},"thumbnailUrl":"https:\/\/lamisilonce.be\/cdn-cgi\/image\/format=auto\/app\/uploads\/2025\/05\/background-symptoms-athletes-foot.jpg","datePublished":"2024-03-07T07:39:35+00:00","dateModified":"2026-02-17T14:09:29+00:00","description":"De symptomen van voetschimmel kunnen pijnlijk en vervelend zijn en het lopen moeilijk maken, vooral bij hardnekkige en onbehandelde infecties.","breadcrumb":{"@id":"https:\/\/lamisilonce.be\/nl\/voetschimmel\/symptomen\/#breadcrumb"},"inLanguage":"nl-BE","potentialAction":[{"@type":"ReadAction","target":["https:\/\/lamisilonce.be\/nl\/voetschimmel\/symptomen\/"]}]},{"@type":"ImageObject","inLanguage":"nl-BE","@id":"https:\/\/lamisilonce.be\/nl\/voetschimmel\/symptomen\/#primaryimage","url":"https:\/\/lamisilonce.be\/cdn-cgi\/image\/format=auto\/app\/uploads\/2025\/05\/background-symptoms-athletes-foot.jpg","contentUrl":"https:\/\/lamisilonce.be\/cdn-cgi\/image\/format=auto\/app\/uploads\/2025\/05\/background-symptoms-athletes-foot.jpg"},{"@type":"BreadcrumbList","@id":"https:\/\/lamisilonce.be\/nl\/voetschimmel\/symptomen\/#breadcrumb","itemListElement":[{"@type":"ListItem","position":1,"name":"Home","item":"https:\/\/lamisilonce.be\/nl\/"},{"@type":"ListItem","position":2,"name":"Voetschimmel","item":"https:\/\/lamisilonce.be\/nl\/voetschimmel\/"},{"@type":"ListItem","position":3,"name":"Symptomen"}]},{"@type":"WebSite","@id":"https:\/\/lamisilonce.be\/nl\/#website","url":"https:\/\/lamisilonce.be\/nl\/","name":"Lamisil","description":"","publisher":{"@id":"https:\/\/lamisilonce.be\/nl\/#organization"},"potentialAction":[{"@type":"SearchAction","target":{"@type":"EntryPoint","urlTemplate":"https:\/\/lamisilonce.be\/nl\/?s={search_term_string}"},"query-input":{"@type":"PropertyValueSpecification","valueRequired":true,"valueName":"search_term_string"}}],"inLanguage":"nl-BE"},{"@type":"Organization","@id":"https:\/\/lamisilonce.be\/nl\/#organization","name":"Lamisil","url":"https:\/\/lamisilonce.be\/nl\/","logo":{"@type":"ImageObject","inLanguage":"nl-BE","@id":"https:\/\/lamisilonce.be\/nl\/#\/schema\/logo\/image\/","url":"https:\/\/lamisilonce.be\/app\/uploads\/2024\/02\/Lamisil-logo.png","contentUrl":"https:\/\/lamisilonce.be\/app\/uploads\/2024\/02\/Lamisil-logo.png","width":207,"height":32,"caption":"Lamisil"},"image":{"@id":"https:\/\/lamisilonce.be\/nl\/#\/schema\/logo\/image\/"}}]}},"_links":{"self":[{"href":"https:\/\/lamisilonce.be\/nl\/wp-json\/wp\/v2\/pages\/147","targetHints":{"allow":["GET"]}}],"collection":[{"href":"https:\/\/lamisilonce.be\/nl\/wp-json\/wp\/v2\/pages"}],"about":[{"href":"https:\/\/lamisilonce.be\/nl\/wp-json\/wp\/v2\/types\/page"}],"author":[{"embeddable":true,"href":"https:\/\/lamisilonce.be\/nl\/wp-json\/wp\/v2\/users\/2"}],"replies":[{"embeddable":true,"href":"https:\/\/lamisilonce.be\/nl\/wp-json\/wp\/v2\/comments?post=147"}],"version-history":[{"count":6,"href":"https:\/\/lamisilonce.be\/nl\/wp-json\/wp\/v2\/pages\/147\/revisions"}],"predecessor-version":[{"id":714,"href":"https:\/\/lamisilonce.be\/nl\/wp-json\/wp\/v2\/pages\/147\/revisions\/714"}],"up":[{"embeddable":true,"href":"https:\/\/lamisilonce.be\/nl\/wp-json\/wp\/v2\/pages\/142"}],"wp:attachment":[{"href":"https:\/\/lamisilonce.be\/nl\/wp-json\/wp\/v2\/media?parent=147"}],"wp:term":[{"taxonomy":"from-article-database","embeddable":true,"href":"https:\/\/lamisilonce.be\/nl\/wp-json\/wp\/v2\/from-article-database?post=147"}],"curies":[{"name":"wp","href":"https:\/\/api.w.org\/{rel}","templated":true}]}}