{"id":185,"date":"2025-05-07T11:32:23","date_gmt":"2025-05-07T11:32:23","guid":{"rendered":"https:\/\/lamisilonce.be\/?page_id=185"},"modified":"2025-11-26T13:18:50","modified_gmt":"2025-11-26T13:18:50","slug":"behandelen-voorkomen","status":"publish","type":"page","link":"https:\/\/lamisilonce.be\/nl\/voetschimmel\/behandelen-voorkomen\/","title":{"rendered":"Behandelen &amp; voorkomen"},"content":{"rendered":"\n<div class=\"wp-block-karopharma-background-image-with-text-v2 background-image-with-text-v2 undefined content-position-left fixed-height-layout svarttext\" datatest=\"root\"><div class=\"background-image-with-text-wrapper\"><picture class=\"background-image-with-text-image\"><source media=\"(max-width: 560px)\" srcset=\"https:\/\/lamisilonce.be\/cdn-cgi\/image\/format=auto,width=560\/app\/uploads\/2025\/05\/background-treat-and-prevent.jpg\"\/><source media=\"(max-width: 800px)\" srcset=\"https:\/\/lamisilonce.be\/cdn-cgi\/image\/format=auto,width=800\/app\/uploads\/2025\/05\/background-treat-and-prevent.jpg\"\/><source media=\"(max-width: 1920px)\" srcset=\"https:\/\/lamisilonce.be\/cdn-cgi\/image\/format=auto,width=1920\/app\/uploads\/2025\/05\/background-treat-and-prevent.jpg\"\/><img decoding=\"async\" width=\"1920\" height=\"600\" datatest=\"background-image\" loading=\"lazy\" class=\"object-center object-cover\" src=\"https:\/\/lamisilonce.be\/cdn-cgi\/image\/format=auto\/app\/uploads\/2025\/05\/background-treat-and-prevent.jpg\" alt=\"background-treat-and-prevent\"\/><\/picture><div datatest=\"content-wrapper\" class=\"background-image-with-text-content-wrapper container max-w-medium text-alignment-left  pt-large pb-large\"><div class=\"content\"><h1 datatest=\"heading\" class=\"responsive-heading\"><em>Lamisil &#8211; je vertrouwde partner bij de behandeling van voetschimmel<\/em><\/h1><p class=\"body\" datatest=\"body\">Lamisil geneesmiddelen bevatten terbinafine, een effectieve schimmeldodende ingredi\u00ebnt. Voor voetschimmel tussen de tenen is een behandeling van \u00e9\u00e9n week met Lamisil geneesmiddelen voldoende. Met de geloplossing van Lamisil Once is \u00e9\u00e9n keer aanbrengen zelfs voldoende.<\/p>\n<div class=\"wp-block-buttons is-layout-flex wp-block-buttons-is-layout-flex\"><\/div>\n<\/div><\/div><\/div><\/div>\n\n\n\n<div class=\"wp-block-karopharma-free-text pt-large pb-medium bg-center bg-cover bg-no-repeat\" style=\"background-image:url()\"><div class=\"free-text-wrapper container max-w-medium text-center\">\n<h2 class=\"wp-block-heading is-style-heading-h2 has-secondary-color has-text-color\">Hoe Lamisil Once correct gebruiken<br>(Niet gebruiken bij kinderen jonger dan 18 jaar.)<\/h2>\n<\/div><\/div>\n\n\n\n<div class=\"wp-block-karopharma-several-images-with-text several-images-with-text is-style-transparent\"><div class=\"container large col-1 content-align-center\" test-data=\"inner-content\">\n<section class=\"wp-block-karopharma-image-with-text image-with-text image-with-text__full-width\"><div class=\"image-with-text-container \"><div class=\"image-with-text-container-image-container\"><img decoding=\"async\" loading=\"lazy\" src=\"https:\/\/lamisilonce.be\/cdn-cgi\/image\/format=auto\/app\/uploads\/2024\/03\/Apply-Lamisil-Once-to-each-foot-icon.png\" alt=\"Breng Lamisil Once aan op elke voet\"\/><\/div><div class=\"image-with-text-container-content\" style=\"text-align:left\" data-test=\"content\"><div class=\"content\"><h2>Breng Lamisil Once aan op elke voet<\/h2><p class=\"body\" data-test=\"body\">Voordat je de geloplossing gebruikt, moet je je voeten en handen wassen en goed afdrogen. Breng de Lamisil Once geloplossing aan op beide voeten, zelfs als er maar \u00e9\u00e9n voet voetschimmel vertoont.<\/p>\n<div class=\"wp-block-buttons is-layout-flex wp-block-buttons-is-layout-flex\"><\/div>\n<\/div><\/div><\/div><\/section>\n\n\n\n<section class=\"wp-block-karopharma-image-with-text image-with-text image-with-text__full-width\"><div class=\"image-with-text-container \"><div class=\"image-with-text-container-image-container\"><img decoding=\"async\" loading=\"lazy\" src=\"https:\/\/lamisilonce.be\/cdn-cgi\/image\/format=auto\/app\/uploads\/2024\/03\/Spread-the-solution-between-under-and-on-all-toes-icon.png\" alt=\"Verdeel de oplossing tussen, onder en op alle tenen\"\/><\/div><div class=\"image-with-text-container-content\" style=\"text-align:left\" data-test=\"content\"><div class=\"content\"><h2>Verdeel de oplossing tussen, onder en op alle tenen<\/h2><p class=\"body\" data-test=\"body\">Smeer vervolgens Lamisil Once op de zool en de rand van de voet tot een hoogte van 1,5 cm. Wacht twee minuten voordat je sokken en schoenen aantrekt.<\/p>\n<div class=\"wp-block-buttons is-layout-flex wp-block-buttons-is-layout-flex\"><\/div>\n<\/div><\/div><\/div><\/section>\n\n\n\n<section class=\"wp-block-karopharma-image-with-text image-with-text image-with-text__full-width\"><div class=\"image-with-text-container \"><div class=\"image-with-text-container-image-container\"><img decoding=\"async\" loading=\"lazy\" src=\"https:\/\/lamisilonce.be\/cdn-cgi\/image\/format=auto\/app\/uploads\/2024\/03\/Your-feet-can-be-washed-again-24-hours-after-icon.png\" alt=\"Your-feet-can-be-washed-again-24-hours-after-icon\"\/><\/div><div class=\"image-with-text-container-content\" style=\"text-align:left\" data-test=\"content\"><div class=\"content\"><h2>Je voeten kunnen 24 uur na het aanbrengen weer gewassen worden<\/h2><p class=\"body\" data-test=\"body\">Enkele dagen na het gebruik van Lamisil Once zouden symptomen zoals jeuk, een branderig gevoel of pijn moeten verminderen. Let ook op onze tips om een nieuwe infectie te voorkomen.<\/p>\n<div class=\"wp-block-buttons is-layout-flex wp-block-buttons-is-layout-flex\"><\/div>\n<\/div><\/div><\/div><\/section>\n<\/div><\/div>\n\n\n\n<section class=\"wp-block-karopharma-image-with-text image-with-text image-with-text__not-full-width is-style-secondary enbildmedtext\"><div class=\"image-with-text-container \"><div class=\"image-with-text-container-image-container\"><img decoding=\"async\" loading=\"lazy\" src=\"https:\/\/lamisilonce.be\/cdn-cgi\/image\/format=auto\/app\/uploads\/2025\/05\/Why-not-stop-european.jpg\" alt=\"Why-not-stop-european\"\/><\/div><div class=\"image-with-text-container-content\" style=\"text-align:left\" data-test=\"content\"><div class=\"content\"><h2>Waarom de behandeling van voetschimel niet voortijdig moet worden gestopt?<\/h2><p class=\"body\" data-test=\"body\">Het is niet omdat de symptomen afnemen dat de voetschimmel genezen is. Als de behandeling vroegtijdig wordt gestopt, kan de voetschimmel terugkomen. Ga daarom door met de behandeling volgens de bijsluiter, zelfs als de symptomen niet meer merkbaar zijn. Lamisil geneesmiddelen blijven werken na het einde van de behandelingsperiode. Ze werken effectief tegen voetschimmel en verminderen het risico op terugkerende infecties met een relatief korte gebruiksperiode.<br><br>Als je van je voetschimmel tussen je tenen af wilt komen zonder het elke dag te moeten behandelen, dan is Lamisil Once het juiste geneesmiddel voor jou. Lamisil Once is een geloplossing die een onzichtbaar filmlaagje op de huid legt dankzij de unieke technologie. Het blijft daar tot 13 dagen na het aanbrengen en bestrijdt de ziekteverwekkers die de voetschimmel tussen de tenen veroorzaken. \u00c9\u00e9n keer aanbrengen is dus voldoende.<\/p>\n<div class=\"wp-block-buttons is-layout-flex wp-block-buttons-is-layout-flex\"><\/div>\n<\/div><\/div><\/div><\/section>\n\n\n\n<div class=\"wp-block-karopharma-free-text pt-large pb-medium bg-center bg-cover bg-no-repeat  is-style-transparent\" style=\"background-image:url()\"><div class=\"free-text-wrapper container max-w-medium text-center\">\n<h2 class=\"wp-block-heading is-style-heading-h2 has-secondary-color has-text-color\">Hoe je voetschimmel kunt voorkomen<\/h2>\n<\/div><\/div>\n\n\n\n<div class=\"wp-block-karopharma-several-images-with-text several-images-with-text is-style-transparent\"><div class=\"container large col-1 content-align-center\" test-data=\"inner-content\">\n<section class=\"wp-block-karopharma-image-with-text image-with-text image-with-text__full-width\"><div class=\"image-with-text-container \"><div class=\"image-with-text-container-image-container\"><img decoding=\"async\" loading=\"lazy\" src=\"https:\/\/lamisilonce.be\/cdn-cgi\/image\/format=auto\/app\/uploads\/2024\/03\/Make-sure-your-feet-are-clean-dry-icon.png\" alt=\"Zorg ervoor dat je voeten schoon en droog zijn\"\/><\/div><div class=\"image-with-text-container-content\" style=\"text-align:left\" data-test=\"content\"><div class=\"content\"><p class=\"body\" data-test=\"body\">Zorg ervoor dat je voeten schoon en droog zijn, vooral tussen de tenen.<\/p>\n<div class=\"wp-block-buttons is-layout-flex wp-block-buttons-is-layout-flex\"><\/div>\n<\/div><\/div><\/div><\/section>\n\n\n\n<section class=\"wp-block-karopharma-image-with-text image-with-text image-with-text__full-width\"><div class=\"image-with-text-container \"><div class=\"image-with-text-container-image-container\"><img decoding=\"async\" loading=\"lazy\" src=\"https:\/\/lamisilonce.be\/cdn-cgi\/image\/format=auto\/app\/uploads\/2024\/03\/Never-go-barefoot-in-shared-showers-icon.png\" alt=\"Ga nooit op blote voeten in gemeenschappelijke douches en kleedkamers\"\/><\/div><div class=\"image-with-text-container-content\" style=\"text-align:left\" data-test=\"content\"><div class=\"content\"><p class=\"body\" data-test=\"body\">Ga nooit op blote voeten in gemeenschappelijke douches en kleedkamers. Draag altijd badschoenen!<\/p>\n<div class=\"wp-block-buttons is-layout-flex wp-block-buttons-is-layout-flex\"><\/div>\n<\/div><\/div><\/div><\/section>\n\n\n\n<section class=\"wp-block-karopharma-image-with-text image-with-text image-with-text__full-width\"><div class=\"image-with-text-container \"><div class=\"image-with-text-container-image-container\"><img decoding=\"async\" loading=\"lazy\" src=\"https:\/\/lamisilonce.be\/cdn-cgi\/image\/format=auto\/app\/uploads\/2024\/03\/Wash-your-feet-thoroughly-icon.png\" alt=\"Wash-your-feet-thoroughly-icon\"\/><\/div><div class=\"image-with-text-container-content\" style=\"text-align:left\" data-test=\"content\"><div class=\"content\"><p class=\"body\" data-test=\"body\">Was je voeten grondig met water en pH-neutrale zeep en droog ze zorgvuldig. Dit is vooral belangrijk na het sporten of het dragen van luchtdichte veiligheidsschoenen, bijvoorbeeld op het werk.<\/p>\n<div class=\"wp-block-buttons is-layout-flex wp-block-buttons-is-layout-flex\"><\/div>\n<\/div><\/div><\/div><\/section>\n\n\n\n<section class=\"wp-block-karopharma-image-with-text image-with-text image-with-text__full-width\"><div class=\"image-with-text-container \"><div class=\"image-with-text-container-image-container\"><img decoding=\"async\" loading=\"lazy\" src=\"https:\/\/lamisilonce.be\/cdn-cgi\/image\/format=auto\/app\/uploads\/2024\/03\/Dont-forget-to-change-your-socks-icon.png\" alt=\"Don't-forget-to-change-your-socks-icon\"\/><\/div><div class=\"image-with-text-container-content\" style=\"text-align:left\" data-test=\"content\"><div class=\"content\"><p class=\"body\" data-test=\"body\">Vergeet niet om je sokken elke dag te vervangen en was ze op 60\u00b0C. Draag altijd schone sokken van katoen of andere natuurlijke materialen.<\/p>\n<div class=\"wp-block-buttons is-layout-flex wp-block-buttons-is-layout-flex\"><\/div>\n<\/div><\/div><\/div><\/section>\n<\/div><\/div>\n\n\n\n<div style=\"height:100px\" aria-hidden=\"true\" class=\"wp-block-spacer is-style-responsive-small\"><\/div>\n\n\n\n<div class=\"wp-block-karopharma-free-text pt-large pb-none bg-center bg-cover bg-no-repeat  is-style-primary\" style=\"background-image:url()\"><div class=\"free-text-wrapper container max-w-medium text-center\">\n<h2 class=\"wp-block-heading is-style-heading-h2 has-black-color has-text-color\">Geneesmiddelen voor de behandeling van voetschimmel<\/h2>\n<\/div><\/div>\n\n\n<div class=\"product-list wp-block-karopharma-product-list is-style-primary\" data-testid=\"product-list\">\n      <div class=\"swiper-container\">\n      <div class=\"swiper\">\n        <div class=\"swiper-wrapper\">\n                      <div class=\"swiper-slide\">\n              <div class=\"product-card\" data-testid=\"product-card\">\n  <a\n    href=https:\/\/lamisilonce.be\/nl\/product\/lamisil-once\/\n    class=\"product-card-link\"\n    title=\"Lamisil Once\"\n  >\n  <figure class=\"product-card-image\" data-testid=\"product-image\">\n                          <img decoding=\"async\" src=\"https:\/\/lamisilonce.be\/cdn-cgi\/image\/width=700,format=auto\/app\/uploads\/2025\/05\/Box-Tube-ONCE-BE_LU.png\"\n        srcset=\"https:\/\/lamisilonce.be\/cdn-cgi\/image\/width=250,format=auto\/app\/uploads\/2025\/05\/Box-Tube-ONCE-BE_LU.png 250w,\n                https:\/\/lamisilonce.be\/cdn-cgi\/image\/width=500,format=auto\/app\/uploads\/2025\/05\/Box-Tube-ONCE-BE_LU.png 500w,\n                https:\/\/lamisilonce.be\/cdn-cgi\/image\/width=700,format=auto\/app\/uploads\/2025\/05\/Box-Tube-ONCE-BE_LU.png 700w\"\n        sizes=\"(max-width: 400px) 250px, (max-width: 800px) 500px, 700px\"\n        alt=\"Lamisil Once\"\n        class=\"img\">\n            <\/figure>\n    <div class=\"product-card-content\">\n      <div class=\"heading-wrapper\">\n        <h2 class=\"heading\">Lamisil Once<\/h2>\n      <\/div>\n      <div class=\"product-card-description\">Behandelt en vergeet: <br> E\u00e9n keer aanbrengen &#8211; werkt tot 13 dagen. <br> Helpt tegen voetschimmel na slechts \u00e9\u00e9n keer aanbrengen.<\/div>\n                      <\/div>\n  <\/a>\n      <div class=\"button-wrapper\">\n    <a\n      href=https:\/\/lamisilonce.be\/nl\/product\/lamisil-once\/\n      target=_self\n      class=\"theme-button button-primary-color rounded-button\"\n      rel=\"noopener\"\n      title=\"Lees meer\"\n    >\n       Lees meer\n    <\/a>\n<\/div>  <\/div>\n            <\/div>\n                      <div class=\"swiper-slide\">\n              <div class=\"product-card\" data-testid=\"product-card\">\n  <a\n    href=https:\/\/lamisilonce.be\/nl\/product\/lamisil-creme\/\n    class=\"product-card-link\"\n    title=\"Lamisil Cr\u00e8me\"\n  >\n  <figure class=\"product-card-image\" data-testid=\"product-image\">\n                          <img decoding=\"async\" src=\"https:\/\/lamisilonce.be\/cdn-cgi\/image\/width=700,format=auto\/app\/uploads\/2025\/05\/Lamisil-Cream-15g.png\"\n        srcset=\"https:\/\/lamisilonce.be\/cdn-cgi\/image\/width=250,format=auto\/app\/uploads\/2025\/05\/Lamisil-Cream-15g.png 250w,\n                https:\/\/lamisilonce.be\/cdn-cgi\/image\/width=500,format=auto\/app\/uploads\/2025\/05\/Lamisil-Cream-15g.png 500w,\n                https:\/\/lamisilonce.be\/cdn-cgi\/image\/width=700,format=auto\/app\/uploads\/2025\/05\/Lamisil-Cream-15g.png 700w\"\n        sizes=\"(max-width: 400px) 250px, (max-width: 800px) 500px, 700px\"\n        alt=\"Lamisil Cr\u00e8me\n\"\n        class=\"img\">\n            <\/figure>\n    <div class=\"product-card-content\">\n      <div class=\"heading-wrapper\">\n        <h2 class=\"heading\">Lamisil Cr\u00e8me<\/h2>\n      <\/div>\n      <div class=\"product-card-description\">Tegen voetschimmel, schimmelinfecties van het huidoppervlak en schimmelinfecties van het huidplooien:<br>1. Doodt de schimmel <br>2. Verlicht de symptomen <\/div>\n                      <\/div>\n  <\/a>\n      <div class=\"button-wrapper\">\n    <a\n      href=https:\/\/lamisilonce.be\/nl\/product\/lamisil-creme\/\n      target=_self\n      class=\"theme-button button-primary-color rounded-button\"\n      rel=\"noopener\"\n      title=\"Lees meer\"\n    >\n       Lees meer\n    <\/a>\n<\/div>  <\/div>\n            <\/div>\n                      <div class=\"swiper-slide\">\n              <div class=\"product-card\" data-testid=\"product-card\">\n  <a\n    href=https:\/\/lamisilonce.be\/nl\/product\/lamisil-dermgel\/\n    class=\"product-card-link\"\n    title=\"Lamisil Dermgel\"\n  >\n  <figure class=\"product-card-image\" data-testid=\"product-image\">\n                          <img decoding=\"async\" src=\"https:\/\/lamisilonce.be\/cdn-cgi\/image\/width=700,format=auto\/app\/uploads\/2025\/05\/Box-Tube-Gel.png\"\n        srcset=\"https:\/\/lamisilonce.be\/cdn-cgi\/image\/width=250,format=auto\/app\/uploads\/2025\/05\/Box-Tube-Gel.png 250w,\n                https:\/\/lamisilonce.be\/cdn-cgi\/image\/width=500,format=auto\/app\/uploads\/2025\/05\/Box-Tube-Gel.png 500w,\n                https:\/\/lamisilonce.be\/cdn-cgi\/image\/width=700,format=auto\/app\/uploads\/2025\/05\/Box-Tube-Gel.png 700w\"\n        sizes=\"(max-width: 400px) 250px, (max-width: 800px) 500px, 700px\"\n        alt=\"Lamisil Dermgel\"\n        class=\"img\">\n            <\/figure>\n    <div class=\"product-card-content\">\n      <div class=\"heading-wrapper\">\n        <h2 class=\"heading\">Lamisil Dermgel<\/h2>\n      <\/div>\n      <div class=\"product-card-description\">Tegen voetschimmel, schimmelinfecties van het huidoppervlak en schimmelinfecties van het huidplooien:<br>1. Doodt de schimmel <br>2. Verlicht de symptomen <br>3. Verkoelt de huid<\/div>\n                      <\/div>\n  <\/a>\n      <div class=\"button-wrapper\">\n    <a\n      href=https:\/\/lamisilonce.be\/nl\/product\/lamisil-dermgel\/\n      target=_self\n      class=\"theme-button button-primary-color rounded-button\"\n      rel=\"noopener\"\n      title=\"Lees meer\"\n    >\n       Lees meer\n    <\/a>\n<\/div>  <\/div>\n            <\/div>\n                  <\/div>\n        <div class=\"swiper-scrollbar\"><\/div>\n      <\/div>\n    <\/div>\n  <\/div>\n","protected":false},"excerpt":{"rendered":"","protected":false},"author":2,"featured_media":0,"parent":142,"menu_order":3,"comment_status":"closed","ping_status":"closed","template":"","meta":{"_acf_changed":false,"footnotes":""},"from-article-database":[],"class_list":["post-185","page","type-page","status-publish","hentry"],"acf":[],"yoast_head":"<!-- This site is optimized with the Yoast SEO plugin v26.6 - https:\/\/yoast.com\/wordpress\/plugins\/seo\/ -->\n<title>Behandelen &amp; voorkomen - Lamisil<\/title>\n<meta name=\"description\" content=\"Lamisil producten bevatten terbinafine, een van de meest effectieve schimmeldodende ingredi\u00ebnten.\" \/>\n<meta name=\"robots\" content=\"index, follow, max-snippet:-1, max-image-preview:large, max-video-preview:-1\" \/>\n<link rel=\"canonical\" href=\"https:\/\/lamisilonce.be\/nl\/voetschimmel\/behandelen-voorkomen\/\" \/>\n<meta property=\"og:locale\" content=\"nl_BE\" \/>\n<meta property=\"og:type\" content=\"article\" \/>\n<meta property=\"og:title\" content=\"Behandelen &amp; voorkomen - Lamisil\" \/>\n<meta property=\"og:description\" content=\"Lamisil producten bevatten terbinafine, een van de meest effectieve schimmeldodende ingredi\u00ebnten.\" \/>\n<meta property=\"og:url\" content=\"https:\/\/lamisilonce.be\/nl\/voetschimmel\/behandelen-voorkomen\/\" \/>\n<meta property=\"og:site_name\" content=\"Lamisil\" \/>\n<meta property=\"article:modified_time\" content=\"2025-11-26T13:18:50+00:00\" \/>\n<meta property=\"og:image\" content=\"https:\/\/lamisilonce.be\/cdn-cgi\/image\/format=auto\/app\/uploads\/2025\/05\/background-treat-and-prevent.jpg\" \/>\n<meta name=\"twitter:card\" content=\"summary_large_image\" \/>\n<meta name=\"twitter:label1\" content=\"Est. reading time\" \/>\n\t<meta name=\"twitter:data1\" content=\"4 minuten\" \/>\n<script type=\"application\/ld+json\" class=\"yoast-schema-graph\">{\"@context\":\"https:\/\/schema.org\",\"@graph\":[{\"@type\":\"WebPage\",\"@id\":\"https:\/\/lamisilonce.be\/nl\/voetschimmel\/behandelen-voorkomen\/\",\"url\":\"https:\/\/lamisilonce.be\/nl\/voetschimmel\/behandelen-voorkomen\/\",\"name\":\"Behandelen &amp; voorkomen - Lamisil\",\"isPartOf\":{\"@id\":\"https:\/\/lamisilonce.be\/nl\/#website\"},\"primaryImageOfPage\":{\"@id\":\"https:\/\/lamisilonce.be\/nl\/voetschimmel\/behandelen-voorkomen\/#primaryimage\"},\"image\":{\"@id\":\"https:\/\/lamisilonce.be\/nl\/voetschimmel\/behandelen-voorkomen\/#primaryimage\"},\"thumbnailUrl\":\"https:\/\/lamisilonce.be\/cdn-cgi\/image\/format=auto\/app\/uploads\/2025\/05\/background-treat-and-prevent.jpg\",\"datePublished\":\"2025-05-07T11:32:23+00:00\",\"dateModified\":\"2025-11-26T13:18:50+00:00\",\"description\":\"Lamisil producten bevatten terbinafine, een van de meest effectieve schimmeldodende ingredi\u00ebnten.\",\"breadcrumb\":{\"@id\":\"https:\/\/lamisilonce.be\/nl\/voetschimmel\/behandelen-voorkomen\/#breadcrumb\"},\"inLanguage\":\"nl-BE\",\"potentialAction\":[{\"@type\":\"ReadAction\",\"target\":[\"https:\/\/lamisilonce.be\/nl\/voetschimmel\/behandelen-voorkomen\/\"]}]},{\"@type\":\"ImageObject\",\"inLanguage\":\"nl-BE\",\"@id\":\"https:\/\/lamisilonce.be\/nl\/voetschimmel\/behandelen-voorkomen\/#primaryimage\",\"url\":\"https:\/\/lamisilonce.be\/cdn-cgi\/image\/format=auto\/app\/uploads\/2025\/05\/background-treat-and-prevent.jpg\",\"contentUrl\":\"https:\/\/lamisilonce.be\/cdn-cgi\/image\/format=auto\/app\/uploads\/2025\/05\/background-treat-and-prevent.jpg\"},{\"@type\":\"BreadcrumbList\",\"@id\":\"https:\/\/lamisilonce.be\/nl\/voetschimmel\/behandelen-voorkomen\/#breadcrumb\",\"itemListElement\":[{\"@type\":\"ListItem\",\"position\":1,\"name\":\"Home\",\"item\":\"https:\/\/lamisilonce.be\/nl\/\"},{\"@type\":\"ListItem\",\"position\":2,\"name\":\"Voetschimmel\",\"item\":\"https:\/\/lamisilonce.be\/nl\/voetschimmel\/\"},{\"@type\":\"ListItem\",\"position\":3,\"name\":\"Behandelen &amp; voorkomen\"}]},{\"@type\":\"WebSite\",\"@id\":\"https:\/\/lamisilonce.be\/nl\/#website\",\"url\":\"https:\/\/lamisilonce.be\/nl\/\",\"name\":\"Lamisil\",\"description\":\"\",\"publisher\":{\"@id\":\"https:\/\/lamisilonce.be\/nl\/#organization\"},\"potentialAction\":[{\"@type\":\"SearchAction\",\"target\":{\"@type\":\"EntryPoint\",\"urlTemplate\":\"https:\/\/lamisilonce.be\/nl\/?s={search_term_string}\"},\"query-input\":{\"@type\":\"PropertyValueSpecification\",\"valueRequired\":true,\"valueName\":\"search_term_string\"}}],\"inLanguage\":\"nl-BE\"},{\"@type\":\"Organization\",\"@id\":\"https:\/\/lamisilonce.be\/nl\/#organization\",\"name\":\"Lamisil\",\"url\":\"https:\/\/lamisilonce.be\/nl\/\",\"logo\":{\"@type\":\"ImageObject\",\"inLanguage\":\"nl-BE\",\"@id\":\"https:\/\/lamisilonce.be\/nl\/#\/schema\/logo\/image\/\",\"url\":\"https:\/\/lamisilonce.be\/app\/uploads\/2024\/02\/Lamisil-logo.png\",\"contentUrl\":\"https:\/\/lamisilonce.be\/app\/uploads\/2024\/02\/Lamisil-logo.png\",\"width\":207,\"height\":32,\"caption\":\"Lamisil\"},\"image\":{\"@id\":\"https:\/\/lamisilonce.be\/nl\/#\/schema\/logo\/image\/\"}}]}<\/script>\n<!-- \/ Yoast SEO plugin. -->","yoast_head_json":{"title":"Behandelen &amp; voorkomen - Lamisil","description":"Lamisil producten bevatten terbinafine, een van de meest effectieve schimmeldodende ingredi\u00ebnten.","robots":{"index":"index","follow":"follow","max-snippet":"max-snippet:-1","max-image-preview":"max-image-preview:large","max-video-preview":"max-video-preview:-1"},"canonical":"https:\/\/lamisilonce.be\/nl\/voetschimmel\/behandelen-voorkomen\/","og_locale":"nl_BE","og_type":"article","og_title":"Behandelen &amp; voorkomen - Lamisil","og_description":"Lamisil producten bevatten terbinafine, een van de meest effectieve schimmeldodende ingredi\u00ebnten.","og_url":"https:\/\/lamisilonce.be\/nl\/voetschimmel\/behandelen-voorkomen\/","og_site_name":"Lamisil","article_modified_time":"2025-11-26T13:18:50+00:00","og_image":[{"url":"https:\/\/lamisilonce.be\/cdn-cgi\/image\/format=auto\/app\/uploads\/2025\/05\/background-treat-and-prevent.jpg","type":"","width":"","height":""}],"twitter_card":"summary_large_image","twitter_misc":{"Est. reading time":"4 minuten"},"schema":{"@context":"https:\/\/schema.org","@graph":[{"@type":"WebPage","@id":"https:\/\/lamisilonce.be\/nl\/voetschimmel\/behandelen-voorkomen\/","url":"https:\/\/lamisilonce.be\/nl\/voetschimmel\/behandelen-voorkomen\/","name":"Behandelen &amp; voorkomen - Lamisil","isPartOf":{"@id":"https:\/\/lamisilonce.be\/nl\/#website"},"primaryImageOfPage":{"@id":"https:\/\/lamisilonce.be\/nl\/voetschimmel\/behandelen-voorkomen\/#primaryimage"},"image":{"@id":"https:\/\/lamisilonce.be\/nl\/voetschimmel\/behandelen-voorkomen\/#primaryimage"},"thumbnailUrl":"https:\/\/lamisilonce.be\/cdn-cgi\/image\/format=auto\/app\/uploads\/2025\/05\/background-treat-and-prevent.jpg","datePublished":"2025-05-07T11:32:23+00:00","dateModified":"2025-11-26T13:18:50+00:00","description":"Lamisil producten bevatten terbinafine, een van de meest effectieve schimmeldodende ingredi\u00ebnten.","breadcrumb":{"@id":"https:\/\/lamisilonce.be\/nl\/voetschimmel\/behandelen-voorkomen\/#breadcrumb"},"inLanguage":"nl-BE","potentialAction":[{"@type":"ReadAction","target":["https:\/\/lamisilonce.be\/nl\/voetschimmel\/behandelen-voorkomen\/"]}]},{"@type":"ImageObject","inLanguage":"nl-BE","@id":"https:\/\/lamisilonce.be\/nl\/voetschimmel\/behandelen-voorkomen\/#primaryimage","url":"https:\/\/lamisilonce.be\/cdn-cgi\/image\/format=auto\/app\/uploads\/2025\/05\/background-treat-and-prevent.jpg","contentUrl":"https:\/\/lamisilonce.be\/cdn-cgi\/image\/format=auto\/app\/uploads\/2025\/05\/background-treat-and-prevent.jpg"},{"@type":"BreadcrumbList","@id":"https:\/\/lamisilonce.be\/nl\/voetschimmel\/behandelen-voorkomen\/#breadcrumb","itemListElement":[{"@type":"ListItem","position":1,"name":"Home","item":"https:\/\/lamisilonce.be\/nl\/"},{"@type":"ListItem","position":2,"name":"Voetschimmel","item":"https:\/\/lamisilonce.be\/nl\/voetschimmel\/"},{"@type":"ListItem","position":3,"name":"Behandelen &amp; voorkomen"}]},{"@type":"WebSite","@id":"https:\/\/lamisilonce.be\/nl\/#website","url":"https:\/\/lamisilonce.be\/nl\/","name":"Lamisil","description":"","publisher":{"@id":"https:\/\/lamisilonce.be\/nl\/#organization"},"potentialAction":[{"@type":"SearchAction","target":{"@type":"EntryPoint","urlTemplate":"https:\/\/lamisilonce.be\/nl\/?s={search_term_string}"},"query-input":{"@type":"PropertyValueSpecification","valueRequired":true,"valueName":"search_term_string"}}],"inLanguage":"nl-BE"},{"@type":"Organization","@id":"https:\/\/lamisilonce.be\/nl\/#organization","name":"Lamisil","url":"https:\/\/lamisilonce.be\/nl\/","logo":{"@type":"ImageObject","inLanguage":"nl-BE","@id":"https:\/\/lamisilonce.be\/nl\/#\/schema\/logo\/image\/","url":"https:\/\/lamisilonce.be\/app\/uploads\/2024\/02\/Lamisil-logo.png","contentUrl":"https:\/\/lamisilonce.be\/app\/uploads\/2024\/02\/Lamisil-logo.png","width":207,"height":32,"caption":"Lamisil"},"image":{"@id":"https:\/\/lamisilonce.be\/nl\/#\/schema\/logo\/image\/"}}]}},"_links":{"self":[{"href":"https:\/\/lamisilonce.be\/nl\/wp-json\/wp\/v2\/pages\/185","targetHints":{"allow":["GET"]}}],"collection":[{"href":"https:\/\/lamisilonce.be\/nl\/wp-json\/wp\/v2\/pages"}],"about":[{"href":"https:\/\/lamisilonce.be\/nl\/wp-json\/wp\/v2\/types\/page"}],"author":[{"embeddable":true,"href":"https:\/\/lamisilonce.be\/nl\/wp-json\/wp\/v2\/users\/2"}],"replies":[{"embeddable":true,"href":"https:\/\/lamisilonce.be\/nl\/wp-json\/wp\/v2\/comments?post=185"}],"version-history":[{"count":10,"href":"https:\/\/lamisilonce.be\/nl\/wp-json\/wp\/v2\/pages\/185\/revisions"}],"predecessor-version":[{"id":680,"href":"https:\/\/lamisilonce.be\/nl\/wp-json\/wp\/v2\/pages\/185\/revisions\/680"}],"up":[{"embeddable":true,"href":"https:\/\/lamisilonce.be\/nl\/wp-json\/wp\/v2\/pages\/142"}],"wp:attachment":[{"href":"https:\/\/lamisilonce.be\/nl\/wp-json\/wp\/v2\/media?parent=185"}],"wp:term":[{"taxonomy":"from-article-database","embeddable":true,"href":"https:\/\/lamisilonce.be\/nl\/wp-json\/wp\/v2\/from-article-database?post=185"}],"curies":[{"name":"wp","href":"https:\/\/api.w.org\/{rel}","templated":true}]}}