{"id":173,"date":"2025-05-07T09:52:01","date_gmt":"2025-05-07T09:52:01","guid":{"rendered":"https:\/\/lamisilonce.be\/?post_type=product&#038;p=173"},"modified":"2025-11-26T13:18:51","modified_gmt":"2025-11-26T13:18:51","slug":"lamisil-creme","status":"publish","type":"product","link":"https:\/\/lamisilonce.be\/nl\/product\/lamisil-creme\/","title":{"rendered":"Lamisil Cr\u00e8me"},"content":{"rendered":"\n<div class=\"wp-block-karopharma-product-promotion text-align-left pt-medium pb-medium bg-center bg-cover bg-no-repeat  is-style-secondary\" style=\"background-image:url()\"><div class=\"container max-w-large\">\n<div class=\"wp-block-group is-layout-flow wp-block-group-is-layout-flow\">\n<figure class=\"wp-block-karopharma-product-promotion-image product-promotion-image\"><img fetchpriority=\"high\" decoding=\"async\" datatest=\"image\" src=\"https:\/\/lamisilonce.be\/cdn-cgi\/image\/format=auto\/app\/uploads\/2025\/05\/cream.png\" loading=\"eager\" alt=\"cream\" width=\"683\" height=\"820\" srcset=\"https:\/\/lamisilonce.be\/cdn-cgi\/image\/format=auto,width=584\/app\/uploads\/2025\/05\/cream.png 584w, https:\/\/lamisilonce.be\/cdn-cgi\/image\/format=auto,width=272\/app\/uploads\/2025\/05\/cream.png 272w\" sizes=\"(max-width: 584px) 100vw, 584px\"\/><\/figure>\n<\/div>\n\n\n\n<div class=\"wp-block-group is-layout-flow wp-block-group-is-layout-flow\">\n<h2 class=\"wp-block-heading heading is-style-heading-h2\">Gebruik van Lamisil Cr\u00e8me<\/h2>\n\n\n\n<p>Lamisil Cr\u00e8me is effectief tegen voetschimmel, schimmelinfecties van het huidplooien en schimmelinfecties van het huidoppervlak. Lamisil Cr\u00e8me doodt niet alleen de schimmel. De cr\u00e8me kan gemakkelijk worden aangebracht op de aangetaste huidzones.<\/p>\n\n\n\n<ul class=\"wp-block-list is-style-icon\">\n<li>De ge\u00efnfecteerde huid zorgvuldig reinigen en afdrogen alvorens de cr\u00e8me aan te brengen. Een dun laagje van de cr\u00e8me aanbrengen op de aangetaste en omliggende zone en zachtjes inwrijven.<\/li>\n\n\n\n<li>Doe een kleine hoeveelheid Lamisil Cr\u00e8me op je vingers en breng de cr\u00e8me dun aan op de aangetaste huid en de direct omliggende gebieden.<\/li>\n\n\n\n<li>Lamisil 1% cr\u00e8me moet eenmaal per dag worden aangebracht bij de volgende indicaties: Tinea pedis, Tinea manuum, Tinea cruris en Tinea corporis. De <strong>behandeling duurt \u00e9\u00e9n week<\/strong>. In geval van <strong>Pityriasis versicolor en huidcandidose<\/strong> moet Lamisil 1% cr\u00e8me <strong>\u00e9\u00e9n- of tweemaal per dag gedurende twee weken<\/strong> worden aangebracht.<\/li>\n<\/ul>\n\n\n\n<div class=\"wp-block-buttons is-layout-flex wp-block-buttons-is-layout-flex\"><\/div>\n<\/div>\n<\/div><\/div>\n\n\n\n<div class=\"wp-block-karopharma-free-text pt-large pb-small bg-center bg-cover bg-no-repeat\" style=\"background-image:url()\"><div class=\"free-text-wrapper container max-w-medium text-left\">\n<h2 class=\"wp-block-heading has-text-align-center is-style-heading-h2\">Andere geneesmiddelen voor de behandeling van voet- &amp; huidschimmel<\/h2>\n<\/div><\/div>\n","protected":false},"excerpt":{"rendered":"<p>Tegen voetschimmel, schimmelinfecties van het huidoppervlak en schimmelinfecties van het huidplooien:<br \/>1. Doodt de schimmel <br \/>2. Verlicht de symptomen <\/p>\n","protected":false},"featured_media":423,"comment_status":"closed","ping_status":"closed","template":"","meta":{"_acf_changed":false,"footnotes":""},"product_brand":[],"product_cat":[],"product_tag":[],"class_list":{"0":"post-173","1":"product","2":"type-product","3":"status-publish","4":"has-post-thumbnail","7":"first","8":"instock","9":"shipping-taxable","10":"product-type-simple"},"acf":[],"yoast_head":"<!-- This site is optimized with the Yoast SEO plugin v26.6 - https:\/\/yoast.com\/wordpress\/plugins\/seo\/ -->\n<title>Lamisil Cr\u00e8me - Lamisil<\/title>\n<meta name=\"description\" content=\"Lamisil Cr\u00e8me is effectief tegen voetschimmel, schimmelinfecties van het huidplooien en schimmelinfecties van het huidoppervlak. Lamisil Cr\u00e8me doodt niet alleen de schimmel, maar voedt ook de droge en beschadigde huid.\" \/>\n<meta name=\"robots\" content=\"index, follow, max-snippet:-1, max-image-preview:large, max-video-preview:-1\" \/>\n<link rel=\"canonical\" href=\"https:\/\/lamisilonce.be\/nl\/product\/lamisil-creme\/\" \/>\n<meta property=\"og:locale\" content=\"nl_BE\" \/>\n<meta property=\"og:type\" content=\"article\" \/>\n<meta property=\"og:title\" content=\"Lamisil Cr\u00e8me - Lamisil\" \/>\n<meta property=\"og:description\" content=\"Lamisil Cr\u00e8me is effectief tegen voetschimmel, schimmelinfecties van het huidplooien en schimmelinfecties van het huidoppervlak. Lamisil Cr\u00e8me doodt niet alleen de schimmel, maar voedt ook de droge en beschadigde huid.\" \/>\n<meta property=\"og:url\" content=\"https:\/\/lamisilonce.be\/nl\/product\/lamisil-creme\/\" \/>\n<meta property=\"og:site_name\" content=\"Lamisil\" \/>\n<meta property=\"article:modified_time\" content=\"2025-11-26T13:18:51+00:00\" \/>\n<meta property=\"og:image\" content=\"https:\/\/lamisilonce.be\/app\/uploads\/2025\/05\/Lamisil-Cream-15g.png\" \/>\n\t<meta property=\"og:image:width\" content=\"700\" \/>\n\t<meta property=\"og:image:height\" content=\"700\" \/>\n\t<meta property=\"og:image:type\" content=\"image\/png\" \/>\n<meta name=\"twitter:card\" content=\"summary_large_image\" \/>\n<meta name=\"twitter:label1\" content=\"Est. reading time\" \/>\n\t<meta name=\"twitter:data1\" content=\"2 minuten\" \/>\n<script type=\"application\/ld+json\" class=\"yoast-schema-graph\">{\"@context\":\"https:\/\/schema.org\",\"@graph\":[{\"@type\":\"WebPage\",\"@id\":\"https:\/\/lamisilonce.be\/nl\/product\/lamisil-creme\/\",\"url\":\"https:\/\/lamisilonce.be\/nl\/product\/lamisil-creme\/\",\"name\":\"Lamisil Cr\u00e8me - Lamisil\",\"isPartOf\":{\"@id\":\"https:\/\/lamisilonce.be\/nl\/#website\"},\"primaryImageOfPage\":{\"@id\":\"https:\/\/lamisilonce.be\/nl\/product\/lamisil-creme\/#primaryimage\"},\"image\":{\"@id\":\"https:\/\/lamisilonce.be\/nl\/product\/lamisil-creme\/#primaryimage\"},\"thumbnailUrl\":\"https:\/\/lamisilonce.be\/app\/uploads\/2025\/05\/Lamisil-Cream-15g.png\",\"datePublished\":\"2025-05-07T09:52:01+00:00\",\"dateModified\":\"2025-11-26T13:18:51+00:00\",\"description\":\"Lamisil Cr\u00e8me is effectief tegen voetschimmel, schimmelinfecties van het huidplooien en schimmelinfecties van het huidoppervlak. Lamisil Cr\u00e8me doodt niet alleen de schimmel, maar voedt ook de droge en beschadigde huid.\",\"breadcrumb\":{\"@id\":\"https:\/\/lamisilonce.be\/nl\/product\/lamisil-creme\/#breadcrumb\"},\"inLanguage\":\"nl-BE\",\"potentialAction\":[{\"@type\":\"ReadAction\",\"target\":[\"https:\/\/lamisilonce.be\/nl\/product\/lamisil-creme\/\"]}]},{\"@type\":\"ImageObject\",\"inLanguage\":\"nl-BE\",\"@id\":\"https:\/\/lamisilonce.be\/nl\/product\/lamisil-creme\/#primaryimage\",\"url\":\"https:\/\/lamisilonce.be\/app\/uploads\/2025\/05\/Lamisil-Cream-15g.png\",\"contentUrl\":\"https:\/\/lamisilonce.be\/app\/uploads\/2025\/05\/Lamisil-Cream-15g.png\",\"width\":700,\"height\":700,\"caption\":\"Lamisil Cr\u00e8me\"},{\"@type\":\"BreadcrumbList\",\"@id\":\"https:\/\/lamisilonce.be\/nl\/product\/lamisil-creme\/#breadcrumb\",\"itemListElement\":[{\"@type\":\"ListItem\",\"position\":1,\"name\":\"Home\",\"item\":\"https:\/\/lamisilonce.be\/nl\/\"},{\"@type\":\"ListItem\",\"position\":2,\"name\":\"Geneesmiddelen\",\"item\":\"https:\/\/lamisilonce.be\/fr\/medicaments\/\"},{\"@type\":\"ListItem\",\"position\":3,\"name\":\"Lamisil Cr\u00e8me\"}]},{\"@type\":\"WebSite\",\"@id\":\"https:\/\/lamisilonce.be\/nl\/#website\",\"url\":\"https:\/\/lamisilonce.be\/nl\/\",\"name\":\"Lamisil\",\"description\":\"\",\"publisher\":{\"@id\":\"https:\/\/lamisilonce.be\/nl\/#organization\"},\"potentialAction\":[{\"@type\":\"SearchAction\",\"target\":{\"@type\":\"EntryPoint\",\"urlTemplate\":\"https:\/\/lamisilonce.be\/nl\/?s={search_term_string}\"},\"query-input\":{\"@type\":\"PropertyValueSpecification\",\"valueRequired\":true,\"valueName\":\"search_term_string\"}}],\"inLanguage\":\"nl-BE\"},{\"@type\":\"Organization\",\"@id\":\"https:\/\/lamisilonce.be\/nl\/#organization\",\"name\":\"Lamisil\",\"url\":\"https:\/\/lamisilonce.be\/nl\/\",\"logo\":{\"@type\":\"ImageObject\",\"inLanguage\":\"nl-BE\",\"@id\":\"https:\/\/lamisilonce.be\/nl\/#\/schema\/logo\/image\/\",\"url\":\"https:\/\/lamisilonce.be\/app\/uploads\/2024\/02\/Lamisil-logo.png\",\"contentUrl\":\"https:\/\/lamisilonce.be\/app\/uploads\/2024\/02\/Lamisil-logo.png\",\"width\":207,\"height\":32,\"caption\":\"Lamisil\"},\"image\":{\"@id\":\"https:\/\/lamisilonce.be\/nl\/#\/schema\/logo\/image\/\"}}]}<\/script>\n<!-- \/ Yoast SEO plugin. -->","yoast_head_json":{"title":"Lamisil Cr\u00e8me - Lamisil","description":"Lamisil Cr\u00e8me is effectief tegen voetschimmel, schimmelinfecties van het huidplooien en schimmelinfecties van het huidoppervlak. Lamisil Cr\u00e8me doodt niet alleen de schimmel, maar voedt ook de droge en beschadigde huid.","robots":{"index":"index","follow":"follow","max-snippet":"max-snippet:-1","max-image-preview":"max-image-preview:large","max-video-preview":"max-video-preview:-1"},"canonical":"https:\/\/lamisilonce.be\/nl\/product\/lamisil-creme\/","og_locale":"nl_BE","og_type":"article","og_title":"Lamisil Cr\u00e8me - Lamisil","og_description":"Lamisil Cr\u00e8me is effectief tegen voetschimmel, schimmelinfecties van het huidplooien en schimmelinfecties van het huidoppervlak. Lamisil Cr\u00e8me doodt niet alleen de schimmel, maar voedt ook de droge en beschadigde huid.","og_url":"https:\/\/lamisilonce.be\/nl\/product\/lamisil-creme\/","og_site_name":"Lamisil","article_modified_time":"2025-11-26T13:18:51+00:00","og_image":[{"width":700,"height":700,"url":"https:\/\/lamisilonce.be\/app\/uploads\/2025\/05\/Lamisil-Cream-15g.png","type":"image\/png"}],"twitter_card":"summary_large_image","twitter_misc":{"Est. reading time":"2 minuten"},"schema":{"@context":"https:\/\/schema.org","@graph":[{"@type":"WebPage","@id":"https:\/\/lamisilonce.be\/nl\/product\/lamisil-creme\/","url":"https:\/\/lamisilonce.be\/nl\/product\/lamisil-creme\/","name":"Lamisil Cr\u00e8me - Lamisil","isPartOf":{"@id":"https:\/\/lamisilonce.be\/nl\/#website"},"primaryImageOfPage":{"@id":"https:\/\/lamisilonce.be\/nl\/product\/lamisil-creme\/#primaryimage"},"image":{"@id":"https:\/\/lamisilonce.be\/nl\/product\/lamisil-creme\/#primaryimage"},"thumbnailUrl":"https:\/\/lamisilonce.be\/app\/uploads\/2025\/05\/Lamisil-Cream-15g.png","datePublished":"2025-05-07T09:52:01+00:00","dateModified":"2025-11-26T13:18:51+00:00","description":"Lamisil Cr\u00e8me is effectief tegen voetschimmel, schimmelinfecties van het huidplooien en schimmelinfecties van het huidoppervlak. Lamisil Cr\u00e8me doodt niet alleen de schimmel, maar voedt ook de droge en beschadigde huid.","breadcrumb":{"@id":"https:\/\/lamisilonce.be\/nl\/product\/lamisil-creme\/#breadcrumb"},"inLanguage":"nl-BE","potentialAction":[{"@type":"ReadAction","target":["https:\/\/lamisilonce.be\/nl\/product\/lamisil-creme\/"]}]},{"@type":"ImageObject","inLanguage":"nl-BE","@id":"https:\/\/lamisilonce.be\/nl\/product\/lamisil-creme\/#primaryimage","url":"https:\/\/lamisilonce.be\/app\/uploads\/2025\/05\/Lamisil-Cream-15g.png","contentUrl":"https:\/\/lamisilonce.be\/app\/uploads\/2025\/05\/Lamisil-Cream-15g.png","width":700,"height":700,"caption":"Lamisil Cr\u00e8me"},{"@type":"BreadcrumbList","@id":"https:\/\/lamisilonce.be\/nl\/product\/lamisil-creme\/#breadcrumb","itemListElement":[{"@type":"ListItem","position":1,"name":"Home","item":"https:\/\/lamisilonce.be\/nl\/"},{"@type":"ListItem","position":2,"name":"Geneesmiddelen","item":"https:\/\/lamisilonce.be\/fr\/medicaments\/"},{"@type":"ListItem","position":3,"name":"Lamisil Cr\u00e8me"}]},{"@type":"WebSite","@id":"https:\/\/lamisilonce.be\/nl\/#website","url":"https:\/\/lamisilonce.be\/nl\/","name":"Lamisil","description":"","publisher":{"@id":"https:\/\/lamisilonce.be\/nl\/#organization"},"potentialAction":[{"@type":"SearchAction","target":{"@type":"EntryPoint","urlTemplate":"https:\/\/lamisilonce.be\/nl\/?s={search_term_string}"},"query-input":{"@type":"PropertyValueSpecification","valueRequired":true,"valueName":"search_term_string"}}],"inLanguage":"nl-BE"},{"@type":"Organization","@id":"https:\/\/lamisilonce.be\/nl\/#organization","name":"Lamisil","url":"https:\/\/lamisilonce.be\/nl\/","logo":{"@type":"ImageObject","inLanguage":"nl-BE","@id":"https:\/\/lamisilonce.be\/nl\/#\/schema\/logo\/image\/","url":"https:\/\/lamisilonce.be\/app\/uploads\/2024\/02\/Lamisil-logo.png","contentUrl":"https:\/\/lamisilonce.be\/app\/uploads\/2024\/02\/Lamisil-logo.png","width":207,"height":32,"caption":"Lamisil"},"image":{"@id":"https:\/\/lamisilonce.be\/nl\/#\/schema\/logo\/image\/"}}]}},"_links":{"self":[{"href":"https:\/\/lamisilonce.be\/nl\/wp-json\/wp\/v2\/product\/173","targetHints":{"allow":["GET"]}}],"collection":[{"href":"https:\/\/lamisilonce.be\/nl\/wp-json\/wp\/v2\/product"}],"about":[{"href":"https:\/\/lamisilonce.be\/nl\/wp-json\/wp\/v2\/types\/product"}],"replies":[{"embeddable":true,"href":"https:\/\/lamisilonce.be\/nl\/wp-json\/wp\/v2\/comments?post=173"}],"version-history":[{"count":9,"href":"https:\/\/lamisilonce.be\/nl\/wp-json\/wp\/v2\/product\/173\/revisions"}],"predecessor-version":[{"id":655,"href":"https:\/\/lamisilonce.be\/nl\/wp-json\/wp\/v2\/product\/173\/revisions\/655"}],"wp:featuredmedia":[{"embeddable":true,"href":"https:\/\/lamisilonce.be\/nl\/wp-json\/wp\/v2\/media\/423"}],"wp:attachment":[{"href":"https:\/\/lamisilonce.be\/nl\/wp-json\/wp\/v2\/media?parent=173"}],"wp:term":[{"taxonomy":"product_brand","embeddable":true,"href":"https:\/\/lamisilonce.be\/nl\/wp-json\/wp\/v2\/product_brand?post=173"},{"taxonomy":"product_cat","embeddable":true,"href":"https:\/\/lamisilonce.be\/nl\/wp-json\/wp\/v2\/product_cat?post=173"},{"taxonomy":"product_tag","embeddable":true,"href":"https:\/\/lamisilonce.be\/nl\/wp-json\/wp\/v2\/product_tag?post=173"}],"curies":[{"name":"wp","href":"https:\/\/api.w.org\/{rel}","templated":true}]}}