{"id":175,"date":"2025-05-07T09:52:29","date_gmt":"2025-05-07T09:52:29","guid":{"rendered":"https:\/\/lamisilonce.be\/?post_type=product&#038;p=175"},"modified":"2025-11-26T13:18:51","modified_gmt":"2025-11-26T13:18:51","slug":"lamisil-once","status":"publish","type":"product","link":"https:\/\/lamisilonce.be\/nl\/product\/lamisil-once\/","title":{"rendered":"Lamisil Once"},"content":{"rendered":"\n<div class=\"wp-block-karopharma-product-promotion text-align-left pt-medium pb-medium bg-center bg-cover bg-no-repeat  is-style-secondary\" style=\"background-image:url()\"><div class=\"container max-w-large\">\n<div class=\"wp-block-group is-layout-flow wp-block-group-is-layout-flow\">\n<figure class=\"wp-block-karopharma-product-promotion-image product-promotion-image\"><img fetchpriority=\"high\" decoding=\"async\" datatest=\"image\" src=\"https:\/\/lamisilonce.be\/cdn-cgi\/image\/format=auto\/app\/uploads\/2025\/05\/once-img.png\" loading=\"eager\" alt=\"once-img\" width=\"683\" height=\"820\" srcset=\"https:\/\/lamisilonce.be\/cdn-cgi\/image\/format=auto,width=584\/app\/uploads\/2025\/05\/once-img.png 584w, https:\/\/lamisilonce.be\/cdn-cgi\/image\/format=auto,width=272\/app\/uploads\/2025\/05\/once-img.png 272w\" sizes=\"(max-width: 584px) 100vw, 584px\"\/><\/figure>\n<\/div>\n\n\n\n<div class=\"wp-block-group is-layout-flow wp-block-group-is-layout-flow\">\n<h2 class=\"wp-block-heading heading is-style-heading-h2\">Waarom is een eenmalige behandeling voldoende?<\/h2>\n\n\n\n<p>Het geneesmiddel dient 1 \u00e0 2 minuten te drogen tot er een film is gevormd die het actieve ingredi\u00ebnt terbinafine in de onderliggende huidlagen afgeeft.<\/p>\n\n\n\n<p>De werking van Lamisil Once zorgt ervoor dat de terbinafine zich concentreert in de aangetaste huidzones. Het blijft tot 13 dagen na het aanbrengen in de huid en is effectief tegen voetschimmel.<\/p>\n\n\n\n<p>Het actieve ingredi\u00ebnt in Lamisil (terbinafine) doodt de schimmel en werkt dus onafhankelijk van het vernieuwingsproces van de huid. In het geval van Lamisil Once is zelfs in \u00e9\u00e9n keer aanbrengen voldoende voor voetschimmel tussen de tenen. Met Lamisil Once blijft het actieve ingredi\u00ebnt tot 13 dagen in de huid en blijft het daar de schimmel bestrijden.<\/p>\n\n\n\n<div class=\"wp-block-buttons is-layout-flex wp-block-buttons-is-layout-flex\"><\/div>\n<\/div>\n<\/div><\/div>\n\n\n\n<div class=\"wp-block-karopharma-free-text pt-large pb-small bg-center bg-cover bg-no-repeat\" style=\"background-image:url()\"><div class=\"free-text-wrapper container max-w-medium text-left\">\n<h2 class=\"wp-block-heading is-style-heading-h2\">Gebruik van Lamisil Once<\/h2>\n\n\n\n<p>Was beide voeten en vooral de ge\u00efnfecteerde huidzones met warm water en zeep en droog ze daarna goed af. Was en droog je handen voordat je Lamisil Once aanbrengt.<\/p>\n\n\n\n<p>Verwijder het dopje en behandel beide voeten, gebruik ongeveer de helft van de tube voor elke voet, zoveel als nodig is om de hele voet te bedekken. Breng het geneesmiddel \u00e9\u00e9n voet per keer aan.<\/p>\n\n\n\n<p><strong>Breng de gel aan op beide voeten met je vingers volgens de volgende instructies:<\/strong><\/p>\n\n\n\n<ol class=\"wp-block-list is-style-default\">\n<li>Begin met het aanbrengen van de gel tussen, onder en bovenop alle tenen. Ga verder met de zool en de zijkanten van de voet. Niet in de huid masseren.<\/li>\n\n\n\n<li>Behandel de andere voet op dezelfde manier, zelfs als de huid er gezond uitziet. Dit is om ervoor te zorgen dat je echt van de schimmel afkomt &#8211; de andere voet kan ge\u00efnfecteerd zijn, zelfs als het niet zichtbaar is.<\/li>\n\n\n\n<li>Laat de gel 1-2 minuten drogen voordat je sokken of schoenen aantrekt.<\/li>\n\n\n\n<li>Was je handen met warm water en zeep na de behandeling.<\/li>\n\n\n\n<li>Was je voeten niet gedurende 24 uur na de behandeling.<\/li>\n<\/ol>\n\n\n\n<div style=\"height:30px\" aria-hidden=\"true\" class=\"wp-block-spacer\"><\/div>\n\n\n\n<h2 class=\"wp-block-heading has-text-align-center is-style-heading-h2\">Andere geneesmiddelen voor behandeling van voet- &amp; huidschimmel<\/h2>\n<\/div><\/div>\n","protected":false},"excerpt":{"rendered":"<p>Behandelt en vergeet: <br \/> E\u00e9n keer aanbrengen &#8211; werkt tot 13 dagen. <br \/> Helpt tegen voetschimmel na slechts \u00e9\u00e9n keer aanbrengen.<\/p>\n","protected":false},"featured_media":426,"comment_status":"closed","ping_status":"closed","template":"","meta":{"_acf_changed":false,"footnotes":""},"product_brand":[],"product_cat":[],"product_tag":[],"class_list":{"0":"post-175","1":"product","2":"type-product","3":"status-publish","4":"has-post-thumbnail","7":"first","8":"instock","9":"shipping-taxable","10":"product-type-simple"},"acf":[],"yoast_head":"<!-- This site is optimized with the Yoast SEO plugin v26.6 - https:\/\/yoast.com\/wordpress\/plugins\/seo\/ -->\n<title>Lamisil Once - Lamisil<\/title>\n<meta name=\"description\" content=\"Lamisil Once is een eenmalige behandeling tegen voetschimmel. Het doodt de schimmels die de voetschimmel veroorzaken.\" \/>\n<meta name=\"robots\" content=\"index, follow, max-snippet:-1, max-image-preview:large, max-video-preview:-1\" \/>\n<link rel=\"canonical\" href=\"https:\/\/lamisilonce.be\/nl\/product\/lamisil-once\/\" \/>\n<meta property=\"og:locale\" content=\"nl_BE\" \/>\n<meta property=\"og:type\" content=\"article\" \/>\n<meta property=\"og:title\" content=\"Lamisil Once - Lamisil\" \/>\n<meta property=\"og:description\" content=\"Lamisil Once is een eenmalige behandeling tegen voetschimmel. Het doodt de schimmels die de voetschimmel veroorzaken.\" \/>\n<meta property=\"og:url\" content=\"https:\/\/lamisilonce.be\/nl\/product\/lamisil-once\/\" \/>\n<meta property=\"og:site_name\" content=\"Lamisil\" \/>\n<meta property=\"article:modified_time\" content=\"2025-11-26T13:18:51+00:00\" \/>\n<meta property=\"og:image\" content=\"https:\/\/lamisilonce.be\/app\/uploads\/2025\/05\/Box-Tube-ONCE-BE_LU.png\" \/>\n\t<meta property=\"og:image:width\" content=\"700\" \/>\n\t<meta property=\"og:image:height\" content=\"700\" \/>\n\t<meta property=\"og:image:type\" content=\"image\/png\" \/>\n<meta name=\"twitter:card\" content=\"summary_large_image\" \/>\n<meta name=\"twitter:label1\" content=\"Est. reading time\" \/>\n\t<meta name=\"twitter:data1\" content=\"2 minuten\" \/>\n<script type=\"application\/ld+json\" class=\"yoast-schema-graph\">{\"@context\":\"https:\/\/schema.org\",\"@graph\":[{\"@type\":\"WebPage\",\"@id\":\"https:\/\/lamisilonce.be\/nl\/product\/lamisil-once\/\",\"url\":\"https:\/\/lamisilonce.be\/nl\/product\/lamisil-once\/\",\"name\":\"Lamisil Once - Lamisil\",\"isPartOf\":{\"@id\":\"https:\/\/lamisilonce.be\/nl\/#website\"},\"primaryImageOfPage\":{\"@id\":\"https:\/\/lamisilonce.be\/nl\/product\/lamisil-once\/#primaryimage\"},\"image\":{\"@id\":\"https:\/\/lamisilonce.be\/nl\/product\/lamisil-once\/#primaryimage\"},\"thumbnailUrl\":\"https:\/\/lamisilonce.be\/app\/uploads\/2025\/05\/Box-Tube-ONCE-BE_LU.png\",\"datePublished\":\"2025-05-07T09:52:29+00:00\",\"dateModified\":\"2025-11-26T13:18:51+00:00\",\"description\":\"Lamisil Once is een eenmalige behandeling tegen voetschimmel. Het doodt de schimmels die de voetschimmel veroorzaken.\",\"breadcrumb\":{\"@id\":\"https:\/\/lamisilonce.be\/nl\/product\/lamisil-once\/#breadcrumb\"},\"inLanguage\":\"nl-BE\",\"potentialAction\":[{\"@type\":\"ReadAction\",\"target\":[\"https:\/\/lamisilonce.be\/nl\/product\/lamisil-once\/\"]}]},{\"@type\":\"ImageObject\",\"inLanguage\":\"nl-BE\",\"@id\":\"https:\/\/lamisilonce.be\/nl\/product\/lamisil-once\/#primaryimage\",\"url\":\"https:\/\/lamisilonce.be\/app\/uploads\/2025\/05\/Box-Tube-ONCE-BE_LU.png\",\"contentUrl\":\"https:\/\/lamisilonce.be\/app\/uploads\/2025\/05\/Box-Tube-ONCE-BE_LU.png\",\"width\":700,\"height\":700,\"caption\":\"Lamisil Once\"},{\"@type\":\"BreadcrumbList\",\"@id\":\"https:\/\/lamisilonce.be\/nl\/product\/lamisil-once\/#breadcrumb\",\"itemListElement\":[{\"@type\":\"ListItem\",\"position\":1,\"name\":\"Home\",\"item\":\"https:\/\/lamisilonce.be\/nl\/\"},{\"@type\":\"ListItem\",\"position\":2,\"name\":\"Geneesmiddelen\",\"item\":\"https:\/\/lamisilonce.be\/fr\/medicaments\/\"},{\"@type\":\"ListItem\",\"position\":3,\"name\":\"Lamisil Once\"}]},{\"@type\":\"WebSite\",\"@id\":\"https:\/\/lamisilonce.be\/nl\/#website\",\"url\":\"https:\/\/lamisilonce.be\/nl\/\",\"name\":\"Lamisil\",\"description\":\"\",\"publisher\":{\"@id\":\"https:\/\/lamisilonce.be\/nl\/#organization\"},\"potentialAction\":[{\"@type\":\"SearchAction\",\"target\":{\"@type\":\"EntryPoint\",\"urlTemplate\":\"https:\/\/lamisilonce.be\/nl\/?s={search_term_string}\"},\"query-input\":{\"@type\":\"PropertyValueSpecification\",\"valueRequired\":true,\"valueName\":\"search_term_string\"}}],\"inLanguage\":\"nl-BE\"},{\"@type\":\"Organization\",\"@id\":\"https:\/\/lamisilonce.be\/nl\/#organization\",\"name\":\"Lamisil\",\"url\":\"https:\/\/lamisilonce.be\/nl\/\",\"logo\":{\"@type\":\"ImageObject\",\"inLanguage\":\"nl-BE\",\"@id\":\"https:\/\/lamisilonce.be\/nl\/#\/schema\/logo\/image\/\",\"url\":\"https:\/\/lamisilonce.be\/app\/uploads\/2024\/02\/Lamisil-logo.png\",\"contentUrl\":\"https:\/\/lamisilonce.be\/app\/uploads\/2024\/02\/Lamisil-logo.png\",\"width\":207,\"height\":32,\"caption\":\"Lamisil\"},\"image\":{\"@id\":\"https:\/\/lamisilonce.be\/nl\/#\/schema\/logo\/image\/\"}}]}<\/script>\n<!-- \/ Yoast SEO plugin. -->","yoast_head_json":{"title":"Lamisil Once - Lamisil","description":"Lamisil Once is een eenmalige behandeling tegen voetschimmel. Het doodt de schimmels die de voetschimmel veroorzaken.","robots":{"index":"index","follow":"follow","max-snippet":"max-snippet:-1","max-image-preview":"max-image-preview:large","max-video-preview":"max-video-preview:-1"},"canonical":"https:\/\/lamisilonce.be\/nl\/product\/lamisil-once\/","og_locale":"nl_BE","og_type":"article","og_title":"Lamisil Once - Lamisil","og_description":"Lamisil Once is een eenmalige behandeling tegen voetschimmel. Het doodt de schimmels die de voetschimmel veroorzaken.","og_url":"https:\/\/lamisilonce.be\/nl\/product\/lamisil-once\/","og_site_name":"Lamisil","article_modified_time":"2025-11-26T13:18:51+00:00","og_image":[{"width":700,"height":700,"url":"https:\/\/lamisilonce.be\/app\/uploads\/2025\/05\/Box-Tube-ONCE-BE_LU.png","type":"image\/png"}],"twitter_card":"summary_large_image","twitter_misc":{"Est. reading time":"2 minuten"},"schema":{"@context":"https:\/\/schema.org","@graph":[{"@type":"WebPage","@id":"https:\/\/lamisilonce.be\/nl\/product\/lamisil-once\/","url":"https:\/\/lamisilonce.be\/nl\/product\/lamisil-once\/","name":"Lamisil Once - Lamisil","isPartOf":{"@id":"https:\/\/lamisilonce.be\/nl\/#website"},"primaryImageOfPage":{"@id":"https:\/\/lamisilonce.be\/nl\/product\/lamisil-once\/#primaryimage"},"image":{"@id":"https:\/\/lamisilonce.be\/nl\/product\/lamisil-once\/#primaryimage"},"thumbnailUrl":"https:\/\/lamisilonce.be\/app\/uploads\/2025\/05\/Box-Tube-ONCE-BE_LU.png","datePublished":"2025-05-07T09:52:29+00:00","dateModified":"2025-11-26T13:18:51+00:00","description":"Lamisil Once is een eenmalige behandeling tegen voetschimmel. Het doodt de schimmels die de voetschimmel veroorzaken.","breadcrumb":{"@id":"https:\/\/lamisilonce.be\/nl\/product\/lamisil-once\/#breadcrumb"},"inLanguage":"nl-BE","potentialAction":[{"@type":"ReadAction","target":["https:\/\/lamisilonce.be\/nl\/product\/lamisil-once\/"]}]},{"@type":"ImageObject","inLanguage":"nl-BE","@id":"https:\/\/lamisilonce.be\/nl\/product\/lamisil-once\/#primaryimage","url":"https:\/\/lamisilonce.be\/app\/uploads\/2025\/05\/Box-Tube-ONCE-BE_LU.png","contentUrl":"https:\/\/lamisilonce.be\/app\/uploads\/2025\/05\/Box-Tube-ONCE-BE_LU.png","width":700,"height":700,"caption":"Lamisil Once"},{"@type":"BreadcrumbList","@id":"https:\/\/lamisilonce.be\/nl\/product\/lamisil-once\/#breadcrumb","itemListElement":[{"@type":"ListItem","position":1,"name":"Home","item":"https:\/\/lamisilonce.be\/nl\/"},{"@type":"ListItem","position":2,"name":"Geneesmiddelen","item":"https:\/\/lamisilonce.be\/fr\/medicaments\/"},{"@type":"ListItem","position":3,"name":"Lamisil Once"}]},{"@type":"WebSite","@id":"https:\/\/lamisilonce.be\/nl\/#website","url":"https:\/\/lamisilonce.be\/nl\/","name":"Lamisil","description":"","publisher":{"@id":"https:\/\/lamisilonce.be\/nl\/#organization"},"potentialAction":[{"@type":"SearchAction","target":{"@type":"EntryPoint","urlTemplate":"https:\/\/lamisilonce.be\/nl\/?s={search_term_string}"},"query-input":{"@type":"PropertyValueSpecification","valueRequired":true,"valueName":"search_term_string"}}],"inLanguage":"nl-BE"},{"@type":"Organization","@id":"https:\/\/lamisilonce.be\/nl\/#organization","name":"Lamisil","url":"https:\/\/lamisilonce.be\/nl\/","logo":{"@type":"ImageObject","inLanguage":"nl-BE","@id":"https:\/\/lamisilonce.be\/nl\/#\/schema\/logo\/image\/","url":"https:\/\/lamisilonce.be\/app\/uploads\/2024\/02\/Lamisil-logo.png","contentUrl":"https:\/\/lamisilonce.be\/app\/uploads\/2024\/02\/Lamisil-logo.png","width":207,"height":32,"caption":"Lamisil"},"image":{"@id":"https:\/\/lamisilonce.be\/nl\/#\/schema\/logo\/image\/"}}]}},"_links":{"self":[{"href":"https:\/\/lamisilonce.be\/nl\/wp-json\/wp\/v2\/product\/175","targetHints":{"allow":["GET"]}}],"collection":[{"href":"https:\/\/lamisilonce.be\/nl\/wp-json\/wp\/v2\/product"}],"about":[{"href":"https:\/\/lamisilonce.be\/nl\/wp-json\/wp\/v2\/types\/product"}],"replies":[{"embeddable":true,"href":"https:\/\/lamisilonce.be\/nl\/wp-json\/wp\/v2\/comments?post=175"}],"version-history":[{"count":10,"href":"https:\/\/lamisilonce.be\/nl\/wp-json\/wp\/v2\/product\/175\/revisions"}],"predecessor-version":[{"id":684,"href":"https:\/\/lamisilonce.be\/nl\/wp-json\/wp\/v2\/product\/175\/revisions\/684"}],"wp:featuredmedia":[{"embeddable":true,"href":"https:\/\/lamisilonce.be\/nl\/wp-json\/wp\/v2\/media\/426"}],"wp:attachment":[{"href":"https:\/\/lamisilonce.be\/nl\/wp-json\/wp\/v2\/media?parent=175"}],"wp:term":[{"taxonomy":"product_brand","embeddable":true,"href":"https:\/\/lamisilonce.be\/nl\/wp-json\/wp\/v2\/product_brand?post=175"},{"taxonomy":"product_cat","embeddable":true,"href":"https:\/\/lamisilonce.be\/nl\/wp-json\/wp\/v2\/product_cat?post=175"},{"taxonomy":"product_tag","embeddable":true,"href":"https:\/\/lamisilonce.be\/nl\/wp-json\/wp\/v2\/product_tag?post=175"}],"curies":[{"name":"wp","href":"https:\/\/api.w.org\/{rel}","templated":true}]}}